{"id":2003,"date":"2025-04-18T03:55:45","date_gmt":"2025-04-18T01:55:45","guid":{"rendered":"https:\/\/www.regionalis.shop\/huizbirn\/product\/holz-rollerpen-zwetschke-rollerball-kugelschreiber-pen-handmade\/"},"modified":"2025-04-18T03:55:45","modified_gmt":"2025-04-18T01:55:45","slug":"holz-rollerpen-zwetschke-rollerball-kugelschreiber-pen-handmade","status":"publish","type":"product","link":"https:\/\/www.regionalis.shop\/huizbirn\/shop\/holz-rollerpen-zwetschke-rollerball-kugelschreiber-pen-handmade\/","title":{"rendered":"Holz Rollerpen Zwetschke Rollerball Kugelschreiber Pen handmade"},"content":{"rendered":"<p>Handgearbeiteter Rollerpen handgefertigt aus \u00f6sterreichischem Zwetschkenholz.<br \/>\nDas Holz stammt aus \u00d6sterreich. Genauer gesagt aus dem oststeirischen Wechselland.<\/p>\n<p>Ein absolutes Unikat!<\/p>\n<p>Details:<br \/>\n&#8211; L\u00e4nge ca. 13.5 cm, Bausatz Farbe 24 vergoldet<br \/>\n&#8211; Mine problemlos wechselbar<br \/>\n&#8211; Tintenfarbe schwarz<br \/>\n&#8211; Lieferung erfolgt im handgefertigtem Stoff-T\u00e4schchen<\/p>\n<p>Die Oberfl\u00e4che des Holzes wurde fein geschliffen, lebensmittelecht ge\u00f6lt &#038; versiegelt sowie poliert.<br \/>\nDadurch ist dauerhafter Schutz gew\u00e4hrleistet.<\/p>\n<p>Jeder Kugelschreiber ist ein absolutes Unikat und ein ideales Geschenk.<\/p>\n<p>Eine tolle Geschenksidee zum Geburtstag, Weihnachten oder anderen Anlass.<\/p>\n","protected":false},"excerpt":{"rendered":"<p>Handgearbeiteter Rollerpen handgefertigt aus \u00f6sterreichischem Zwetschkenholz. Das Holz stammt aus \u00d6sterreich. Genauer gesagt aus dem oststeirischen Wechselland. Ein absolutes Unikat! Details: &#8211; L\u00e4nge ca. 13.5 cm, Bausatz Farbe 24 vergoldet &#8211; Mine problemlos wechselbar &#8211; Tintenfarbe schwarz &#8211; Lieferung erfolgt im handgefertigtem Stoff-T\u00e4schchen Die Oberfl\u00e4che des Holzes wurde fein geschliffen, lebensmittelecht ge\u00f6lt &#038; versiegelt sowie &hellip; <a href=\"https:\/\/www.regionalis.shop\/huizbirn\/shop\/holz-rollerpen-zwetschke-rollerball-kugelschreiber-pen-handmade\/\">Continued<\/a><\/p>\n","protected":false},"featured_media":2004,"template":"","meta":{"_acf_changed":false},"product_brand":[],"product_cat":[62,72],"product_tag":[],"class_list":{"0":"post-2003","1":"product","2":"type-product","3":"status-publish","4":"has-post-thumbnail","6":"product_cat-papeterie-schreibwaren","7":"product_cat-schreibwaren","9":"first","10":"instock","11":"purchasable","12":"product-type-simple"},"acf":[],"_links":{"self":[{"href":"https:\/\/www.regionalis.shop\/huizbirn\/wp-json\/wp\/v2\/product\/2003","targetHints":{"allow":["GET"]}}],"collection":[{"href":"https:\/\/www.regionalis.shop\/huizbirn\/wp-json\/wp\/v2\/product"}],"about":[{"href":"https:\/\/www.regionalis.shop\/huizbirn\/wp-json\/wp\/v2\/types\/product"}],"wp:featuredmedia":[{"embeddable":true,"href":"https:\/\/www.regionalis.shop\/huizbirn\/wp-json\/wp\/v2\/media\/2004"}],"wp:attachment":[{"href":"https:\/\/www.regionalis.shop\/huizbirn\/wp-json\/wp\/v2\/media?parent=2003"}],"wp:term":[{"taxonomy":"product_brand","embeddable":true,"href":"https:\/\/www.regionalis.shop\/huizbirn\/wp-json\/wp\/v2\/product_brand?post=2003"},{"taxonomy":"product_cat","embeddable":true,"href":"https:\/\/www.regionalis.shop\/huizbirn\/wp-json\/wp\/v2\/product_cat?post=2003"},{"taxonomy":"product_tag","embeddable":true,"href":"https:\/\/www.regionalis.shop\/huizbirn\/wp-json\/wp\/v2\/product_tag?post=2003"}],"curies":[{"name":"wp","href":"https:\/\/api.w.org\/{rel}","templated":true}]}}