{"id":2015,"date":"2025-04-18T03:55:45","date_gmt":"2025-04-18T01:55:45","guid":{"rendered":"https:\/\/www.regionalis.shop\/huizbirn\/product\/holz-kugelschreiber-gestockte-buche-mit-specht-geschenk-handmade\/"},"modified":"2025-04-18T03:55:45","modified_gmt":"2025-04-18T01:55:45","slug":"holz-kugelschreiber-gestockte-buche-mit-specht-geschenk-handmade","status":"publish","type":"product","link":"https:\/\/www.regionalis.shop\/huizbirn\/shop\/holz-kugelschreiber-gestockte-buche-mit-specht-geschenk-handmade\/","title":{"rendered":"Holz Kugelschreiber gestockte Buche mit Specht Geschenk handmade"},"content":{"rendered":"<p>Handgearbeiteter &#8211;Klickkugelschreiber&#8211; handgefertigt aus \u00f6sterreichischem, gestocktem Buchen-Holz mit Specht-Applikation.<\/p>\n<p>Ein absolutes &#8211;Unikat&#8211;, welches Seinesgleichen sucht!<\/p>\n<p>&#8211; Bausatz von &#8211;h\u00f6chster Qualit\u00e4t&#8211;, antik metallic<br \/>\n&#8211; Holzart: Buchenholz aus den idyllischen W\u00e4ldern des Wechsellandes<br \/>\n&#8211; die Holzoberfl\u00e4che wurde fein geschliffen und lebensmittelecht versiegelt<br \/>\n&#8211; &#8211;kinderleichte Klickmechanik&#8211;, einfach den Specht &#8222;kippen&#8220;<br \/>\n&#8211; L\u00e4nge: ca. 13.5 cm<br \/>\n&#8211; Mine problemlos &#8211;wechselbar&#8211;, Tintenfarbe schwarz<br \/>\n&#8211; Lieferung erfolgt im handgefertigtem Stoff-T\u00e4schchen<br \/>\n\u00a0\u00a0<\/p>\n<p>Jeder Kugelschreiber ist ein &#8211;absolutes Unikat&#8211; und ein ideales Geschenk.<\/p>\n<p>Eine tolle Geschenksidee zum Geburtstag, Weihnachten oder anderen Anlass.<\/p>\n","protected":false},"excerpt":{"rendered":"<p>Handgearbeiteter &#8211;Klickkugelschreiber&#8211; handgefertigt aus \u00f6sterreichischem, gestocktem Buchen-Holz mit Specht-Applikation. Ein absolutes &#8211;Unikat&#8211;, welches Seinesgleichen sucht! &#8211; Bausatz von &#8211;h\u00f6chster Qualit\u00e4t&#8211;, antik metallic &#8211; Holzart: Buchenholz aus den idyllischen W\u00e4ldern des Wechsellandes &#8211; die Holzoberfl\u00e4che wurde fein geschliffen und lebensmittelecht versiegelt &#8211; &#8211;kinderleichte Klickmechanik&#8211;, einfach den Specht &#8222;kippen&#8220; &#8211; L\u00e4nge: ca. 13.5 cm &#8211; Mine problemlos &hellip; <a href=\"https:\/\/www.regionalis.shop\/huizbirn\/shop\/holz-kugelschreiber-gestockte-buche-mit-specht-geschenk-handmade\/\">Continued<\/a><\/p>\n","protected":false},"featured_media":2016,"template":"","meta":{"_acf_changed":false},"product_brand":[],"product_cat":[62,72],"product_tag":[],"class_list":{"0":"post-2015","1":"product","2":"type-product","3":"status-publish","4":"has-post-thumbnail","6":"product_cat-papeterie-schreibwaren","7":"product_cat-schreibwaren","9":"first","10":"instock","11":"purchasable","12":"product-type-simple"},"acf":[],"_links":{"self":[{"href":"https:\/\/www.regionalis.shop\/huizbirn\/wp-json\/wp\/v2\/product\/2015","targetHints":{"allow":["GET"]}}],"collection":[{"href":"https:\/\/www.regionalis.shop\/huizbirn\/wp-json\/wp\/v2\/product"}],"about":[{"href":"https:\/\/www.regionalis.shop\/huizbirn\/wp-json\/wp\/v2\/types\/product"}],"wp:featuredmedia":[{"embeddable":true,"href":"https:\/\/www.regionalis.shop\/huizbirn\/wp-json\/wp\/v2\/media\/2016"}],"wp:attachment":[{"href":"https:\/\/www.regionalis.shop\/huizbirn\/wp-json\/wp\/v2\/media?parent=2015"}],"wp:term":[{"taxonomy":"product_brand","embeddable":true,"href":"https:\/\/www.regionalis.shop\/huizbirn\/wp-json\/wp\/v2\/product_brand?post=2015"},{"taxonomy":"product_cat","embeddable":true,"href":"https:\/\/www.regionalis.shop\/huizbirn\/wp-json\/wp\/v2\/product_cat?post=2015"},{"taxonomy":"product_tag","embeddable":true,"href":"https:\/\/www.regionalis.shop\/huizbirn\/wp-json\/wp\/v2\/product_tag?post=2015"}],"curies":[{"name":"wp","href":"https:\/\/api.w.org\/{rel}","templated":true}]}}