{"id":2026,"date":"2025-04-18T03:50:38","date_gmt":"2025-04-18T01:50:38","guid":{"rendered":"https:\/\/www.regionalis.shop\/huizbirn\/product\/holz-fuellfeder-fueller-fuellfederhalter-briefoeffner-birne-geschenkset-handmade\/"},"modified":"2025-04-18T03:50:38","modified_gmt":"2025-04-18T01:50:38","slug":"holz-fuellfeder-fueller-fuellfederhalter-briefoeffner-birne-geschenkset-handmade","status":"publish","type":"product","link":"https:\/\/www.regionalis.shop\/huizbirn\/shop\/holz-fuellfeder-fueller-fuellfederhalter-briefoeffner-birne-geschenkset-handmade\/","title":{"rendered":"Holz F\u00fcllfeder F\u00fcller F\u00fcllfederhalter Brief\u00f6ffner Birne Geschenkset handmade"},"content":{"rendered":"<p>Handgearbeitetes Geschenkset bestehend aus\u00a0Drehkugelschreiber und Brief\u00f6ffner handgefertigt aus \u00f6sterreichischem Birnen-Holz.<\/p>\n<p>Ein absolutes Unikat, welches Seinesgleichen sucht!<\/p>\n<p>&#8211; Bausatz von h\u00f6chster Qualit\u00e4t<br \/>\n&#8211; Holzart: Birne<br \/>\n&#8211; die Holzoberfl\u00e4che wurde fein geschliffen und lebensmittelecht versiegelt<br \/>\n&#8211; kinderleichte Drehmechanik<br \/>\n&#8211; L\u00e4nge: ca. 13.5 cm<br \/>\n&#8211; Gro\u00dfraum Mine problemlos wechselbar, Tintenfarbe schwarz<br \/>\n&#8211; Lieferung erfolgt im Geschenk-Karton<br \/>\n\u00a0\u00a0<\/p>\n<p>Jeder Kugelschreiber ist ein absolutes Unikat und ein ideales Geschenk.<\/p>\n<p>Eine tolle Geschenksidee zum Geburtstag, Weihnachten oder anderen Anlass.<\/p>\n","protected":false},"excerpt":{"rendered":"<p>Handgearbeitetes Geschenkset bestehend aus\u00a0Drehkugelschreiber und Brief\u00f6ffner handgefertigt aus \u00f6sterreichischem Birnen-Holz. Ein absolutes Unikat, welches Seinesgleichen sucht! &#8211; Bausatz von h\u00f6chster Qualit\u00e4t &#8211; Holzart: Birne &#8211; die Holzoberfl\u00e4che wurde fein geschliffen und lebensmittelecht versiegelt &#8211; kinderleichte Drehmechanik &#8211; L\u00e4nge: ca. 13.5 cm &#8211; Gro\u00dfraum Mine problemlos wechselbar, Tintenfarbe schwarz &#8211; Lieferung erfolgt im Geschenk-Karton \u00a0\u00a0 Jeder &hellip; <a href=\"https:\/\/www.regionalis.shop\/huizbirn\/shop\/holz-fuellfeder-fueller-fuellfederhalter-briefoeffner-birne-geschenkset-handmade\/\">Continued<\/a><\/p>\n","protected":false},"featured_media":2027,"template":"","meta":{"_acf_changed":false},"product_brand":[],"product_cat":[62,72],"product_tag":[],"class_list":{"0":"post-2026","1":"product","2":"type-product","3":"status-publish","4":"has-post-thumbnail","6":"product_cat-papeterie-schreibwaren","7":"product_cat-schreibwaren","9":"first","10":"instock","11":"purchasable","12":"product-type-simple"},"acf":[],"_links":{"self":[{"href":"https:\/\/www.regionalis.shop\/huizbirn\/wp-json\/wp\/v2\/product\/2026","targetHints":{"allow":["GET"]}}],"collection":[{"href":"https:\/\/www.regionalis.shop\/huizbirn\/wp-json\/wp\/v2\/product"}],"about":[{"href":"https:\/\/www.regionalis.shop\/huizbirn\/wp-json\/wp\/v2\/types\/product"}],"wp:featuredmedia":[{"embeddable":true,"href":"https:\/\/www.regionalis.shop\/huizbirn\/wp-json\/wp\/v2\/media\/2027"}],"wp:attachment":[{"href":"https:\/\/www.regionalis.shop\/huizbirn\/wp-json\/wp\/v2\/media?parent=2026"}],"wp:term":[{"taxonomy":"product_brand","embeddable":true,"href":"https:\/\/www.regionalis.shop\/huizbirn\/wp-json\/wp\/v2\/product_brand?post=2026"},{"taxonomy":"product_cat","embeddable":true,"href":"https:\/\/www.regionalis.shop\/huizbirn\/wp-json\/wp\/v2\/product_cat?post=2026"},{"taxonomy":"product_tag","embeddable":true,"href":"https:\/\/www.regionalis.shop\/huizbirn\/wp-json\/wp\/v2\/product_tag?post=2026"}],"curies":[{"name":"wp","href":"https:\/\/api.w.org\/{rel}","templated":true}]}}