{"id":2037,"date":"2025-04-18T03:42:47","date_gmt":"2025-04-18T01:42:47","guid":{"rendered":"https:\/\/www.regionalis.shop\/huizbirn\/product\/holzvase-vase-20-cm-birke-blumenvase-vase-holzdekoration-geschenk\/"},"modified":"2025-04-18T03:42:47","modified_gmt":"2025-04-18T01:42:47","slug":"holzvase-vase-20-cm-birke-blumenvase-vase-holzdekoration-geschenk","status":"publish","type":"product","link":"https:\/\/www.regionalis.shop\/huizbirn\/shop\/holzvase-vase-20-cm-birke-blumenvase-vase-holzdekoration-geschenk\/","title":{"rendered":"Holzvase Vase 20 cm Birke Blumenvase Vase Holzdekoration Geschenk"},"content":{"rendered":"<p>Holzvase mit Glaseinsatz aus steirischem Birkenholz.<\/p>\n<p>Gr\u00f6\u00dfe: 20 cm<\/p>\n<p>Dieses tolle Unikat wurde handgefertigt und lebensmittelecht ge\u00f6lt. Eine sch\u00f6ne Holzdekoration f\u00fcr Ihr Eigenheim oder eine nette Geschenksidee.<\/p>\n","protected":false},"excerpt":{"rendered":"<p>Holzvase mit Glaseinsatz aus steirischem Birkenholz. Gr\u00f6\u00dfe: 20 cm Dieses tolle Unikat wurde handgefertigt und lebensmittelecht ge\u00f6lt. Eine sch\u00f6ne Holzdekoration f\u00fcr Ihr Eigenheim oder eine nette Geschenksidee.<\/p>\n","protected":false},"featured_media":2038,"template":"","meta":{"_acf_changed":false},"product_brand":[],"product_cat":[174,103],"product_tag":[],"class_list":{"0":"post-2037","1":"product","2":"type-product","3":"status-publish","4":"has-post-thumbnail","6":"product_cat-wohndekoration","7":"product_cat-wohnen-deko","9":"first","10":"instock","11":"purchasable","12":"product-type-simple"},"acf":[],"_links":{"self":[{"href":"https:\/\/www.regionalis.shop\/huizbirn\/wp-json\/wp\/v2\/product\/2037","targetHints":{"allow":["GET"]}}],"collection":[{"href":"https:\/\/www.regionalis.shop\/huizbirn\/wp-json\/wp\/v2\/product"}],"about":[{"href":"https:\/\/www.regionalis.shop\/huizbirn\/wp-json\/wp\/v2\/types\/product"}],"wp:featuredmedia":[{"embeddable":true,"href":"https:\/\/www.regionalis.shop\/huizbirn\/wp-json\/wp\/v2\/media\/2038"}],"wp:attachment":[{"href":"https:\/\/www.regionalis.shop\/huizbirn\/wp-json\/wp\/v2\/media?parent=2037"}],"wp:term":[{"taxonomy":"product_brand","embeddable":true,"href":"https:\/\/www.regionalis.shop\/huizbirn\/wp-json\/wp\/v2\/product_brand?post=2037"},{"taxonomy":"product_cat","embeddable":true,"href":"https:\/\/www.regionalis.shop\/huizbirn\/wp-json\/wp\/v2\/product_cat?post=2037"},{"taxonomy":"product_tag","embeddable":true,"href":"https:\/\/www.regionalis.shop\/huizbirn\/wp-json\/wp\/v2\/product_tag?post=2037"}],"curies":[{"name":"wp","href":"https:\/\/api.w.org\/{rel}","templated":true}]}}