{"id":2055,"date":"2025-04-18T03:42:25","date_gmt":"2025-04-18T01:42:25","guid":{"rendered":"https:\/\/www.regionalis.shop\/huizbirn\/product\/holzschale-%e2%88%8526-cm-dekoschale-obstschale-schuessel-holzschuessel-pappel-holzdeko\/"},"modified":"2025-04-18T03:42:25","modified_gmt":"2025-04-18T01:42:25","slug":"holzschale-%e2%88%8526-cm-dekoschale-obstschale-schuessel-holzschuessel-pappel-holzdeko","status":"publish","type":"product","link":"https:\/\/www.regionalis.shop\/huizbirn\/shop\/holzschale-%e2%88%8526-cm-dekoschale-obstschale-schuessel-holzschuessel-pappel-holzdeko\/","title":{"rendered":"Holzschale \u220526 cm Dekoschale Obstschale Sch\u00fcssel Holzsch\u00fcssel Pappel Holzdeko"},"content":{"rendered":"<p>Wundersch\u00f6ne, handgearbeitete Schale aus \u00f6sterreichischem Pappel-Holz.<\/p>\n<p>Durchmesser: ca. \u00a026\u00a0x 7\u00a0cm<\/p>\n<p>Die wunderbare ruhige und einzigartige Optik passt bestimmt in Ihre eigenen 4 W\u00e4nde.<\/p>\n<p>Die Sch\u00fcssel wurde von Hand gedrechselt und mit lebensmittelechtem \u00d6l dauerhaft versiegelt.<\/p>\n<p>Ein wundersch\u00f6nes Unikat, Made in Austria.<\/p>\n<p>Allgemeiner Hinweis: Holz ist ein Naturprodukt und nicht f\u00fcr den Geschirrsp\u00fcler geeignet!<\/p>\n<p>Eine tolle Geschenksidee zum Geburtstag, Weihnachten oder anderen Anlass.<\/p>\n","protected":false},"excerpt":{"rendered":"<p>Wundersch\u00f6ne, handgearbeitete Schale aus \u00f6sterreichischem Pappel-Holz. Durchmesser: ca. \u00a026\u00a0x 7\u00a0cm Die wunderbare ruhige und einzigartige Optik passt bestimmt in Ihre eigenen 4 W\u00e4nde. Die Sch\u00fcssel wurde von Hand gedrechselt und mit lebensmittelechtem \u00d6l dauerhaft versiegelt. Ein wundersch\u00f6nes Unikat, Made in Austria. Allgemeiner Hinweis: Holz ist ein Naturprodukt und nicht f\u00fcr den Geschirrsp\u00fcler geeignet! Eine tolle &hellip; <a href=\"https:\/\/www.regionalis.shop\/huizbirn\/shop\/holzschale-%e2%88%8526-cm-dekoschale-obstschale-schuessel-holzschuessel-pappel-holzdeko\/\">Continued<\/a><\/p>\n","protected":false},"featured_media":2056,"template":"","meta":{"_acf_changed":false},"product_brand":[],"product_cat":[174,103],"product_tag":[],"class_list":{"0":"post-2055","1":"product","2":"type-product","3":"status-publish","4":"has-post-thumbnail","6":"product_cat-wohndekoration","7":"product_cat-wohnen-deko","9":"first","10":"instock","11":"purchasable","12":"product-type-simple"},"acf":[],"_links":{"self":[{"href":"https:\/\/www.regionalis.shop\/huizbirn\/wp-json\/wp\/v2\/product\/2055","targetHints":{"allow":["GET"]}}],"collection":[{"href":"https:\/\/www.regionalis.shop\/huizbirn\/wp-json\/wp\/v2\/product"}],"about":[{"href":"https:\/\/www.regionalis.shop\/huizbirn\/wp-json\/wp\/v2\/types\/product"}],"wp:featuredmedia":[{"embeddable":true,"href":"https:\/\/www.regionalis.shop\/huizbirn\/wp-json\/wp\/v2\/media\/2056"}],"wp:attachment":[{"href":"https:\/\/www.regionalis.shop\/huizbirn\/wp-json\/wp\/v2\/media?parent=2055"}],"wp:term":[{"taxonomy":"product_brand","embeddable":true,"href":"https:\/\/www.regionalis.shop\/huizbirn\/wp-json\/wp\/v2\/product_brand?post=2055"},{"taxonomy":"product_cat","embeddable":true,"href":"https:\/\/www.regionalis.shop\/huizbirn\/wp-json\/wp\/v2\/product_cat?post=2055"},{"taxonomy":"product_tag","embeddable":true,"href":"https:\/\/www.regionalis.shop\/huizbirn\/wp-json\/wp\/v2\/product_tag?post=2055"}],"curies":[{"name":"wp","href":"https:\/\/api.w.org\/{rel}","templated":true}]}}