{"id":2074,"date":"2025-04-18T03:32:42","date_gmt":"2025-04-18T01:32:42","guid":{"rendered":"https:\/\/www.regionalis.shop\/huizbirn\/product\/holz-gewuerzmuehle-salzmuehle-laerche-pfeffermuehle-crushgrind-handmade-geschenk\/"},"modified":"2025-04-18T03:32:42","modified_gmt":"2025-04-18T01:32:42","slug":"holz-gewuerzmuehle-salzmuehle-laerche-pfeffermuehle-crushgrind-handmade-geschenk","status":"publish","type":"product","link":"https:\/\/www.regionalis.shop\/huizbirn\/shop\/holz-gewuerzmuehle-salzmuehle-laerche-pfeffermuehle-crushgrind-handmade-geschenk\/","title":{"rendered":"Holz Gew\u00fcrzm\u00fchle Salzm\u00fchle L\u00e4rche Pfefferm\u00fchle crushgrind handmade Geschenk"},"content":{"rendered":"<p>Wundersch\u00f6ne &#8211;manuelle Gew\u00fcrzm\u00fchle&#8211; \/ Pfefferm\u00fchle \/ Salzm\u00fchle aus \u00f6sterreichischem &#8211;L\u00e4rchen-Holz&#8211; mit Crushgrind Mahlwerk.<\/p>\n<p>Einfach mittels Drehmechanismus bedienbar. Der Mahlgrad l\u00e4sst sich am hochwertigen Crushgrind Mahlwerk individuell am Mahlwerk einstellen. So Sie Ihre zubereiteten Speisen mit frisch gemahlenen Gew\u00fcrzen verfeinern. Nachhaltig und einfach &#8211;wiederbef\u00fcllbar&#8211;.<\/p>\n<p>L\u00e4nge ca. 12\u00a0cm<br \/>\nDurchmesser: ca. 4,5 cm<\/p>\n<p>Aus Holz wurde handgefertigt, fein geschliffen und lebensmittelecht versiegelt.<\/p>\n<p>Handmade, Made in Austria.<\/p>\n<p>Ideal f\u00fcrs Eigenheim oder als Geschenk zu Weihnachten, Geburtstag oder Jubil\u00e4um.<\/p>\n","protected":false},"excerpt":{"rendered":"<p>Wundersch\u00f6ne &#8211;manuelle Gew\u00fcrzm\u00fchle&#8211; \/ Pfefferm\u00fchle \/ Salzm\u00fchle aus \u00f6sterreichischem &#8211;L\u00e4rchen-Holz&#8211; mit Crushgrind Mahlwerk. Einfach mittels Drehmechanismus bedienbar. Der Mahlgrad l\u00e4sst sich am hochwertigen Crushgrind Mahlwerk individuell am Mahlwerk einstellen. So Sie Ihre zubereiteten Speisen mit frisch gemahlenen Gew\u00fcrzen verfeinern. Nachhaltig und einfach &#8211;wiederbef\u00fcllbar&#8211;. L\u00e4nge ca. 12\u00a0cm Durchmesser: ca. 4,5 cm Aus Holz wurde handgefertigt, fein &hellip; <a href=\"https:\/\/www.regionalis.shop\/huizbirn\/shop\/holz-gewuerzmuehle-salzmuehle-laerche-pfeffermuehle-crushgrind-handmade-geschenk\/\">Continued<\/a><\/p>\n","protected":false},"featured_media":2075,"template":"","meta":{"_acf_changed":false},"product_brand":[],"product_cat":[127,103],"product_tag":[],"class_list":{"0":"post-2074","1":"product","2":"type-product","3":"status-publish","4":"has-post-thumbnail","6":"product_cat-essen-trinken","7":"product_cat-wohnen-deko","9":"first","10":"instock","11":"purchasable","12":"product-type-simple"},"acf":[],"_links":{"self":[{"href":"https:\/\/www.regionalis.shop\/huizbirn\/wp-json\/wp\/v2\/product\/2074","targetHints":{"allow":["GET"]}}],"collection":[{"href":"https:\/\/www.regionalis.shop\/huizbirn\/wp-json\/wp\/v2\/product"}],"about":[{"href":"https:\/\/www.regionalis.shop\/huizbirn\/wp-json\/wp\/v2\/types\/product"}],"wp:featuredmedia":[{"embeddable":true,"href":"https:\/\/www.regionalis.shop\/huizbirn\/wp-json\/wp\/v2\/media\/2075"}],"wp:attachment":[{"href":"https:\/\/www.regionalis.shop\/huizbirn\/wp-json\/wp\/v2\/media?parent=2074"}],"wp:term":[{"taxonomy":"product_brand","embeddable":true,"href":"https:\/\/www.regionalis.shop\/huizbirn\/wp-json\/wp\/v2\/product_brand?post=2074"},{"taxonomy":"product_cat","embeddable":true,"href":"https:\/\/www.regionalis.shop\/huizbirn\/wp-json\/wp\/v2\/product_cat?post=2074"},{"taxonomy":"product_tag","embeddable":true,"href":"https:\/\/www.regionalis.shop\/huizbirn\/wp-json\/wp\/v2\/product_tag?post=2074"}],"curies":[{"name":"wp","href":"https:\/\/api.w.org\/{rel}","templated":true}]}}