{"id":2148,"date":"2025-04-18T03:12:49","date_gmt":"2025-04-18T01:12:49","guid":{"rendered":"https:\/\/www.regionalis.shop\/huizbirn\/product\/holz-ohrringe-3-cm-trachtenschmuck-ohranhaenger-ahorn-handmade\/"},"modified":"2025-04-18T03:12:49","modified_gmt":"2025-04-18T01:12:49","slug":"holz-ohrringe-3-cm-trachtenschmuck-ohranhaenger-ahorn-handmade","status":"publish","type":"product","link":"https:\/\/www.regionalis.shop\/huizbirn\/shop\/holz-ohrringe-3-cm-trachtenschmuck-ohranhaenger-ahorn-handmade\/","title":{"rendered":"Holz Ohrringe 3 cm Trachtenschmuck Ohranh\u00e4nger Ahorn handmade"},"content":{"rendered":"<p>Ein wundersch\u00f6nes paar Ohrringe aus \u00f6sterreichischem Ahorn Holz\u00a0in Edelstahlfassung. Wenn Sie 2 wunderbare Unikate an Ihren Ohren<br \/>\ntragen m\u00f6chten, dann sind Sie genau richtig.<\/p>\n<p>Liebevolle Handarbeit mit H\u00f6lzern aus dem steirischen Wechselland.<\/p>\n<p>Gr\u00f6\u00dfe: Durchmesser 3\u00a0cm<br \/>\nHolzart: Ahorn<br \/>\nIn Edelstahlfassung<\/p>\n<p>Entweder ein tolles Ohr Accessoires f\u00fcr sich selbst &#8211; eignet sich aber auch wunderbar als Geschenk!<\/p>\n<p>Schenken Sie sich selbst oder Ihren liebsten ein Unikat aus Holz. Egal ob zu Geburtstag, Namenstag, Ostern, Weihnachten, Hochzeit, Valentinstag, Verlobung oder anderen Anl\u00e4ssen.\u00a0<\/p>\n","protected":false},"excerpt":{"rendered":"<p>Ein wundersch\u00f6nes paar Ohrringe aus \u00f6sterreichischem Ahorn Holz\u00a0in Edelstahlfassung. Wenn Sie 2 wunderbare Unikate an Ihren Ohren tragen m\u00f6chten, dann sind Sie genau richtig. Liebevolle Handarbeit mit H\u00f6lzern aus dem steirischen Wechselland. Gr\u00f6\u00dfe: Durchmesser 3\u00a0cm Holzart: Ahorn In Edelstahlfassung Entweder ein tolles Ohr Accessoires f\u00fcr sich selbst &#8211; eignet sich aber auch wunderbar als Geschenk! &hellip; <a href=\"https:\/\/www.regionalis.shop\/huizbirn\/shop\/holz-ohrringe-3-cm-trachtenschmuck-ohranhaenger-ahorn-handmade\/\">Continued<\/a><\/p>\n","protected":false},"featured_media":2149,"template":"","meta":{"_acf_changed":false},"product_brand":[],"product_cat":[163,70],"product_tag":[],"class_list":{"0":"post-2148","1":"product","2":"type-product","3":"status-publish","4":"has-post-thumbnail","6":"product_cat-ohrringe","7":"product_cat-schmuck","9":"first","10":"instock","11":"purchasable","12":"product-type-simple"},"acf":[],"_links":{"self":[{"href":"https:\/\/www.regionalis.shop\/huizbirn\/wp-json\/wp\/v2\/product\/2148","targetHints":{"allow":["GET"]}}],"collection":[{"href":"https:\/\/www.regionalis.shop\/huizbirn\/wp-json\/wp\/v2\/product"}],"about":[{"href":"https:\/\/www.regionalis.shop\/huizbirn\/wp-json\/wp\/v2\/types\/product"}],"wp:featuredmedia":[{"embeddable":true,"href":"https:\/\/www.regionalis.shop\/huizbirn\/wp-json\/wp\/v2\/media\/2149"}],"wp:attachment":[{"href":"https:\/\/www.regionalis.shop\/huizbirn\/wp-json\/wp\/v2\/media?parent=2148"}],"wp:term":[{"taxonomy":"product_brand","embeddable":true,"href":"https:\/\/www.regionalis.shop\/huizbirn\/wp-json\/wp\/v2\/product_brand?post=2148"},{"taxonomy":"product_cat","embeddable":true,"href":"https:\/\/www.regionalis.shop\/huizbirn\/wp-json\/wp\/v2\/product_cat?post=2148"},{"taxonomy":"product_tag","embeddable":true,"href":"https:\/\/www.regionalis.shop\/huizbirn\/wp-json\/wp\/v2\/product_tag?post=2148"}],"curies":[{"name":"wp","href":"https:\/\/api.w.org\/{rel}","templated":true}]}}