{"id":2151,"date":"2025-04-18T03:12:49","date_gmt":"2025-04-18T01:12:49","guid":{"rendered":"https:\/\/www.regionalis.shop\/huizbirn\/product\/holz-schmuckset-armreif-ohrringe-esche-armkette-ohrschmuck-geschenk\/"},"modified":"2025-04-18T03:12:49","modified_gmt":"2025-04-18T01:12:49","slug":"holz-schmuckset-armreif-ohrringe-esche-armkette-ohrschmuck-geschenk","status":"publish","type":"product","link":"https:\/\/www.regionalis.shop\/huizbirn\/shop\/holz-schmuckset-armreif-ohrringe-esche-armkette-ohrschmuck-geschenk\/","title":{"rendered":"Holz Schmuckset Armreif Ohrringe Esche Armkette Ohrschmuck Geschenk"},"content":{"rendered":"<p>Wundersch\u00f6nes Schmuckset bestehend aus Armreif und\u00a0Ohrringen.<br \/>\nDieses einzigartige Schmuckset in Edelstahlfassung (verchromt) passt zu jedem Outfit und jedem Anlass. Ein absolutes Unikat, gefertigt in liebevoller Handarbeit.<\/p>\n<p>Wenn Sie also Wert auf einzigartige Optik mit regionalem Bezug legen, dann passt dieses Set genau zu Ihnen.<\/p>\n<p>Gr\u00f6\u00dfe Ohrringe Durchmesser 2 cm<br \/>\nGr\u00f6\u00dfe Armreif\u00a0verstellbar, Holzelement Durchmesser: 3\u00a0cm<br \/>\nHolzart: Esche , in Edelstahlfassung<\/p>\n<p>Schenken Sie sich selbst oder Ihren liebsten ein Unikat aus Holz. Egal ob zu Geburtstag, Namenstag, Ostern, Weihnachten, Hochzeit, Valentinstag, Verlobung oder anderen Anl\u00e4ssen.<\/p>\n","protected":false},"excerpt":{"rendered":"<p>Wundersch\u00f6nes Schmuckset bestehend aus Armreif und\u00a0Ohrringen. Dieses einzigartige Schmuckset in Edelstahlfassung (verchromt) passt zu jedem Outfit und jedem Anlass. Ein absolutes Unikat, gefertigt in liebevoller Handarbeit. Wenn Sie also Wert auf einzigartige Optik mit regionalem Bezug legen, dann passt dieses Set genau zu Ihnen. Gr\u00f6\u00dfe Ohrringe Durchmesser 2 cm Gr\u00f6\u00dfe Armreif\u00a0verstellbar, Holzelement Durchmesser: 3\u00a0cm Holzart: &hellip; <a href=\"https:\/\/www.regionalis.shop\/huizbirn\/shop\/holz-schmuckset-armreif-ohrringe-esche-armkette-ohrschmuck-geschenk\/\">Continued<\/a><\/p>\n","protected":false},"featured_media":2152,"template":"","meta":{"_acf_changed":false},"product_brand":[],"product_cat":[70,71],"product_tag":[],"class_list":{"0":"post-2151","1":"product","2":"type-product","3":"status-publish","4":"has-post-thumbnail","6":"product_cat-schmuck","7":"product_cat-schmucksets","9":"first","10":"instock","11":"purchasable","12":"product-type-simple"},"acf":[],"_links":{"self":[{"href":"https:\/\/www.regionalis.shop\/huizbirn\/wp-json\/wp\/v2\/product\/2151","targetHints":{"allow":["GET"]}}],"collection":[{"href":"https:\/\/www.regionalis.shop\/huizbirn\/wp-json\/wp\/v2\/product"}],"about":[{"href":"https:\/\/www.regionalis.shop\/huizbirn\/wp-json\/wp\/v2\/types\/product"}],"wp:featuredmedia":[{"embeddable":true,"href":"https:\/\/www.regionalis.shop\/huizbirn\/wp-json\/wp\/v2\/media\/2152"}],"wp:attachment":[{"href":"https:\/\/www.regionalis.shop\/huizbirn\/wp-json\/wp\/v2\/media?parent=2151"}],"wp:term":[{"taxonomy":"product_brand","embeddable":true,"href":"https:\/\/www.regionalis.shop\/huizbirn\/wp-json\/wp\/v2\/product_brand?post=2151"},{"taxonomy":"product_cat","embeddable":true,"href":"https:\/\/www.regionalis.shop\/huizbirn\/wp-json\/wp\/v2\/product_cat?post=2151"},{"taxonomy":"product_tag","embeddable":true,"href":"https:\/\/www.regionalis.shop\/huizbirn\/wp-json\/wp\/v2\/product_tag?post=2151"}],"curies":[{"name":"wp","href":"https:\/\/api.w.org\/{rel}","templated":true}]}}