{"id":2158,"date":"2025-04-18T03:12:49","date_gmt":"2025-04-18T01:12:49","guid":{"rendered":"https:\/\/www.regionalis.shop\/huizbirn\/product\/holz-rasierer-nassrasierer-mit-staender-wildkirsche-handmade-geschenk-rasur\/"},"modified":"2025-04-18T03:12:49","modified_gmt":"2025-04-18T01:12:49","slug":"holz-rasierer-nassrasierer-mit-staender-wildkirsche-handmade-geschenk-rasur","status":"publish","type":"product","link":"https:\/\/www.regionalis.shop\/huizbirn\/shop\/holz-rasierer-nassrasierer-mit-staender-wildkirsche-handmade-geschenk-rasur\/","title":{"rendered":"Holz Rasierer Nassrasierer mit St\u00e4nder Wildkirsche handmade Geschenk Rasur"},"content":{"rendered":"<p>Mit diesem einzigartigen Nassrasierer aus Wildkirschenholz bringen Sie Stil in Ihr Badezimmer. Dieses einzigartige Unikat wurde von Hans aus \u00f6stereichischem Holz gefertigt und bereitet Ihnen bei jeder Rasur von neuem Freude.Selbstverst\u00e4ndlich ist die Oberfl\u00e4che entsprechend lebensmittelecht versiegelt, um das Holz vor Wassereinfl\u00fcssen zu sch\u00fctzen.<\/p>\n<p>Nat\u00fcrlich ist die Klinge wie bei jedem anderen Nassrasierer problemlos wechselbar. Am besten verwenden Sie daf\u00fcr Gilette Klingen &#8211; diese sind bedenklos kompatibel. Im Lieferumfang ist bereits eine Gilette Mach3 Klinge enthalten. Damit Sie Ihren neuen Rasierer auch einfach und bequem verstauen k\u00f6nnen, ist im Lieferumfang nat\u00fcrlich auch ein St\u00e4nder enthalten.<\/p>\n<p>Bausatzfarbe: verchromt<\/p>\n<p>Holzart: Wildkirsche<\/p>\n<p>Klingen: kompatibel mit Gilette Mach3, 1 Klinge im Lieferumfang enthalten<\/p>\n<p>Oberfl\u00e4che: gedrechselt, fein geschliffen, lebensmittelecht versiegelt<\/p>\n<p>Lieferumfgang: inkl. Metallst\u00e4nder und 1 Satz Klingen<\/p>\n<p>Dieser einzigartige Nassrasierer eignet sich nicht nur f\u00fcr die eigene Rasur sondern ist auch ein ideales Geschenk f\u00fcr V\u00e4ter, Partner, Ehemann oder Freund etc&#8230; Dar\u00fcber freut sich jeder Mann &#8211; egal ob zum Vatertag, Geburtstag, Weihnachten oder sonstigem Anlass!<\/p>\n","protected":false},"excerpt":{"rendered":"<p>Mit diesem einzigartigen Nassrasierer aus Wildkirschenholz bringen Sie Stil in Ihr Badezimmer. Dieses einzigartige Unikat wurde von Hans aus \u00f6stereichischem Holz gefertigt und bereitet Ihnen bei jeder Rasur von neuem Freude.Selbstverst\u00e4ndlich ist die Oberfl\u00e4che entsprechend lebensmittelecht versiegelt, um das Holz vor Wassereinfl\u00fcssen zu sch\u00fctzen. Nat\u00fcrlich ist die Klinge wie bei jedem anderen Nassrasierer problemlos wechselbar. &hellip; <a href=\"https:\/\/www.regionalis.shop\/huizbirn\/shop\/holz-rasierer-nassrasierer-mit-staender-wildkirsche-handmade-geschenk-rasur\/\">Continued<\/a><\/p>\n","protected":false},"featured_media":2159,"template":"","meta":{"_acf_changed":false},"product_brand":[],"product_cat":[138,52],"product_tag":[],"class_list":{"0":"post-2158","1":"product","2":"type-product","3":"status-publish","4":"has-post-thumbnail","6":"product_cat-gesichtspflege","7":"product_cat-kosmetika","9":"first","10":"instock","11":"purchasable","12":"product-type-simple"},"acf":[],"_links":{"self":[{"href":"https:\/\/www.regionalis.shop\/huizbirn\/wp-json\/wp\/v2\/product\/2158","targetHints":{"allow":["GET"]}}],"collection":[{"href":"https:\/\/www.regionalis.shop\/huizbirn\/wp-json\/wp\/v2\/product"}],"about":[{"href":"https:\/\/www.regionalis.shop\/huizbirn\/wp-json\/wp\/v2\/types\/product"}],"wp:featuredmedia":[{"embeddable":true,"href":"https:\/\/www.regionalis.shop\/huizbirn\/wp-json\/wp\/v2\/media\/2159"}],"wp:attachment":[{"href":"https:\/\/www.regionalis.shop\/huizbirn\/wp-json\/wp\/v2\/media?parent=2158"}],"wp:term":[{"taxonomy":"product_brand","embeddable":true,"href":"https:\/\/www.regionalis.shop\/huizbirn\/wp-json\/wp\/v2\/product_brand?post=2158"},{"taxonomy":"product_cat","embeddable":true,"href":"https:\/\/www.regionalis.shop\/huizbirn\/wp-json\/wp\/v2\/product_cat?post=2158"},{"taxonomy":"product_tag","embeddable":true,"href":"https:\/\/www.regionalis.shop\/huizbirn\/wp-json\/wp\/v2\/product_tag?post=2158"}],"curies":[{"name":"wp","href":"https:\/\/api.w.org\/{rel}","templated":true}]}}