{"id":2180,"date":"2025-04-18T03:04:16","date_gmt":"2025-04-18T01:04:16","guid":{"rendered":"https:\/\/www.regionalis.shop\/huizbirn\/product\/holz-kinderteller-kinder-teller-kindergeschirr-buche-%e2%88%8518-cm-holzteller-esche\/"},"modified":"2025-04-18T03:04:16","modified_gmt":"2025-04-18T01:04:16","slug":"holz-kinderteller-kinder-teller-kindergeschirr-buche-%e2%88%8518-cm-holzteller-esche","status":"publish","type":"product","link":"https:\/\/www.regionalis.shop\/huizbirn\/shop\/holz-kinderteller-kinder-teller-kindergeschirr-buche-%e2%88%8518-cm-holzteller-esche\/","title":{"rendered":"Holz Kinderteller Kinder Teller Kindergeschirr Buche \u220518 cm Holzteller Esche"},"content":{"rendered":"<p>Was gibt es Besseres f\u00fcr Kinder als ein eigener Holzteller aus unbehandeltem und \u00f6sterreichischem Holz? Richtig &#8211; nichts \ud83d\ude42<\/p>\n<p>Dieser Holzteller f\u00fcr Babys, Kleinkinder und Kinder wurde aus \u00f6sterreichischem Buchenholz von Hand gefertigt und lediglich fein geschliffen.<\/p>\n<p>Nat\u00fcrlicher und nachhaltiger gehts gar nicht mehr &#8211; so wird jede Mahlzeit zum absoluten Genuss.<\/p>\n<p>Holz: \u00f6sterreichisches Rotbuchenholz<\/p>\n<p>Durchmesser: 18 cm<\/p>\n<p>Oberfl\u00e4che: geschliffen und unbehandelt<\/p>\n<p>Pflegehinweis: problemlos waschbar, allerdings nicht f\u00fcr den Geschirrsp\u00fcler geeignet<\/p>\n<p>Auf Wunsch kann auf dem Teller der Name mittels Gravur personalisiert werden. Aufpreis: 5 \u20ac<\/p>\n<p>Eine tolle Geschenksidee zum Geburtstag, Weihnachten oder anderen Anlass.<\/p>\n","protected":false},"excerpt":{"rendered":"<p>Was gibt es Besseres f\u00fcr Kinder als ein eigener Holzteller aus unbehandeltem und \u00f6sterreichischem Holz? Richtig &#8211; nichts \ud83d\ude42 Dieser Holzteller f\u00fcr Babys, Kleinkinder und Kinder wurde aus \u00f6sterreichischem Buchenholz von Hand gefertigt und lediglich fein geschliffen. Nat\u00fcrlicher und nachhaltiger gehts gar nicht mehr &#8211; so wird jede Mahlzeit zum absoluten Genuss. Holz: \u00f6sterreichisches Rotbuchenholz &hellip; <a href=\"https:\/\/www.regionalis.shop\/huizbirn\/shop\/holz-kinderteller-kinder-teller-kindergeschirr-buche-%e2%88%8518-cm-holzteller-esche\/\">Continued<\/a><\/p>\n","protected":false},"featured_media":2181,"template":"","meta":{"_acf_changed":false},"product_brand":[],"product_cat":[107,38],"product_tag":[],"class_list":{"0":"post-2180","1":"product","2":"type-product","3":"status-publish","4":"has-post-thumbnail","6":"product_cat-accessoires-baby-kinder","7":"product_cat-baby-kinder","9":"first","10":"instock","11":"purchasable","12":"product-type-simple"},"acf":[],"_links":{"self":[{"href":"https:\/\/www.regionalis.shop\/huizbirn\/wp-json\/wp\/v2\/product\/2180","targetHints":{"allow":["GET"]}}],"collection":[{"href":"https:\/\/www.regionalis.shop\/huizbirn\/wp-json\/wp\/v2\/product"}],"about":[{"href":"https:\/\/www.regionalis.shop\/huizbirn\/wp-json\/wp\/v2\/types\/product"}],"wp:featuredmedia":[{"embeddable":true,"href":"https:\/\/www.regionalis.shop\/huizbirn\/wp-json\/wp\/v2\/media\/2181"}],"wp:attachment":[{"href":"https:\/\/www.regionalis.shop\/huizbirn\/wp-json\/wp\/v2\/media?parent=2180"}],"wp:term":[{"taxonomy":"product_brand","embeddable":true,"href":"https:\/\/www.regionalis.shop\/huizbirn\/wp-json\/wp\/v2\/product_brand?post=2180"},{"taxonomy":"product_cat","embeddable":true,"href":"https:\/\/www.regionalis.shop\/huizbirn\/wp-json\/wp\/v2\/product_cat?post=2180"},{"taxonomy":"product_tag","embeddable":true,"href":"https:\/\/www.regionalis.shop\/huizbirn\/wp-json\/wp\/v2\/product_tag?post=2180"}],"curies":[{"name":"wp","href":"https:\/\/api.w.org\/{rel}","templated":true}]}}