{"id":2192,"date":"2025-04-18T02:59:59","date_gmt":"2025-04-18T00:59:59","guid":{"rendered":"https:\/\/www.regionalis.shop\/huizbirn\/product\/holz-frosch-holzfigur-holz-dekoration-figuren-gartendeko-figur-20-cm\/"},"modified":"2025-04-18T02:59:59","modified_gmt":"2025-04-18T00:59:59","slug":"holz-frosch-holzfigur-holz-dekoration-figuren-gartendeko-figur-20-cm","status":"publish","type":"product","link":"https:\/\/www.regionalis.shop\/huizbirn\/shop\/holz-frosch-holzfigur-holz-dekoration-figuren-gartendeko-figur-20-cm\/","title":{"rendered":"Holz Frosch Holzfigur Holz Dekoration Figuren Gartendeko Figur 20 cm"},"content":{"rendered":"<p>Sch\u00f6ne Holzdeko f\u00fcr Haus und Garten. Lustiger Holz Frosch mit Hut, gefertigt aus \u00f6sterreichischem Holz.\u00a0<br \/>\nHolzart wird zuf\u00e4llig ausgew\u00e4hlt.<\/p>\n<p>H\u00f6he ca. 20\u00a0cm<\/p>\n<p>Handgefertigt. Oberfl\u00e4che fein geschliffen, naturbelassen.<\/p>\n","protected":false},"excerpt":{"rendered":"<p>Sch\u00f6ne Holzdeko f\u00fcr Haus und Garten. Lustiger Holz Frosch mit Hut, gefertigt aus \u00f6sterreichischem Holz.\u00a0 Holzart wird zuf\u00e4llig ausgew\u00e4hlt. H\u00f6he ca. 20\u00a0cm Handgefertigt. Oberfl\u00e4che fein geschliffen, naturbelassen.<\/p>\n","protected":false},"featured_media":2193,"template":"","meta":{"_acf_changed":false},"product_brand":[],"product_cat":[174,103],"product_tag":[],"class_list":{"0":"post-2192","1":"product","2":"type-product","3":"status-publish","4":"has-post-thumbnail","6":"product_cat-wohndekoration","7":"product_cat-wohnen-deko","9":"first","10":"instock","11":"purchasable","12":"product-type-simple"},"acf":[],"_links":{"self":[{"href":"https:\/\/www.regionalis.shop\/huizbirn\/wp-json\/wp\/v2\/product\/2192","targetHints":{"allow":["GET"]}}],"collection":[{"href":"https:\/\/www.regionalis.shop\/huizbirn\/wp-json\/wp\/v2\/product"}],"about":[{"href":"https:\/\/www.regionalis.shop\/huizbirn\/wp-json\/wp\/v2\/types\/product"}],"wp:featuredmedia":[{"embeddable":true,"href":"https:\/\/www.regionalis.shop\/huizbirn\/wp-json\/wp\/v2\/media\/2193"}],"wp:attachment":[{"href":"https:\/\/www.regionalis.shop\/huizbirn\/wp-json\/wp\/v2\/media?parent=2192"}],"wp:term":[{"taxonomy":"product_brand","embeddable":true,"href":"https:\/\/www.regionalis.shop\/huizbirn\/wp-json\/wp\/v2\/product_brand?post=2192"},{"taxonomy":"product_cat","embeddable":true,"href":"https:\/\/www.regionalis.shop\/huizbirn\/wp-json\/wp\/v2\/product_cat?post=2192"},{"taxonomy":"product_tag","embeddable":true,"href":"https:\/\/www.regionalis.shop\/huizbirn\/wp-json\/wp\/v2\/product_tag?post=2192"}],"curies":[{"name":"wp","href":"https:\/\/api.w.org\/{rel}","templated":true}]}}