{"id":2195,"date":"2025-04-18T02:59:59","date_gmt":"2025-04-18T00:59:59","guid":{"rendered":"https:\/\/www.regionalis.shop\/huizbirn\/product\/holz-kugelschreiber-briefoeffner-drehkugelschreiber-geschenkset-robinie-unikat\/"},"modified":"2025-04-18T02:59:59","modified_gmt":"2025-04-18T00:59:59","slug":"holz-kugelschreiber-briefoeffner-drehkugelschreiber-geschenkset-robinie-unikat","status":"publish","type":"product","link":"https:\/\/www.regionalis.shop\/huizbirn\/shop\/holz-kugelschreiber-briefoeffner-drehkugelschreiber-geschenkset-robinie-unikat\/","title":{"rendered":"Holz Kugelschreiber Brief\u00f6ffner Drehkugelschreiber Geschenkset Robinie Unikat"},"content":{"rendered":"<p>Handgearbeitetes Geschenkset bestehend aus Drehkugelschreiber und Brief\u00f6ffner. Handgefertigt aus \u00f6sterreichischem Robinien-Holz. In seinen Schattierungen und Farbspielen einmalig!<\/p>\n<p>Ein absolutes Unikat!<\/p>\n<p>Eckdaten:<\/p>\n<p>    Mine problemlos wechselbar<br \/>\n    Tintenfarbe schwarz<br \/>\n    Lieferung erfolgt Geschenk Karton<br \/>\n    L\u00e4nge ca. 13.5 cm, Bausatz Farbe verchromt.<\/p>\n<p>Die Oberfl\u00e4che des Holzes wurde gedrechselt, fein geschliffen und anschlie\u00dfend lebensmittelecht versiegelt.<br \/>\nDadurch ist dauerhafter Schutz gew\u00e4hrleistet.<\/p>\n<p>Jeder Kugelschreiber ist ein absolutes Unikat und ein ideales Geschenk.<\/p>\n<p>Eine tolle Geschenksidee zum Geburtstag, Weihnachten oder anderen Anlass.<\/p>\n","protected":false},"excerpt":{"rendered":"<p>Handgearbeitetes Geschenkset bestehend aus Drehkugelschreiber und Brief\u00f6ffner. Handgefertigt aus \u00f6sterreichischem Robinien-Holz. In seinen Schattierungen und Farbspielen einmalig! Ein absolutes Unikat! Eckdaten: Mine problemlos wechselbar Tintenfarbe schwarz Lieferung erfolgt Geschenk Karton L\u00e4nge ca. 13.5 cm, Bausatz Farbe verchromt. Die Oberfl\u00e4che des Holzes wurde gedrechselt, fein geschliffen und anschlie\u00dfend lebensmittelecht versiegelt. Dadurch ist dauerhafter Schutz gew\u00e4hrleistet. Jeder &hellip; <a href=\"https:\/\/www.regionalis.shop\/huizbirn\/shop\/holz-kugelschreiber-briefoeffner-drehkugelschreiber-geschenkset-robinie-unikat\/\">Continued<\/a><\/p>\n","protected":false},"featured_media":2196,"template":"","meta":{"_acf_changed":false},"product_brand":[],"product_cat":[119,62],"product_tag":[],"class_list":{"0":"post-2195","1":"product","2":"type-product","3":"status-publish","4":"has-post-thumbnail","6":"product_cat-buerobedarf","7":"product_cat-papeterie-schreibwaren","9":"first","10":"instock","11":"purchasable","12":"product-type-simple"},"acf":[],"_links":{"self":[{"href":"https:\/\/www.regionalis.shop\/huizbirn\/wp-json\/wp\/v2\/product\/2195","targetHints":{"allow":["GET"]}}],"collection":[{"href":"https:\/\/www.regionalis.shop\/huizbirn\/wp-json\/wp\/v2\/product"}],"about":[{"href":"https:\/\/www.regionalis.shop\/huizbirn\/wp-json\/wp\/v2\/types\/product"}],"wp:featuredmedia":[{"embeddable":true,"href":"https:\/\/www.regionalis.shop\/huizbirn\/wp-json\/wp\/v2\/media\/2196"}],"wp:attachment":[{"href":"https:\/\/www.regionalis.shop\/huizbirn\/wp-json\/wp\/v2\/media?parent=2195"}],"wp:term":[{"taxonomy":"product_brand","embeddable":true,"href":"https:\/\/www.regionalis.shop\/huizbirn\/wp-json\/wp\/v2\/product_brand?post=2195"},{"taxonomy":"product_cat","embeddable":true,"href":"https:\/\/www.regionalis.shop\/huizbirn\/wp-json\/wp\/v2\/product_cat?post=2195"},{"taxonomy":"product_tag","embeddable":true,"href":"https:\/\/www.regionalis.shop\/huizbirn\/wp-json\/wp\/v2\/product_tag?post=2195"}],"curies":[{"name":"wp","href":"https:\/\/api.w.org\/{rel}","templated":true}]}}