{"id":2202,"date":"2025-04-18T02:48:27","date_gmt":"2025-04-18T00:48:27","guid":{"rendered":"https:\/\/www.regionalis.shop\/huizbirn\/product\/holz-kugelschreiber-drehkugelschreiber-zirbe-handarbeit-geschenk-unikat-handmade\/"},"modified":"2025-04-18T02:48:27","modified_gmt":"2025-04-18T00:48:27","slug":"holz-kugelschreiber-drehkugelschreiber-zirbe-handarbeit-geschenk-unikat-handmade","status":"publish","type":"product","link":"https:\/\/www.regionalis.shop\/huizbirn\/shop\/holz-kugelschreiber-drehkugelschreiber-zirbe-handarbeit-geschenk-unikat-handmade\/","title":{"rendered":"Holz Kugelschreiber Drehkugelschreiber Zirbe Handarbeit Geschenk Unikat handmade"},"content":{"rendered":"<p>&#8211;Handgearbeiteter Drehkugelschreiber&#8211; handgefertigt aus \u00f6sterreichischem Zirben-Holz.<\/p>\n<p>Ein absolutes Unikat, welches Seinesgleichen sucht!<\/p>\n<p>&#8211; Bausatz von &#8211;h\u00f6chster Qualit\u00e4t&#8211;, Farbe verchromt<br \/>\n&#8211; Holzart: &#8211;Zirbenholz&#8211; aus den idyllischen W\u00e4ldern der Obersteiermark<br \/>\n&#8211; die Holzoberfl\u00e4che wurde fein geschliffen und &#8211;lebensmittelecht versiegelt&#8211;<br \/>\n&#8211; kinderleichte Drehmechanik<br \/>\n&#8211; L\u00e4nge: ca. 13.5 cm<br \/>\n&#8211; Gro\u00dfraum &#8211;Mine problemlos wechselbar&#8211;, Tintenfarbe schwarz<br \/>\n&#8211; Lieferung erfolgt im handgefertigtem Stoff-T\u00e4schchen<br \/>\n\u00a0\u00a0<\/p>\n<p>Jeder Kugelschreiber ist ein absolutes Unikat und ein ideales Geschenk.<\/p>\n<p>Eine tolle Geschenksidee zum Geburtstag, Weihnachten oder anderen Anlass.<\/p>\n","protected":false},"excerpt":{"rendered":"<p>&#8211;Handgearbeiteter Drehkugelschreiber&#8211; handgefertigt aus \u00f6sterreichischem Zirben-Holz. Ein absolutes Unikat, welches Seinesgleichen sucht! &#8211; Bausatz von &#8211;h\u00f6chster Qualit\u00e4t&#8211;, Farbe verchromt &#8211; Holzart: &#8211;Zirbenholz&#8211; aus den idyllischen W\u00e4ldern der Obersteiermark &#8211; die Holzoberfl\u00e4che wurde fein geschliffen und &#8211;lebensmittelecht versiegelt&#8211; &#8211; kinderleichte Drehmechanik &#8211; L\u00e4nge: ca. 13.5 cm &#8211; Gro\u00dfraum &#8211;Mine problemlos wechselbar&#8211;, Tintenfarbe schwarz &#8211; Lieferung erfolgt &hellip; <a href=\"https:\/\/www.regionalis.shop\/huizbirn\/shop\/holz-kugelschreiber-drehkugelschreiber-zirbe-handarbeit-geschenk-unikat-handmade\/\">Continued<\/a><\/p>\n","protected":false},"featured_media":2203,"template":"","meta":{"_acf_changed":false},"product_brand":[],"product_cat":[62,72],"product_tag":[],"class_list":{"0":"post-2202","1":"product","2":"type-product","3":"status-publish","4":"has-post-thumbnail","6":"product_cat-papeterie-schreibwaren","7":"product_cat-schreibwaren","9":"first","10":"instock","11":"purchasable","12":"product-type-simple"},"acf":[],"_links":{"self":[{"href":"https:\/\/www.regionalis.shop\/huizbirn\/wp-json\/wp\/v2\/product\/2202","targetHints":{"allow":["GET"]}}],"collection":[{"href":"https:\/\/www.regionalis.shop\/huizbirn\/wp-json\/wp\/v2\/product"}],"about":[{"href":"https:\/\/www.regionalis.shop\/huizbirn\/wp-json\/wp\/v2\/types\/product"}],"wp:featuredmedia":[{"embeddable":true,"href":"https:\/\/www.regionalis.shop\/huizbirn\/wp-json\/wp\/v2\/media\/2203"}],"wp:attachment":[{"href":"https:\/\/www.regionalis.shop\/huizbirn\/wp-json\/wp\/v2\/media?parent=2202"}],"wp:term":[{"taxonomy":"product_brand","embeddable":true,"href":"https:\/\/www.regionalis.shop\/huizbirn\/wp-json\/wp\/v2\/product_brand?post=2202"},{"taxonomy":"product_cat","embeddable":true,"href":"https:\/\/www.regionalis.shop\/huizbirn\/wp-json\/wp\/v2\/product_cat?post=2202"},{"taxonomy":"product_tag","embeddable":true,"href":"https:\/\/www.regionalis.shop\/huizbirn\/wp-json\/wp\/v2\/product_tag?post=2202"}],"curies":[{"name":"wp","href":"https:\/\/api.w.org\/{rel}","templated":true}]}}