{"id":2206,"date":"2025-04-18T02:15:40","date_gmt":"2025-04-18T00:15:40","guid":{"rendered":"https:\/\/www.regionalis.shop\/huizbirn\/product\/holz-rollerpen-pen-zwetschke-geschenk-handmade-kugelschreiber-schreibgeraet\/"},"modified":"2025-04-18T02:15:40","modified_gmt":"2025-04-18T00:15:40","slug":"holz-rollerpen-pen-zwetschke-geschenk-handmade-kugelschreiber-schreibgeraet","status":"publish","type":"product","link":"https:\/\/www.regionalis.shop\/huizbirn\/shop\/holz-rollerpen-pen-zwetschke-geschenk-handmade-kugelschreiber-schreibgeraet\/","title":{"rendered":"Holz Rollerpen Pen Zwetschke Geschenk handmade Kugelschreiber Schreibger\u00e4t"},"content":{"rendered":"<p>Rollerpen aus \u00f6sterreichischer Zwetschke.<\/p>\n<p>Wundersch\u00f6n von Hand verarbeitet und ein absolutes Unikat!<\/p>\n<p>Material: Zwetschkenholz<\/p>\n<p>Bausatzfarbe: chrom<\/p>\n<p>Oberfl\u00e4che: fein geschliffen &#038; ge\u00f6lt, lebensmittelecht versiegelt, damit Sie nachhaltig Freude an Ihrem Schreibger\u00e4t haben<\/p>\n<p>Lieferung inklusive Geschenk-Karton.<\/p>\n<p>Ideal auch als Weihnachtsgeschenk, wenn Sie es nachhaltig und einzigartig m\u00f6chten!<\/p>\n","protected":false},"excerpt":{"rendered":"<p>Rollerpen aus \u00f6sterreichischer Zwetschke. Wundersch\u00f6n von Hand verarbeitet und ein absolutes Unikat! Material: Zwetschkenholz Bausatzfarbe: chrom Oberfl\u00e4che: fein geschliffen &#038; ge\u00f6lt, lebensmittelecht versiegelt, damit Sie nachhaltig Freude an Ihrem Schreibger\u00e4t haben Lieferung inklusive Geschenk-Karton. Ideal auch als Weihnachtsgeschenk, wenn Sie es nachhaltig und einzigartig m\u00f6chten!<\/p>\n","protected":false},"featured_media":2207,"template":"","meta":{"_acf_changed":false},"product_brand":[],"product_cat":[62,72],"product_tag":[],"class_list":{"0":"post-2206","1":"product","2":"type-product","3":"status-publish","4":"has-post-thumbnail","6":"product_cat-papeterie-schreibwaren","7":"product_cat-schreibwaren","9":"first","10":"instock","11":"purchasable","12":"product-type-simple"},"acf":[],"_links":{"self":[{"href":"https:\/\/www.regionalis.shop\/huizbirn\/wp-json\/wp\/v2\/product\/2206","targetHints":{"allow":["GET"]}}],"collection":[{"href":"https:\/\/www.regionalis.shop\/huizbirn\/wp-json\/wp\/v2\/product"}],"about":[{"href":"https:\/\/www.regionalis.shop\/huizbirn\/wp-json\/wp\/v2\/types\/product"}],"wp:featuredmedia":[{"embeddable":true,"href":"https:\/\/www.regionalis.shop\/huizbirn\/wp-json\/wp\/v2\/media\/2207"}],"wp:attachment":[{"href":"https:\/\/www.regionalis.shop\/huizbirn\/wp-json\/wp\/v2\/media?parent=2206"}],"wp:term":[{"taxonomy":"product_brand","embeddable":true,"href":"https:\/\/www.regionalis.shop\/huizbirn\/wp-json\/wp\/v2\/product_brand?post=2206"},{"taxonomy":"product_cat","embeddable":true,"href":"https:\/\/www.regionalis.shop\/huizbirn\/wp-json\/wp\/v2\/product_cat?post=2206"},{"taxonomy":"product_tag","embeddable":true,"href":"https:\/\/www.regionalis.shop\/huizbirn\/wp-json\/wp\/v2\/product_tag?post=2206"}],"curies":[{"name":"wp","href":"https:\/\/api.w.org\/{rel}","templated":true}]}}