{"id":2210,"date":"2025-04-18T02:15:40","date_gmt":"2025-04-18T00:15:40","guid":{"rendered":"https:\/\/www.regionalis.shop\/huizbirn\/product\/holz-ohrringe-esche-schmuck-trachtenschmuck-haengeohrringe-unikat-edelstahl\/"},"modified":"2025-04-18T02:15:40","modified_gmt":"2025-04-18T00:15:40","slug":"holz-ohrringe-esche-schmuck-trachtenschmuck-haengeohrringe-unikat-edelstahl","status":"publish","type":"product","link":"https:\/\/www.regionalis.shop\/huizbirn\/shop\/holz-ohrringe-esche-schmuck-trachtenschmuck-haengeohrringe-unikat-edelstahl\/","title":{"rendered":"Holz Ohrringe Esche Schmuck Trachtenschmuck H\u00e4ngeohrringe Unikat Edelstahl"},"content":{"rendered":"<p>Ein wundersch\u00f6nes paar H\u00e4ngeohrringe aus \u00f6sterreichischem Eschen Holz in Edelstahlfassung. Wenn Sie 2 wunderbare Unikate an Ihren Ohren<br \/>\ntragen m\u00f6chten, dann sind Sie genau richtig.<\/p>\n<p>Liebevolle Handarbeit mit H\u00f6lzern aus dem steirischen Wechselland.<\/p>\n<p>Gr\u00f6\u00dfe: Durchmesser 2 cm<br \/>\nHolzart: Esche<br \/>\nIn Edelstahlfassung<\/p>\n<p>Schenken Sie sich selbst oder Ihren liebsten ein Unikat aus Holz. Egal ob zu Geburtstag, Namenstag, Ostern, Weihnachten, Hochzeit, Valentinstag, Verlobung oder anderen Anl\u00e4ssen.<\/p>\n","protected":false},"excerpt":{"rendered":"<p>Ein wundersch\u00f6nes paar H\u00e4ngeohrringe aus \u00f6sterreichischem Eschen Holz in Edelstahlfassung. Wenn Sie 2 wunderbare Unikate an Ihren Ohren tragen m\u00f6chten, dann sind Sie genau richtig. Liebevolle Handarbeit mit H\u00f6lzern aus dem steirischen Wechselland. Gr\u00f6\u00dfe: Durchmesser 2 cm Holzart: Esche In Edelstahlfassung Schenken Sie sich selbst oder Ihren liebsten ein Unikat aus Holz. Egal ob zu &hellip; <a href=\"https:\/\/www.regionalis.shop\/huizbirn\/shop\/holz-ohrringe-esche-schmuck-trachtenschmuck-haengeohrringe-unikat-edelstahl\/\">Continued<\/a><\/p>\n","protected":false},"featured_media":2211,"template":"","meta":{"_acf_changed":false},"product_brand":[],"product_cat":[163,70],"product_tag":[],"class_list":{"0":"post-2210","1":"product","2":"type-product","3":"status-publish","4":"has-post-thumbnail","6":"product_cat-ohrringe","7":"product_cat-schmuck","9":"first","10":"instock","11":"purchasable","12":"product-type-simple"},"acf":[],"_links":{"self":[{"href":"https:\/\/www.regionalis.shop\/huizbirn\/wp-json\/wp\/v2\/product\/2210","targetHints":{"allow":["GET"]}}],"collection":[{"href":"https:\/\/www.regionalis.shop\/huizbirn\/wp-json\/wp\/v2\/product"}],"about":[{"href":"https:\/\/www.regionalis.shop\/huizbirn\/wp-json\/wp\/v2\/types\/product"}],"wp:featuredmedia":[{"embeddable":true,"href":"https:\/\/www.regionalis.shop\/huizbirn\/wp-json\/wp\/v2\/media\/2211"}],"wp:attachment":[{"href":"https:\/\/www.regionalis.shop\/huizbirn\/wp-json\/wp\/v2\/media?parent=2210"}],"wp:term":[{"taxonomy":"product_brand","embeddable":true,"href":"https:\/\/www.regionalis.shop\/huizbirn\/wp-json\/wp\/v2\/product_brand?post=2210"},{"taxonomy":"product_cat","embeddable":true,"href":"https:\/\/www.regionalis.shop\/huizbirn\/wp-json\/wp\/v2\/product_cat?post=2210"},{"taxonomy":"product_tag","embeddable":true,"href":"https:\/\/www.regionalis.shop\/huizbirn\/wp-json\/wp\/v2\/product_tag?post=2210"}],"curies":[{"name":"wp","href":"https:\/\/api.w.org\/{rel}","templated":true}]}}