{"id":2213,"date":"2025-04-18T02:15:40","date_gmt":"2025-04-18T00:15:40","guid":{"rendered":"https:\/\/www.regionalis.shop\/huizbirn\/product\/holz-wanduhr-30x20-cm-pappel-holzuhr-baumscheibenuhr-beschenk-holzdeko\/"},"modified":"2025-04-18T02:15:40","modified_gmt":"2025-04-18T00:15:40","slug":"holz-wanduhr-30x20-cm-pappel-holzuhr-baumscheibenuhr-beschenk-holzdeko","status":"publish","type":"product","link":"https:\/\/www.regionalis.shop\/huizbirn\/shop\/holz-wanduhr-30x20-cm-pappel-holzuhr-baumscheibenuhr-beschenk-holzdeko\/","title":{"rendered":"Holz Wanduhr 30&#215;20 cm Pappel Holzuhr Baumscheibenuhr Beschenk Holzdeko"},"content":{"rendered":"<p>Wanduhr aus \u00f6sterreichischem Pappelholz. Es handelt sich hier um ein handgefertigtes Unikat, Made in Austria. Das Holz selbst stammt von einer echten, steirischen Pappel aus dem Wechselgebiet.<\/p>\n<p>Ma\u00dfe: 30\u00a0x 20\u00a0cm<br \/>\nUhrwerk: hochwertiges, batteriebetriebenes Quartz Uhrwerk \u00a0(2 Jahre Garantie!)<br \/>\nOberfl\u00e4che: fein geschliffen und lebensmittelecht ge\u00f6lt<br \/>\nLieferumfang: Baumscheibe, Uhrwerk (ohne Batterie), Zeiger, Wandhaken<\/p>\n<p>Hol dir ein St\u00fcck Natur ins Haus!<\/p>\n<p>PS: Holz ist ein Naturprodukt, leichte Abweichungen in Form, Farbe oder Maserung oder Risse vorbehalten und kein Reklamationsgrund!<\/p>\n<p>Eine tolle Geschenksidee zum Geburtstag, Weihnachten oder anderen Anlass.<\/p>\n","protected":false},"excerpt":{"rendered":"<p>Wanduhr aus \u00f6sterreichischem Pappelholz. Es handelt sich hier um ein handgefertigtes Unikat, Made in Austria. Das Holz selbst stammt von einer echten, steirischen Pappel aus dem Wechselgebiet. Ma\u00dfe: 30\u00a0x 20\u00a0cm Uhrwerk: hochwertiges, batteriebetriebenes Quartz Uhrwerk \u00a0(2 Jahre Garantie!) Oberfl\u00e4che: fein geschliffen und lebensmittelecht ge\u00f6lt Lieferumfang: Baumscheibe, Uhrwerk (ohne Batterie), Zeiger, Wandhaken Hol dir ein St\u00fcck &hellip; <a href=\"https:\/\/www.regionalis.shop\/huizbirn\/shop\/holz-wanduhr-30x20-cm-pappel-holzuhr-baumscheibenuhr-beschenk-holzdeko\/\">Continued<\/a><\/p>\n","protected":false},"featured_media":2214,"template":"","meta":{"_acf_changed":false},"product_brand":[],"product_cat":[174,103],"product_tag":[],"class_list":{"0":"post-2213","1":"product","2":"type-product","3":"status-publish","4":"has-post-thumbnail","6":"product_cat-wohndekoration","7":"product_cat-wohnen-deko","9":"first","10":"instock","11":"purchasable","12":"product-type-simple"},"acf":[],"_links":{"self":[{"href":"https:\/\/www.regionalis.shop\/huizbirn\/wp-json\/wp\/v2\/product\/2213","targetHints":{"allow":["GET"]}}],"collection":[{"href":"https:\/\/www.regionalis.shop\/huizbirn\/wp-json\/wp\/v2\/product"}],"about":[{"href":"https:\/\/www.regionalis.shop\/huizbirn\/wp-json\/wp\/v2\/types\/product"}],"wp:featuredmedia":[{"embeddable":true,"href":"https:\/\/www.regionalis.shop\/huizbirn\/wp-json\/wp\/v2\/media\/2214"}],"wp:attachment":[{"href":"https:\/\/www.regionalis.shop\/huizbirn\/wp-json\/wp\/v2\/media?parent=2213"}],"wp:term":[{"taxonomy":"product_brand","embeddable":true,"href":"https:\/\/www.regionalis.shop\/huizbirn\/wp-json\/wp\/v2\/product_brand?post=2213"},{"taxonomy":"product_cat","embeddable":true,"href":"https:\/\/www.regionalis.shop\/huizbirn\/wp-json\/wp\/v2\/product_cat?post=2213"},{"taxonomy":"product_tag","embeddable":true,"href":"https:\/\/www.regionalis.shop\/huizbirn\/wp-json\/wp\/v2\/product_tag?post=2213"}],"curies":[{"name":"wp","href":"https:\/\/api.w.org\/{rel}","templated":true}]}}