{"id":2245,"date":"2025-04-18T02:09:53","date_gmt":"2025-04-18T00:09:53","guid":{"rendered":"https:\/\/www.regionalis.shop\/huizbirn\/product\/holz-armband-armkette-essigbaum-trachtenschmuck-2-cm-holzschmuck-armschmuck\/"},"modified":"2025-04-18T02:09:53","modified_gmt":"2025-04-18T00:09:53","slug":"holz-armband-armkette-essigbaum-trachtenschmuck-2-cm-holzschmuck-armschmuck","status":"publish","type":"product","link":"https:\/\/www.regionalis.shop\/huizbirn\/shop\/holz-armband-armkette-essigbaum-trachtenschmuck-2-cm-holzschmuck-armschmuck\/","title":{"rendered":"Holz Armband Armkette Essigbaum Trachtenschmuck 2 cm Holzschmuck Armschmuck"},"content":{"rendered":"<p>Wundersch\u00f6nes Armband Edelstahl verchromt und \u00f6sterreichischem Essigbaum-Holz. Ein tolles Accessoire und absoluter Hingucker.<\/p>\n<p>Liebevolle Handarbeit mit H\u00f6lzern aus dem steirischen Wechselland.<\/p>\n<p>Gr\u00f6\u00dfe: Durchmesser 2 cm<br \/>\nVerschluss: Karabiner<br \/>\nHolzart: Essigbaum<br \/>\nMaterial: Edelstahl, verchromt<\/p>\n<p>Ein nettes Geschenk f\u00fcr Geburtstag, Namenstag, Weihnachten, Oster, Einweihungsparty, Valentinstag oder einfach so!<\/p>\n","protected":false},"excerpt":{"rendered":"<p>Wundersch\u00f6nes Armband Edelstahl verchromt und \u00f6sterreichischem Essigbaum-Holz. Ein tolles Accessoire und absoluter Hingucker. Liebevolle Handarbeit mit H\u00f6lzern aus dem steirischen Wechselland. Gr\u00f6\u00dfe: Durchmesser 2 cm Verschluss: Karabiner Holzart: Essigbaum Material: Edelstahl, verchromt Ein nettes Geschenk f\u00fcr Geburtstag, Namenstag, Weihnachten, Oster, Einweihungsparty, Valentinstag oder einfach so!<\/p>\n","protected":false},"featured_media":2246,"template":"","meta":{"_acf_changed":false},"product_brand":[],"product_cat":[110,70],"product_tag":[],"class_list":{"0":"post-2245","1":"product","2":"type-product","3":"status-publish","4":"has-post-thumbnail","6":"product_cat-armbaender","7":"product_cat-schmuck","9":"first","10":"instock","11":"purchasable","12":"product-type-simple"},"acf":[],"_links":{"self":[{"href":"https:\/\/www.regionalis.shop\/huizbirn\/wp-json\/wp\/v2\/product\/2245","targetHints":{"allow":["GET"]}}],"collection":[{"href":"https:\/\/www.regionalis.shop\/huizbirn\/wp-json\/wp\/v2\/product"}],"about":[{"href":"https:\/\/www.regionalis.shop\/huizbirn\/wp-json\/wp\/v2\/types\/product"}],"wp:featuredmedia":[{"embeddable":true,"href":"https:\/\/www.regionalis.shop\/huizbirn\/wp-json\/wp\/v2\/media\/2246"}],"wp:attachment":[{"href":"https:\/\/www.regionalis.shop\/huizbirn\/wp-json\/wp\/v2\/media?parent=2245"}],"wp:term":[{"taxonomy":"product_brand","embeddable":true,"href":"https:\/\/www.regionalis.shop\/huizbirn\/wp-json\/wp\/v2\/product_brand?post=2245"},{"taxonomy":"product_cat","embeddable":true,"href":"https:\/\/www.regionalis.shop\/huizbirn\/wp-json\/wp\/v2\/product_cat?post=2245"},{"taxonomy":"product_tag","embeddable":true,"href":"https:\/\/www.regionalis.shop\/huizbirn\/wp-json\/wp\/v2\/product_tag?post=2245"}],"curies":[{"name":"wp","href":"https:\/\/api.w.org\/{rel}","templated":true}]}}