{"id":2251,"date":"2025-04-18T02:09:25","date_gmt":"2025-04-18T00:09:25","guid":{"rendered":"https:\/\/www.regionalis.shop\/huizbirn\/product\/holz-fueller-fuellfeder-fuellfederhalter-essigbaum-magnetverschluss-handmade\/"},"modified":"2025-04-18T02:09:25","modified_gmt":"2025-04-18T00:09:25","slug":"holz-fueller-fuellfeder-fuellfederhalter-essigbaum-magnetverschluss-handmade","status":"publish","type":"product","link":"https:\/\/www.regionalis.shop\/huizbirn\/shop\/holz-fueller-fuellfeder-fuellfederhalter-essigbaum-magnetverschluss-handmade\/","title":{"rendered":"Holz F\u00fcller F\u00fcllfeder F\u00fcllfederhalter Essigbaum Magnetverschluss handmade"},"content":{"rendered":"<p>Handgearbeitete F\u00fcllfeder mit Magnetkappe, handgefertigt aus \u00f6sterreichischem Essigbaum-Holz.<\/p>\n<p>Ein absolutes Unikat!<\/p>\n<p>Tintenkammer mit Platz f\u00fcr 2 Patronen<br \/>\nLieferung erfolgt im handgefertigtem Stoff-T\u00e4schchen<br \/>\nL\u00e4nge ca. 13.5 cm, Bausatz-Farbe: 24 k vergoldet<br \/>\nOberfl\u00e4che gedrechselt, fein geschliffen, ge\u00f6lt und lebensmittelecht versiegelt &#8211; dadurch ist dauerhafter Schutz gew\u00e4hrleistet<\/p>\n<p>Jedes Schreibger\u00e4t ist ein absolutes Unikat und ein ideales Geschenk.<\/p>\n<p>Eine tolle Geschenksidee zum Geburtstag, Weihnachten oder anderen Anlass.<\/p>\n","protected":false},"excerpt":{"rendered":"<p>Handgearbeitete F\u00fcllfeder mit Magnetkappe, handgefertigt aus \u00f6sterreichischem Essigbaum-Holz. Ein absolutes Unikat! Tintenkammer mit Platz f\u00fcr 2 Patronen Lieferung erfolgt im handgefertigtem Stoff-T\u00e4schchen L\u00e4nge ca. 13.5 cm, Bausatz-Farbe: 24 k vergoldet Oberfl\u00e4che gedrechselt, fein geschliffen, ge\u00f6lt und lebensmittelecht versiegelt &#8211; dadurch ist dauerhafter Schutz gew\u00e4hrleistet Jedes Schreibger\u00e4t ist ein absolutes Unikat und ein ideales Geschenk. Eine &hellip; <a href=\"https:\/\/www.regionalis.shop\/huizbirn\/shop\/holz-fueller-fuellfeder-fuellfederhalter-essigbaum-magnetverschluss-handmade\/\">Continued<\/a><\/p>\n","protected":false},"featured_media":2252,"template":"","meta":{"_acf_changed":false},"product_brand":[],"product_cat":[62,72],"product_tag":[],"class_list":{"0":"post-2251","1":"product","2":"type-product","3":"status-publish","4":"has-post-thumbnail","6":"product_cat-papeterie-schreibwaren","7":"product_cat-schreibwaren","9":"first","10":"instock","11":"purchasable","12":"product-type-simple"},"acf":[],"_links":{"self":[{"href":"https:\/\/www.regionalis.shop\/huizbirn\/wp-json\/wp\/v2\/product\/2251","targetHints":{"allow":["GET"]}}],"collection":[{"href":"https:\/\/www.regionalis.shop\/huizbirn\/wp-json\/wp\/v2\/product"}],"about":[{"href":"https:\/\/www.regionalis.shop\/huizbirn\/wp-json\/wp\/v2\/types\/product"}],"wp:featuredmedia":[{"embeddable":true,"href":"https:\/\/www.regionalis.shop\/huizbirn\/wp-json\/wp\/v2\/media\/2252"}],"wp:attachment":[{"href":"https:\/\/www.regionalis.shop\/huizbirn\/wp-json\/wp\/v2\/media?parent=2251"}],"wp:term":[{"taxonomy":"product_brand","embeddable":true,"href":"https:\/\/www.regionalis.shop\/huizbirn\/wp-json\/wp\/v2\/product_brand?post=2251"},{"taxonomy":"product_cat","embeddable":true,"href":"https:\/\/www.regionalis.shop\/huizbirn\/wp-json\/wp\/v2\/product_cat?post=2251"},{"taxonomy":"product_tag","embeddable":true,"href":"https:\/\/www.regionalis.shop\/huizbirn\/wp-json\/wp\/v2\/product_tag?post=2251"}],"curies":[{"name":"wp","href":"https:\/\/api.w.org\/{rel}","templated":true}]}}