{"id":2255,"date":"2025-04-18T02:09:25","date_gmt":"2025-04-18T00:09:25","guid":{"rendered":"https:\/\/www.regionalis.shop\/huizbirn\/product\/holz-schmuckset-armreif-holzohrringe-goldregen-rosegold-ohrschmuck-geschenk\/"},"modified":"2025-04-18T02:09:25","modified_gmt":"2025-04-18T00:09:25","slug":"holz-schmuckset-armreif-holzohrringe-goldregen-rosegold-ohrschmuck-geschenk","status":"publish","type":"product","link":"https:\/\/www.regionalis.shop\/huizbirn\/shop\/holz-schmuckset-armreif-holzohrringe-goldregen-rosegold-ohrschmuck-geschenk\/","title":{"rendered":"Holz Schmuckset Armreif Holzohrringe Goldregen rosegold Ohrschmuck Geschenk"},"content":{"rendered":"<p>Wundersch\u00f6nes Schmuckset mit Armreif und \u00a0Ohrringen in rosegold.<br \/>\nDieses einzigartige Schmuckset in Edelstahlfassung (rosegold) passt zu jedem Outfit und jedem Anlass. Ein absolutes Unikat, gefertigt in liebevoller Handarbeit.<\/p>\n<p>Wenn Sie also Wert auf einzigartige Optik mit regionalem Bezug legen, dann passt dieses Set genau zu Ihnen.<\/p>\n<p>Gr\u00f6\u00dfe Ohrringe Durchmesser 2 cm<br \/>\nGr\u00f6\u00dfe Armreif\u00a0verstellbar, Holzelement Durchmesser: 2 cm<br \/>\nHolzart: Goldregen, in Edelstahlfassung<\/p>\n<p>Schenken Sie sich selbst oder Ihren liebsten ein Unikat aus Holz. Egal ob zu Geburtstag, Namenstag, Ostern, Weihnachten, Hochzeit, Valentinstag, Verlobung oder anderen Anl\u00e4ssen.<\/p>\n","protected":false},"excerpt":{"rendered":"<p>Wundersch\u00f6nes Schmuckset mit Armreif und \u00a0Ohrringen in rosegold. Dieses einzigartige Schmuckset in Edelstahlfassung (rosegold) passt zu jedem Outfit und jedem Anlass. Ein absolutes Unikat, gefertigt in liebevoller Handarbeit. Wenn Sie also Wert auf einzigartige Optik mit regionalem Bezug legen, dann passt dieses Set genau zu Ihnen. Gr\u00f6\u00dfe Ohrringe Durchmesser 2 cm Gr\u00f6\u00dfe Armreif\u00a0verstellbar, Holzelement Durchmesser: &hellip; <a href=\"https:\/\/www.regionalis.shop\/huizbirn\/shop\/holz-schmuckset-armreif-holzohrringe-goldregen-rosegold-ohrschmuck-geschenk\/\">Continued<\/a><\/p>\n","protected":false},"featured_media":2256,"template":"","meta":{"_acf_changed":false},"product_brand":[],"product_cat":[70,71],"product_tag":[],"class_list":{"0":"post-2255","1":"product","2":"type-product","3":"status-publish","4":"has-post-thumbnail","6":"product_cat-schmuck","7":"product_cat-schmucksets","9":"first","10":"instock","11":"purchasable","12":"product-type-simple"},"acf":[],"_links":{"self":[{"href":"https:\/\/www.regionalis.shop\/huizbirn\/wp-json\/wp\/v2\/product\/2255","targetHints":{"allow":["GET"]}}],"collection":[{"href":"https:\/\/www.regionalis.shop\/huizbirn\/wp-json\/wp\/v2\/product"}],"about":[{"href":"https:\/\/www.regionalis.shop\/huizbirn\/wp-json\/wp\/v2\/types\/product"}],"wp:featuredmedia":[{"embeddable":true,"href":"https:\/\/www.regionalis.shop\/huizbirn\/wp-json\/wp\/v2\/media\/2256"}],"wp:attachment":[{"href":"https:\/\/www.regionalis.shop\/huizbirn\/wp-json\/wp\/v2\/media?parent=2255"}],"wp:term":[{"taxonomy":"product_brand","embeddable":true,"href":"https:\/\/www.regionalis.shop\/huizbirn\/wp-json\/wp\/v2\/product_brand?post=2255"},{"taxonomy":"product_cat","embeddable":true,"href":"https:\/\/www.regionalis.shop\/huizbirn\/wp-json\/wp\/v2\/product_cat?post=2255"},{"taxonomy":"product_tag","embeddable":true,"href":"https:\/\/www.regionalis.shop\/huizbirn\/wp-json\/wp\/v2\/product_tag?post=2255"}],"curies":[{"name":"wp","href":"https:\/\/api.w.org\/{rel}","templated":true}]}}