{"id":2264,"date":"2025-04-18T02:09:06","date_gmt":"2025-04-18T00:09:06","guid":{"rendered":"https:\/\/www.regionalis.shop\/huizbirn\/product\/holz-ohrringe-2-cm-trachtenschmuck-ohranhaenger-walnuss-ohrschmuck-schmuck\/"},"modified":"2025-04-18T02:09:06","modified_gmt":"2025-04-18T00:09:06","slug":"holz-ohrringe-2-cm-trachtenschmuck-ohranhaenger-walnuss-ohrschmuck-schmuck","status":"publish","type":"product","link":"https:\/\/www.regionalis.shop\/huizbirn\/shop\/holz-ohrringe-2-cm-trachtenschmuck-ohranhaenger-walnuss-ohrschmuck-schmuck\/","title":{"rendered":"Holz Ohrringe 2 cm Trachtenschmuck Ohranh\u00e4nger Walnuss Ohrschmuck Schmuck"},"content":{"rendered":"<p>Ein wundersch\u00f6nes Paar H\u00e4ngeohrringe aus \u00f6sterreichischer Walnuss und vergoldetem Edelstahl. Wenn Sie 2 wunderbare Unikate an Ihren Ohren<br \/>\ntragen m\u00f6chten, dann sind Sie genau richtig.<\/p>\n<p>Liebevolle Handarbeit mit H\u00f6lzern aus dem steirischen Wechselland.<\/p>\n<p>Gr\u00f6\u00dfe: Durchmesser 2 cm<br \/>\nHolzart: Walnuss<br \/>\nmit Karabinerverschluss<\/p>\n<p>Schenken Sie sich selbst oder Ihren liebsten ein Unikat aus Holz. Egal ob zu Geburtstag, Namenstag, Ostern, Weihnachten, Hochzeit, Valentinstag, Verlobung oder anderen Anl\u00e4ssen.<\/p>\n","protected":false},"excerpt":{"rendered":"<p>Ein wundersch\u00f6nes Paar H\u00e4ngeohrringe aus \u00f6sterreichischer Walnuss und vergoldetem Edelstahl. Wenn Sie 2 wunderbare Unikate an Ihren Ohren tragen m\u00f6chten, dann sind Sie genau richtig. Liebevolle Handarbeit mit H\u00f6lzern aus dem steirischen Wechselland. Gr\u00f6\u00dfe: Durchmesser 2 cm Holzart: Walnuss mit Karabinerverschluss Schenken Sie sich selbst oder Ihren liebsten ein Unikat aus Holz. Egal ob zu &hellip; <a href=\"https:\/\/www.regionalis.shop\/huizbirn\/shop\/holz-ohrringe-2-cm-trachtenschmuck-ohranhaenger-walnuss-ohrschmuck-schmuck\/\">Continued<\/a><\/p>\n","protected":false},"featured_media":2265,"template":"","meta":{"_acf_changed":false},"product_brand":[],"product_cat":[163,70],"product_tag":[],"class_list":{"0":"post-2264","1":"product","2":"type-product","3":"status-publish","4":"has-post-thumbnail","6":"product_cat-ohrringe","7":"product_cat-schmuck","9":"first","10":"instock","11":"purchasable","12":"product-type-simple"},"acf":[],"_links":{"self":[{"href":"https:\/\/www.regionalis.shop\/huizbirn\/wp-json\/wp\/v2\/product\/2264","targetHints":{"allow":["GET"]}}],"collection":[{"href":"https:\/\/www.regionalis.shop\/huizbirn\/wp-json\/wp\/v2\/product"}],"about":[{"href":"https:\/\/www.regionalis.shop\/huizbirn\/wp-json\/wp\/v2\/types\/product"}],"wp:featuredmedia":[{"embeddable":true,"href":"https:\/\/www.regionalis.shop\/huizbirn\/wp-json\/wp\/v2\/media\/2265"}],"wp:attachment":[{"href":"https:\/\/www.regionalis.shop\/huizbirn\/wp-json\/wp\/v2\/media?parent=2264"}],"wp:term":[{"taxonomy":"product_brand","embeddable":true,"href":"https:\/\/www.regionalis.shop\/huizbirn\/wp-json\/wp\/v2\/product_brand?post=2264"},{"taxonomy":"product_cat","embeddable":true,"href":"https:\/\/www.regionalis.shop\/huizbirn\/wp-json\/wp\/v2\/product_cat?post=2264"},{"taxonomy":"product_tag","embeddable":true,"href":"https:\/\/www.regionalis.shop\/huizbirn\/wp-json\/wp\/v2\/product_tag?post=2264"}],"curies":[{"name":"wp","href":"https:\/\/api.w.org\/{rel}","templated":true}]}}