{"id":2274,"date":"2025-04-18T02:08:17","date_gmt":"2025-04-18T00:08:17","guid":{"rendered":"https:\/\/www.regionalis.shop\/huizbirn\/product\/osterhase-hasen-holz-handmade-geschenk-osterdeko-holzdeko\/"},"modified":"2025-04-18T02:08:17","modified_gmt":"2025-04-18T00:08:17","slug":"osterhase-hasen-holz-handmade-geschenk-osterdeko-holzdeko","status":"publish","type":"product","link":"https:\/\/www.regionalis.shop\/huizbirn\/shop\/osterhase-hasen-holz-handmade-geschenk-osterdeko-holzdeko\/","title":{"rendered":"Osterhase Hasen Holz handmade Geschenk Osterdeko Holzdeko"},"content":{"rendered":"<p>Sch\u00f6ne Osterdeko &#8211; Osterhase aus Holz. Handgefertigt aus gew\u00fcnschtem Holz mit Filzohren und Stoffschleife.<\/p>\n<p>Holzart wird zuf\u00e4llig ausgew\u00e4hlt oder kann auf Wunsch ausgesucht werden.<\/p>\n<p>H\u00f6he ca. 15 cm<\/p>\n<p>Handgefertigt. Oberfl\u00e4che fein geschliffen, natur belassen.<\/p>\n","protected":false},"excerpt":{"rendered":"<p>Sch\u00f6ne Osterdeko &#8211; Osterhase aus Holz. Handgefertigt aus gew\u00fcnschtem Holz mit Filzohren und Stoffschleife. Holzart wird zuf\u00e4llig ausgew\u00e4hlt oder kann auf Wunsch ausgesucht werden. H\u00f6he ca. 15 cm Handgefertigt. Oberfl\u00e4che fein geschliffen, natur belassen.<\/p>\n","protected":false},"featured_media":2275,"template":"","meta":{"_acf_changed":false},"product_brand":[],"product_cat":[174,103],"product_tag":[],"class_list":{"0":"post-2274","1":"product","2":"type-product","3":"status-publish","4":"has-post-thumbnail","6":"product_cat-wohndekoration","7":"product_cat-wohnen-deko","9":"first","10":"instock","11":"purchasable","12":"product-type-simple"},"acf":[],"_links":{"self":[{"href":"https:\/\/www.regionalis.shop\/huizbirn\/wp-json\/wp\/v2\/product\/2274","targetHints":{"allow":["GET"]}}],"collection":[{"href":"https:\/\/www.regionalis.shop\/huizbirn\/wp-json\/wp\/v2\/product"}],"about":[{"href":"https:\/\/www.regionalis.shop\/huizbirn\/wp-json\/wp\/v2\/types\/product"}],"wp:featuredmedia":[{"embeddable":true,"href":"https:\/\/www.regionalis.shop\/huizbirn\/wp-json\/wp\/v2\/media\/2275"}],"wp:attachment":[{"href":"https:\/\/www.regionalis.shop\/huizbirn\/wp-json\/wp\/v2\/media?parent=2274"}],"wp:term":[{"taxonomy":"product_brand","embeddable":true,"href":"https:\/\/www.regionalis.shop\/huizbirn\/wp-json\/wp\/v2\/product_brand?post=2274"},{"taxonomy":"product_cat","embeddable":true,"href":"https:\/\/www.regionalis.shop\/huizbirn\/wp-json\/wp\/v2\/product_cat?post=2274"},{"taxonomy":"product_tag","embeddable":true,"href":"https:\/\/www.regionalis.shop\/huizbirn\/wp-json\/wp\/v2\/product_tag?post=2274"}],"curies":[{"name":"wp","href":"https:\/\/api.w.org\/{rel}","templated":true}]}}