{"id":2311,"date":"2025-04-18T01:48:43","date_gmt":"2025-04-17T23:48:43","guid":{"rendered":"https:\/\/www.regionalis.shop\/huizbirn\/product\/holz-bieroeffner-flaschenoeffner-oeffner-eberesche-kapselheber-geschenk-gravur\/"},"modified":"2025-04-18T01:48:43","modified_gmt":"2025-04-17T23:48:43","slug":"holz-bieroeffner-flaschenoeffner-oeffner-eberesche-kapselheber-geschenk-gravur","status":"publish","type":"product","link":"https:\/\/www.regionalis.shop\/huizbirn\/shop\/holz-bieroeffner-flaschenoeffner-oeffner-eberesche-kapselheber-geschenk-gravur\/","title":{"rendered":"Holz Bier\u00f6ffner Flaschen\u00f6ffner \u00d6ffner Eberesche Kapselheber Geschenk Gravur"},"content":{"rendered":"<p>Flaschen\u00f6ffner aus \u00f6sterreichischem Ebererschenholz.<br \/>\nEin wundersch\u00f6nes Unikat, ideales Geschenk oder f\u00fcr den eigenen Haushalt.<\/p>\n<p>Oberfl\u00e4che: fein geschliffen und ge\u00f6lt<br \/>\nL\u00e4nge: 12,5 cm<\/p>\n<p>&#8211;Achtung: Gegen Aufpreis von 8 \u20ac auch Wunschgravur (Namen, etc&#8230;) m\u00f6glich &#8211; einfach bei der Bestellung bekanntgeben.&#8211;<\/p>\n<p>Ein tolles, handgearbeitetes Unikat aus \u00d6sterreich &#8211; ideal als Geschenk zum Geburtstag, Weihnachten oder sonstigen Anl\u00e4ssen.<\/p>\n","protected":false},"excerpt":{"rendered":"<p>Flaschen\u00f6ffner aus \u00f6sterreichischem Ebererschenholz. Ein wundersch\u00f6nes Unikat, ideales Geschenk oder f\u00fcr den eigenen Haushalt. Oberfl\u00e4che: fein geschliffen und ge\u00f6lt L\u00e4nge: 12,5 cm &#8211;Achtung: Gegen Aufpreis von 8 \u20ac auch Wunschgravur (Namen, etc&#8230;) m\u00f6glich &#8211; einfach bei der Bestellung bekanntgeben.&#8211; Ein tolles, handgearbeitetes Unikat aus \u00d6sterreich &#8211; ideal als Geschenk zum Geburtstag, Weihnachten oder sonstigen Anl\u00e4ssen.<\/p>\n","protected":false},"featured_media":2312,"template":"","meta":{"_acf_changed":false},"product_brand":[],"product_cat":[127,103],"product_tag":[],"class_list":{"0":"post-2311","1":"product","2":"type-product","3":"status-publish","4":"has-post-thumbnail","6":"product_cat-essen-trinken","7":"product_cat-wohnen-deko","9":"first","10":"instock","11":"purchasable","12":"product-type-simple"},"acf":[],"_links":{"self":[{"href":"https:\/\/www.regionalis.shop\/huizbirn\/wp-json\/wp\/v2\/product\/2311","targetHints":{"allow":["GET"]}}],"collection":[{"href":"https:\/\/www.regionalis.shop\/huizbirn\/wp-json\/wp\/v2\/product"}],"about":[{"href":"https:\/\/www.regionalis.shop\/huizbirn\/wp-json\/wp\/v2\/types\/product"}],"wp:featuredmedia":[{"embeddable":true,"href":"https:\/\/www.regionalis.shop\/huizbirn\/wp-json\/wp\/v2\/media\/2312"}],"wp:attachment":[{"href":"https:\/\/www.regionalis.shop\/huizbirn\/wp-json\/wp\/v2\/media?parent=2311"}],"wp:term":[{"taxonomy":"product_brand","embeddable":true,"href":"https:\/\/www.regionalis.shop\/huizbirn\/wp-json\/wp\/v2\/product_brand?post=2311"},{"taxonomy":"product_cat","embeddable":true,"href":"https:\/\/www.regionalis.shop\/huizbirn\/wp-json\/wp\/v2\/product_cat?post=2311"},{"taxonomy":"product_tag","embeddable":true,"href":"https:\/\/www.regionalis.shop\/huizbirn\/wp-json\/wp\/v2\/product_tag?post=2311"}],"curies":[{"name":"wp","href":"https:\/\/api.w.org\/{rel}","templated":true}]}}