{"id":2318,"date":"2025-04-18T01:48:43","date_gmt":"2025-04-17T23:48:43","guid":{"rendered":"https:\/\/www.regionalis.shop\/huizbirn\/product\/holz-rollerpen-kugelschreiber-penr-zeder-handarbeit-magnetkappe-unikat-geschenk\/"},"modified":"2025-04-18T01:48:43","modified_gmt":"2025-04-17T23:48:43","slug":"holz-rollerpen-kugelschreiber-penr-zeder-handarbeit-magnetkappe-unikat-geschenk","status":"publish","type":"product","link":"https:\/\/www.regionalis.shop\/huizbirn\/shop\/holz-rollerpen-kugelschreiber-penr-zeder-handarbeit-magnetkappe-unikat-geschenk\/","title":{"rendered":"Holz Rollerpen Kugelschreiber Penr Zeder Handarbeit Magnetkappe Unikat Geschenk"},"content":{"rendered":"<p>Handgearbeiteter Holz Rollerpen mit Magnetkappe, handgefertigt aus \u00f6sterreichischem Zedern-Holz.<\/p>\n<p>Ein absolutes Unikat!<br \/>\n&#8211; wechselbare Mine<br \/>\n&#8211; Lieferung erfolgt im handgefertigtem Stoff-T\u00e4schchen<br \/>\n&#8211; L\u00e4nge ca. 13.5 cm, Bausatz 24k vergoldet!<br \/>\n&#8211; \u00d6sterreichische Eiche aus der Steiermark<br \/>\n&#8211; Oberfl\u00e4che des Holzes wurde fein geschliffen, lebensmittelecht ge\u00f6lt\/versiegelt und poliert- dadurch ist dauerhafter Schutz gew\u00e4hrleistet.<\/p>\n<p>Jede F\u00fcllfeder ist ein absolutes Unikat und ein ideales Geschenk.<\/p>\n<p>Eine tolle Geschenksidee zum Geburtstag, Weihnachten oder anderen Anlass.<\/p>\n","protected":false},"excerpt":{"rendered":"<p>Handgearbeiteter Holz Rollerpen mit Magnetkappe, handgefertigt aus \u00f6sterreichischem Zedern-Holz. Ein absolutes Unikat! &#8211; wechselbare Mine &#8211; Lieferung erfolgt im handgefertigtem Stoff-T\u00e4schchen &#8211; L\u00e4nge ca. 13.5 cm, Bausatz 24k vergoldet! &#8211; \u00d6sterreichische Eiche aus der Steiermark &#8211; Oberfl\u00e4che des Holzes wurde fein geschliffen, lebensmittelecht ge\u00f6lt\/versiegelt und poliert- dadurch ist dauerhafter Schutz gew\u00e4hrleistet. Jede F\u00fcllfeder ist ein &hellip; <a href=\"https:\/\/www.regionalis.shop\/huizbirn\/shop\/holz-rollerpen-kugelschreiber-penr-zeder-handarbeit-magnetkappe-unikat-geschenk\/\">Continued<\/a><\/p>\n","protected":false},"featured_media":2319,"template":"","meta":{"_acf_changed":false},"product_brand":[],"product_cat":[62,72],"product_tag":[],"class_list":{"0":"post-2318","1":"product","2":"type-product","3":"status-publish","4":"has-post-thumbnail","6":"product_cat-papeterie-schreibwaren","7":"product_cat-schreibwaren","9":"first","10":"instock","11":"purchasable","12":"product-type-simple"},"acf":[],"_links":{"self":[{"href":"https:\/\/www.regionalis.shop\/huizbirn\/wp-json\/wp\/v2\/product\/2318","targetHints":{"allow":["GET"]}}],"collection":[{"href":"https:\/\/www.regionalis.shop\/huizbirn\/wp-json\/wp\/v2\/product"}],"about":[{"href":"https:\/\/www.regionalis.shop\/huizbirn\/wp-json\/wp\/v2\/types\/product"}],"wp:featuredmedia":[{"embeddable":true,"href":"https:\/\/www.regionalis.shop\/huizbirn\/wp-json\/wp\/v2\/media\/2319"}],"wp:attachment":[{"href":"https:\/\/www.regionalis.shop\/huizbirn\/wp-json\/wp\/v2\/media?parent=2318"}],"wp:term":[{"taxonomy":"product_brand","embeddable":true,"href":"https:\/\/www.regionalis.shop\/huizbirn\/wp-json\/wp\/v2\/product_brand?post=2318"},{"taxonomy":"product_cat","embeddable":true,"href":"https:\/\/www.regionalis.shop\/huizbirn\/wp-json\/wp\/v2\/product_cat?post=2318"},{"taxonomy":"product_tag","embeddable":true,"href":"https:\/\/www.regionalis.shop\/huizbirn\/wp-json\/wp\/v2\/product_tag?post=2318"}],"curies":[{"name":"wp","href":"https:\/\/api.w.org\/{rel}","templated":true}]}}