{"id":2338,"date":"2025-04-18T01:41:04","date_gmt":"2025-04-17T23:41:04","guid":{"rendered":"https:\/\/www.regionalis.shop\/huizbirn\/product\/holzbild-305x20-cm-gartenzwerg-holz-dekoration-schriftbild-wandbild-handarbeit\/"},"modified":"2025-04-18T01:41:04","modified_gmt":"2025-04-17T23:41:04","slug":"holzbild-305x20-cm-gartenzwerg-holz-dekoration-schriftbild-wandbild-handarbeit","status":"publish","type":"product","link":"https:\/\/www.regionalis.shop\/huizbirn\/shop\/holzbild-305x20-cm-gartenzwerg-holz-dekoration-schriftbild-wandbild-handarbeit\/","title":{"rendered":"Holzbild 30,5&#215;20 cm Gartenzwerg Holz Dekoration Schriftbild Wandbild Handarbeit"},"content":{"rendered":"<p>Handgefertigtes Holz Wandbild aus \u00f6sterreichischem Holz.\u00a0<\/p>\n<p>Die Holzplatte ist mit kleinen Baumscheiben in verschiedenen Gr\u00f6\u00dfen verziert. Der Schriftzug mit Acryl ausgemalt und mit wetterfestem Lack \u00fcberzogen.<\/p>\n<p>Passt in Ihr Eigenheim, eignet sich aber auch als ideales Hochzeitsgeschenk, Geschenk f\u00fcr den Valentinstag, Geburtstag oder einfach so.<\/p>\n<p>Ma\u00dfe: ca. 30,5\u00a0x 20\u00a0cm<\/p>\n<p>Liebevoll handgearbeitet und Made in Austria.\u00a0<\/p>\n<p>Die Oberfl\u00e4che ist naturbelassen, lediglich der Schriftzug wurde wetterfest lackiert.<\/p>\n<p>Schenken Sie sich selbst oder Ihren liebsten ein Unikat aus Holz. Egal ob zu Geburtstag, Namenstag, Ostern, Weihnachten, Hochzeit, Valentinstag, Verlobung oder anderen Anl\u00e4ssen.<\/p>\n","protected":false},"excerpt":{"rendered":"<p>Handgefertigtes Holz Wandbild aus \u00f6sterreichischem Holz.\u00a0 Die Holzplatte ist mit kleinen Baumscheiben in verschiedenen Gr\u00f6\u00dfen verziert. Der Schriftzug mit Acryl ausgemalt und mit wetterfestem Lack \u00fcberzogen. Passt in Ihr Eigenheim, eignet sich aber auch als ideales Hochzeitsgeschenk, Geschenk f\u00fcr den Valentinstag, Geburtstag oder einfach so. Ma\u00dfe: ca. 30,5\u00a0x 20\u00a0cm Liebevoll handgearbeitet und Made in Austria.\u00a0 &hellip; <a href=\"https:\/\/www.regionalis.shop\/huizbirn\/shop\/holzbild-305x20-cm-gartenzwerg-holz-dekoration-schriftbild-wandbild-handarbeit\/\">Continued<\/a><\/p>\n","protected":false},"featured_media":2339,"template":"","meta":{"_acf_changed":false},"product_brand":[],"product_cat":[174,103],"product_tag":[],"class_list":{"0":"post-2338","1":"product","2":"type-product","3":"status-publish","4":"has-post-thumbnail","6":"product_cat-wohndekoration","7":"product_cat-wohnen-deko","9":"first","10":"instock","11":"purchasable","12":"product-type-simple"},"acf":[],"_links":{"self":[{"href":"https:\/\/www.regionalis.shop\/huizbirn\/wp-json\/wp\/v2\/product\/2338","targetHints":{"allow":["GET"]}}],"collection":[{"href":"https:\/\/www.regionalis.shop\/huizbirn\/wp-json\/wp\/v2\/product"}],"about":[{"href":"https:\/\/www.regionalis.shop\/huizbirn\/wp-json\/wp\/v2\/types\/product"}],"wp:featuredmedia":[{"embeddable":true,"href":"https:\/\/www.regionalis.shop\/huizbirn\/wp-json\/wp\/v2\/media\/2339"}],"wp:attachment":[{"href":"https:\/\/www.regionalis.shop\/huizbirn\/wp-json\/wp\/v2\/media?parent=2338"}],"wp:term":[{"taxonomy":"product_brand","embeddable":true,"href":"https:\/\/www.regionalis.shop\/huizbirn\/wp-json\/wp\/v2\/product_brand?post=2338"},{"taxonomy":"product_cat","embeddable":true,"href":"https:\/\/www.regionalis.shop\/huizbirn\/wp-json\/wp\/v2\/product_cat?post=2338"},{"taxonomy":"product_tag","embeddable":true,"href":"https:\/\/www.regionalis.shop\/huizbirn\/wp-json\/wp\/v2\/product_tag?post=2338"}],"curies":[{"name":"wp","href":"https:\/\/api.w.org\/{rel}","templated":true}]}}