{"id":2348,"date":"2025-04-18T01:39:10","date_gmt":"2025-04-17T23:39:10","guid":{"rendered":"https:\/\/www.regionalis.shop\/huizbirn\/product\/ringdose-schmuckdose-schatulle-ringbox-verlobung-hochzeit-holzdose-geschenk\/"},"modified":"2025-04-18T01:39:10","modified_gmt":"2025-04-17T23:39:10","slug":"ringdose-schmuckdose-schatulle-ringbox-verlobung-hochzeit-holzdose-geschenk","status":"publish","type":"product","link":"https:\/\/www.regionalis.shop\/huizbirn\/shop\/ringdose-schmuckdose-schatulle-ringbox-verlobung-hochzeit-holzdose-geschenk\/","title":{"rendered":"Ringdose Schmuckdose Schatulle Ringbox Verlobung Hochzeit Holzdose Geschenk"},"content":{"rendered":"<p>Handgefertigte Ringdose aus \u00f6sterreichischem Walnussholz mit Deckel.<\/p>\n<p>Machen Sie diesen sch\u00f6nen Moment noch sch\u00f6ner und \u00fcberraschen Sie Ihren Partner mit dieser Schmuckdose der besonderen Art.<\/p>\n<p>Damit kommt der Ring oder Ihr Schmuck noch besser zur Geltung &#8211; egal ob bei der Hochzeit, Verlobung, Geburtstag oder jedem anderen, pers\u00f6nlichen Anlass.<\/p>\n<p>Ma\u00dfe: 5 cm x 7,5 cm<br \/>\nOberfl\u00e4che: fein geschliffen, lebensmittelecht ge\u00f6lt<\/p>\n<p>Schenken Sie sich selbst oder Ihren liebsten ein Unikat aus Holz. Egal ob zu Geburtstag, Namenstag, Ostern, Weihnachten, Hochzeit, Valentinstag, Verlobung oder anderen Anl\u00e4ssen.<\/p>\n","protected":false},"excerpt":{"rendered":"<p>Handgefertigte Ringdose aus \u00f6sterreichischem Walnussholz mit Deckel. Machen Sie diesen sch\u00f6nen Moment noch sch\u00f6ner und \u00fcberraschen Sie Ihren Partner mit dieser Schmuckdose der besonderen Art. Damit kommt der Ring oder Ihr Schmuck noch besser zur Geltung &#8211; egal ob bei der Hochzeit, Verlobung, Geburtstag oder jedem anderen, pers\u00f6nlichen Anlass. Ma\u00dfe: 5 cm x 7,5 cm &hellip; <a href=\"https:\/\/www.regionalis.shop\/huizbirn\/shop\/ringdose-schmuckdose-schatulle-ringbox-verlobung-hochzeit-holzdose-geschenk\/\">Continued<\/a><\/p>\n","protected":false},"featured_media":2349,"template":"","meta":{"_acf_changed":false},"product_brand":[],"product_cat":[165,70],"product_tag":[],"class_list":{"0":"post-2348","1":"product","2":"type-product","3":"status-publish","4":"has-post-thumbnail","6":"product_cat-ringe","7":"product_cat-schmuck","9":"first","10":"instock","11":"purchasable","12":"product-type-simple"},"acf":[],"_links":{"self":[{"href":"https:\/\/www.regionalis.shop\/huizbirn\/wp-json\/wp\/v2\/product\/2348","targetHints":{"allow":["GET"]}}],"collection":[{"href":"https:\/\/www.regionalis.shop\/huizbirn\/wp-json\/wp\/v2\/product"}],"about":[{"href":"https:\/\/www.regionalis.shop\/huizbirn\/wp-json\/wp\/v2\/types\/product"}],"wp:featuredmedia":[{"embeddable":true,"href":"https:\/\/www.regionalis.shop\/huizbirn\/wp-json\/wp\/v2\/media\/2349"}],"wp:attachment":[{"href":"https:\/\/www.regionalis.shop\/huizbirn\/wp-json\/wp\/v2\/media?parent=2348"}],"wp:term":[{"taxonomy":"product_brand","embeddable":true,"href":"https:\/\/www.regionalis.shop\/huizbirn\/wp-json\/wp\/v2\/product_brand?post=2348"},{"taxonomy":"product_cat","embeddable":true,"href":"https:\/\/www.regionalis.shop\/huizbirn\/wp-json\/wp\/v2\/product_cat?post=2348"},{"taxonomy":"product_tag","embeddable":true,"href":"https:\/\/www.regionalis.shop\/huizbirn\/wp-json\/wp\/v2\/product_tag?post=2348"}],"curies":[{"name":"wp","href":"https:\/\/api.w.org\/{rel}","templated":true}]}}