{"id":2367,"date":"2025-04-18T01:21:04","date_gmt":"2025-04-17T23:21:04","guid":{"rendered":"https:\/\/www.regionalis.shop\/huizbirn\/product\/holz-eierbecher-handarbeit-birne-unikat\/"},"modified":"2025-04-18T01:21:04","modified_gmt":"2025-04-17T23:21:04","slug":"holz-eierbecher-handarbeit-birne-unikat","status":"publish","type":"product","link":"https:\/\/www.regionalis.shop\/huizbirn\/shop\/holz-eierbecher-handarbeit-birne-unikat\/","title":{"rendered":"Holz Eierbecher Handarbeit Birne Unikat"},"content":{"rendered":"<p>Handgefertiger Holz Eierbecher aus \u00f6sterreichischem Birnenholz.<\/p>\n<p>Gr\u00f6\u00dfe: 7&#215;5 cm<br \/>\nHolzart: \u00d6sterreichische Birne<br \/>\nHolzoberfl\u00e4che: Lebensmittelecht versiegelt, k\u00f6nnen also problemlos von Hand gereinigt werden (aber bitte vom Geschirrsp\u00fcler fernhalten).<br \/>\nBringen Sie schon in der Fr\u00fch ein bisschen Lebensfreude an den Fr\u00fchst\u00fcckstisch mit einem handgefertigten Eierbecher.<\/p>\n<p>Schenken Sie sich selbst oder Ihren liebsten ein Unikat aus Holz. Egal ob zu Geburtstag, Namenstag, Ostern, Weihnachten, Hochzeit, Valentinstag, Verlobung oder anderen Anl\u00e4ssen.\u00a0<\/p>\n","protected":false},"excerpt":{"rendered":"<p>Handgefertiger Holz Eierbecher aus \u00f6sterreichischem Birnenholz. Gr\u00f6\u00dfe: 7&#215;5 cm Holzart: \u00d6sterreichische Birne Holzoberfl\u00e4che: Lebensmittelecht versiegelt, k\u00f6nnen also problemlos von Hand gereinigt werden (aber bitte vom Geschirrsp\u00fcler fernhalten). Bringen Sie schon in der Fr\u00fch ein bisschen Lebensfreude an den Fr\u00fchst\u00fcckstisch mit einem handgefertigten Eierbecher. Schenken Sie sich selbst oder Ihren liebsten ein Unikat aus Holz. Egal &hellip; <a href=\"https:\/\/www.regionalis.shop\/huizbirn\/shop\/holz-eierbecher-handarbeit-birne-unikat\/\">Continued<\/a><\/p>\n","protected":false},"featured_media":2368,"template":"","meta":{"_acf_changed":false},"product_brand":[],"product_cat":[127,103],"product_tag":[],"class_list":{"0":"post-2367","1":"product","2":"type-product","3":"status-publish","4":"has-post-thumbnail","6":"product_cat-essen-trinken","7":"product_cat-wohnen-deko","9":"first","10":"instock","11":"purchasable","12":"product-type-simple"},"acf":[],"_links":{"self":[{"href":"https:\/\/www.regionalis.shop\/huizbirn\/wp-json\/wp\/v2\/product\/2367","targetHints":{"allow":["GET"]}}],"collection":[{"href":"https:\/\/www.regionalis.shop\/huizbirn\/wp-json\/wp\/v2\/product"}],"about":[{"href":"https:\/\/www.regionalis.shop\/huizbirn\/wp-json\/wp\/v2\/types\/product"}],"wp:featuredmedia":[{"embeddable":true,"href":"https:\/\/www.regionalis.shop\/huizbirn\/wp-json\/wp\/v2\/media\/2368"}],"wp:attachment":[{"href":"https:\/\/www.regionalis.shop\/huizbirn\/wp-json\/wp\/v2\/media?parent=2367"}],"wp:term":[{"taxonomy":"product_brand","embeddable":true,"href":"https:\/\/www.regionalis.shop\/huizbirn\/wp-json\/wp\/v2\/product_brand?post=2367"},{"taxonomy":"product_cat","embeddable":true,"href":"https:\/\/www.regionalis.shop\/huizbirn\/wp-json\/wp\/v2\/product_cat?post=2367"},{"taxonomy":"product_tag","embeddable":true,"href":"https:\/\/www.regionalis.shop\/huizbirn\/wp-json\/wp\/v2\/product_tag?post=2367"}],"curies":[{"name":"wp","href":"https:\/\/api.w.org\/{rel}","templated":true}]}}