{"id":2382,"date":"2025-04-18T00:48:17","date_gmt":"2025-04-17T22:48:17","guid":{"rendered":"https:\/\/www.regionalis.shop\/huizbirn\/product\/holzfuellfeder-holzfueller-eiche-handarbeit-magnetkappe-unikat-geschenk-gravur\/"},"modified":"2025-04-18T00:48:17","modified_gmt":"2025-04-17T22:48:17","slug":"holzfuellfeder-holzfueller-eiche-handarbeit-magnetkappe-unikat-geschenk-gravur","status":"publish","type":"product","link":"https:\/\/www.regionalis.shop\/huizbirn\/shop\/holzfuellfeder-holzfueller-eiche-handarbeit-magnetkappe-unikat-geschenk-gravur\/","title":{"rendered":"Holzf\u00fcllfeder Holzf\u00fcller Eiche Handarbeit Magnetkappe Unikat Geschenk Gravur"},"content":{"rendered":"<p>Handgearbeiteter Holz F\u00fcller mit Magnetkappe, handgefertigt aus \u00f6sterreichischem Eichen-Holz.<\/p>\n<p>Ein absolutes Unikat!<br \/>\n&#8211; Tintenkammer mit Platz f\u00fcr 2 Patronen<br \/>\n&#8211; Lieferung erfolgt im handgefertigtem Stoff-T\u00e4schchen<br \/>\n&#8211; L\u00e4nge ca. 13.5 cm, Bausatz 24k vergoldet!<br \/>\n&#8211; \u00d6sterreichische Eiche aus der Steiermark<br \/>\n&#8211; Oberfl\u00e4che des Holzes wurde fein geschliffen, lebensmittelecht ge\u00f6lt\/versiegelt und poliert- dadurch ist dauerhafter Schutz gew\u00e4hrleistet.<\/p>\n<p>&#8211;Achtung: Gegen Aufpreis von 8 \u20ac auch Wunschgravur (Namen, etc&#8230;) m\u00f6glich &#8211; einfach bei der Bestellung bekanntgeben.&#8211;<\/p>\n<p>Jede F\u00fcllfeder ist ein absolutes Unikat und ein ideales Geschenk.<\/p>\n<p>Eine tolle Geschenksidee zum Geburtstag, Weihnachten oder anderen Anlass.<\/p>\n","protected":false},"excerpt":{"rendered":"<p>Handgearbeiteter Holz F\u00fcller mit Magnetkappe, handgefertigt aus \u00f6sterreichischem Eichen-Holz. Ein absolutes Unikat! &#8211; Tintenkammer mit Platz f\u00fcr 2 Patronen &#8211; Lieferung erfolgt im handgefertigtem Stoff-T\u00e4schchen &#8211; L\u00e4nge ca. 13.5 cm, Bausatz 24k vergoldet! &#8211; \u00d6sterreichische Eiche aus der Steiermark &#8211; Oberfl\u00e4che des Holzes wurde fein geschliffen, lebensmittelecht ge\u00f6lt\/versiegelt und poliert- dadurch ist dauerhafter Schutz gew\u00e4hrleistet. &hellip; <a href=\"https:\/\/www.regionalis.shop\/huizbirn\/shop\/holzfuellfeder-holzfueller-eiche-handarbeit-magnetkappe-unikat-geschenk-gravur\/\">Continued<\/a><\/p>\n","protected":false},"featured_media":2383,"template":"","meta":{"_acf_changed":false},"product_brand":[],"product_cat":[62,72],"product_tag":[],"class_list":{"0":"post-2382","1":"product","2":"type-product","3":"status-publish","4":"has-post-thumbnail","6":"product_cat-papeterie-schreibwaren","7":"product_cat-schreibwaren","9":"first","10":"instock","11":"purchasable","12":"product-type-simple"},"acf":[],"_links":{"self":[{"href":"https:\/\/www.regionalis.shop\/huizbirn\/wp-json\/wp\/v2\/product\/2382","targetHints":{"allow":["GET"]}}],"collection":[{"href":"https:\/\/www.regionalis.shop\/huizbirn\/wp-json\/wp\/v2\/product"}],"about":[{"href":"https:\/\/www.regionalis.shop\/huizbirn\/wp-json\/wp\/v2\/types\/product"}],"wp:featuredmedia":[{"embeddable":true,"href":"https:\/\/www.regionalis.shop\/huizbirn\/wp-json\/wp\/v2\/media\/2383"}],"wp:attachment":[{"href":"https:\/\/www.regionalis.shop\/huizbirn\/wp-json\/wp\/v2\/media?parent=2382"}],"wp:term":[{"taxonomy":"product_brand","embeddable":true,"href":"https:\/\/www.regionalis.shop\/huizbirn\/wp-json\/wp\/v2\/product_brand?post=2382"},{"taxonomy":"product_cat","embeddable":true,"href":"https:\/\/www.regionalis.shop\/huizbirn\/wp-json\/wp\/v2\/product_cat?post=2382"},{"taxonomy":"product_tag","embeddable":true,"href":"https:\/\/www.regionalis.shop\/huizbirn\/wp-json\/wp\/v2\/product_tag?post=2382"}],"curies":[{"name":"wp","href":"https:\/\/api.w.org\/{rel}","templated":true}]}}