{"id":2399,"date":"2025-04-18T00:37:06","date_gmt":"2025-04-17T22:37:06","guid":{"rendered":"https:\/\/www.regionalis.shop\/huizbirn\/product\/holz-fueller-fuellfeder-fuellfederhalter-birke-handarbeit-geschenkidee-unikat\/"},"modified":"2025-04-18T00:37:06","modified_gmt":"2025-04-17T22:37:06","slug":"holz-fueller-fuellfeder-fuellfederhalter-birke-handarbeit-geschenkidee-unikat","status":"publish","type":"product","link":"https:\/\/www.regionalis.shop\/huizbirn\/shop\/holz-fueller-fuellfeder-fuellfederhalter-birke-handarbeit-geschenkidee-unikat\/","title":{"rendered":"Holz F\u00fcller F\u00fcllfeder F\u00fcllfederhalter Birke Handarbeit Geschenkidee Unikat"},"content":{"rendered":"<p>Handgearbeitete F\u00fcllfeder mit Schraubkappe, handgefertigt aus \u00f6sterreichischem Birken-Holz!<\/p>\n<p>Ein absolutes Unikat!<\/p>\n<p>&#8211; Tintenkammer mit Platz f\u00fcr 2 Patronen<br \/>\n&#8211; Lieferung erfolgt im handgefertigtem Stoff-T\u00e4schchen<br \/>\n&#8211; L\u00e4nge ca. 13.5 cm, Bausatz Farbe chrom<br \/>\n&#8211; Oberfl\u00e4che: fein geschliffen, lebensmittelecht versiegelt. Dadurch haben Sie mit diesem Unikat aus Holz lange Freude!<\/p>\n<p>Jedes Schreibger\u00e4t ist ein absolutes Unikat und ein ideales Geschenk.<\/p>\n<p>Eine tolle Geschenksidee zum Geburtstag, Weihnachten oder anderen Anlass.<\/p>\n","protected":false},"excerpt":{"rendered":"<p>Handgearbeitete F\u00fcllfeder mit Schraubkappe, handgefertigt aus \u00f6sterreichischem Birken-Holz! Ein absolutes Unikat! &#8211; Tintenkammer mit Platz f\u00fcr 2 Patronen &#8211; Lieferung erfolgt im handgefertigtem Stoff-T\u00e4schchen &#8211; L\u00e4nge ca. 13.5 cm, Bausatz Farbe chrom &#8211; Oberfl\u00e4che: fein geschliffen, lebensmittelecht versiegelt. Dadurch haben Sie mit diesem Unikat aus Holz lange Freude! Jedes Schreibger\u00e4t ist ein absolutes Unikat und &hellip; <a href=\"https:\/\/www.regionalis.shop\/huizbirn\/shop\/holz-fueller-fuellfeder-fuellfederhalter-birke-handarbeit-geschenkidee-unikat\/\">Continued<\/a><\/p>\n","protected":false},"featured_media":2400,"template":"","meta":{"_acf_changed":false},"product_brand":[],"product_cat":[62,72],"product_tag":[],"class_list":{"0":"post-2399","1":"product","2":"type-product","3":"status-publish","4":"has-post-thumbnail","6":"product_cat-papeterie-schreibwaren","7":"product_cat-schreibwaren","9":"first","10":"instock","11":"purchasable","12":"product-type-simple"},"acf":[],"_links":{"self":[{"href":"https:\/\/www.regionalis.shop\/huizbirn\/wp-json\/wp\/v2\/product\/2399","targetHints":{"allow":["GET"]}}],"collection":[{"href":"https:\/\/www.regionalis.shop\/huizbirn\/wp-json\/wp\/v2\/product"}],"about":[{"href":"https:\/\/www.regionalis.shop\/huizbirn\/wp-json\/wp\/v2\/types\/product"}],"wp:featuredmedia":[{"embeddable":true,"href":"https:\/\/www.regionalis.shop\/huizbirn\/wp-json\/wp\/v2\/media\/2400"}],"wp:attachment":[{"href":"https:\/\/www.regionalis.shop\/huizbirn\/wp-json\/wp\/v2\/media?parent=2399"}],"wp:term":[{"taxonomy":"product_brand","embeddable":true,"href":"https:\/\/www.regionalis.shop\/huizbirn\/wp-json\/wp\/v2\/product_brand?post=2399"},{"taxonomy":"product_cat","embeddable":true,"href":"https:\/\/www.regionalis.shop\/huizbirn\/wp-json\/wp\/v2\/product_cat?post=2399"},{"taxonomy":"product_tag","embeddable":true,"href":"https:\/\/www.regionalis.shop\/huizbirn\/wp-json\/wp\/v2\/product_tag?post=2399"}],"curies":[{"name":"wp","href":"https:\/\/api.w.org\/{rel}","templated":true}]}}