{"id":2423,"date":"2025-04-17T23:56:58","date_gmt":"2025-04-17T21:56:58","guid":{"rendered":"https:\/\/www.regionalis.shop\/huizbirn\/product\/holz-flaschenoeffner-weinstoepsel-set-zirbe-bieroeffner-geschenkset-handmade\/"},"modified":"2025-04-17T23:56:58","modified_gmt":"2025-04-17T21:56:58","slug":"holz-flaschenoeffner-weinstoepsel-set-zirbe-bieroeffner-geschenkset-handmade","status":"publish","type":"product","link":"https:\/\/www.regionalis.shop\/huizbirn\/shop\/holz-flaschenoeffner-weinstoepsel-set-zirbe-bieroeffner-geschenkset-handmade\/","title":{"rendered":"Holz Flaschen\u00f6ffner Weinst\u00f6psel Set Zirbe Bier\u00f6ffner Geschenkset handmade"},"content":{"rendered":"<p>Zirben Geschenkset bestehend aus Flaschen\u00f6ffner und Weinst\u00f6psel<\/p>\n<p>Zwei wundersch\u00f6ne Unikate, handgearbeitet aus \u00f6sterreichischem Holz direkt aus der Region. Hochwertig und mit viel Liebe verarbeitet und ideal zum Verschenken.<\/p>\n<p>Material: Zirbe in Kombination mit Edelstahl<\/p>\n<p>Gegen Aufpreis von 10 \u20ac k\u00f6nnen die M\u00fchlen auch individuell graviert werden.<\/p>\n<p>Ideal auch als Weihnachtsgeschenk, wenn Sie es nachhaltig und einzigartig m\u00f6chten!<\/p>\n","protected":false},"excerpt":{"rendered":"<p>Zirben Geschenkset bestehend aus Flaschen\u00f6ffner und Weinst\u00f6psel Zwei wundersch\u00f6ne Unikate, handgearbeitet aus \u00f6sterreichischem Holz direkt aus der Region. Hochwertig und mit viel Liebe verarbeitet und ideal zum Verschenken. Material: Zirbe in Kombination mit Edelstahl Gegen Aufpreis von 10 \u20ac k\u00f6nnen die M\u00fchlen auch individuell graviert werden. Ideal auch als Weihnachtsgeschenk, wenn Sie es nachhaltig und &hellip; <a href=\"https:\/\/www.regionalis.shop\/huizbirn\/shop\/holz-flaschenoeffner-weinstoepsel-set-zirbe-bieroeffner-geschenkset-handmade\/\">Continued<\/a><\/p>\n","protected":false},"featured_media":2424,"template":"","meta":{"_acf_changed":false},"product_brand":[],"product_cat":[127,103],"product_tag":[],"class_list":{"0":"post-2423","1":"product","2":"type-product","3":"status-publish","4":"has-post-thumbnail","6":"product_cat-essen-trinken","7":"product_cat-wohnen-deko","9":"first","10":"instock","11":"purchasable","12":"product-type-simple"},"acf":[],"_links":{"self":[{"href":"https:\/\/www.regionalis.shop\/huizbirn\/wp-json\/wp\/v2\/product\/2423","targetHints":{"allow":["GET"]}}],"collection":[{"href":"https:\/\/www.regionalis.shop\/huizbirn\/wp-json\/wp\/v2\/product"}],"about":[{"href":"https:\/\/www.regionalis.shop\/huizbirn\/wp-json\/wp\/v2\/types\/product"}],"wp:featuredmedia":[{"embeddable":true,"href":"https:\/\/www.regionalis.shop\/huizbirn\/wp-json\/wp\/v2\/media\/2424"}],"wp:attachment":[{"href":"https:\/\/www.regionalis.shop\/huizbirn\/wp-json\/wp\/v2\/media?parent=2423"}],"wp:term":[{"taxonomy":"product_brand","embeddable":true,"href":"https:\/\/www.regionalis.shop\/huizbirn\/wp-json\/wp\/v2\/product_brand?post=2423"},{"taxonomy":"product_cat","embeddable":true,"href":"https:\/\/www.regionalis.shop\/huizbirn\/wp-json\/wp\/v2\/product_cat?post=2423"},{"taxonomy":"product_tag","embeddable":true,"href":"https:\/\/www.regionalis.shop\/huizbirn\/wp-json\/wp\/v2\/product_tag?post=2423"}],"curies":[{"name":"wp","href":"https:\/\/api.w.org\/{rel}","templated":true}]}}