{"id":2430,"date":"2025-04-17T23:43:54","date_gmt":"2025-04-17T21:43:54","guid":{"rendered":"https:\/\/www.regionalis.shop\/huizbirn\/product\/holz-fueller-fuellfeder-fuellfederhalter-laerche-magnetverschluss-handmade\/"},"modified":"2025-04-17T23:43:54","modified_gmt":"2025-04-17T21:43:54","slug":"holz-fueller-fuellfeder-fuellfederhalter-laerche-magnetverschluss-handmade","status":"publish","type":"product","link":"https:\/\/www.regionalis.shop\/huizbirn\/shop\/holz-fueller-fuellfeder-fuellfederhalter-laerche-magnetverschluss-handmade\/","title":{"rendered":"Holz F\u00fcller F\u00fcllfeder F\u00fcllfederhalter L\u00e4rche Magnetverschluss handmade"},"content":{"rendered":"<p>Handgearbeitete F\u00fcllfeder mit Magnet-Kappe, handgefertigt aus traumhaft gemasertem L\u00e4rchen Holz.<\/p>\n<p>Eine tolle Geschenksidee zum Geburtstag, Weihnachten oder anderen Anlass.<\/p>\n<p>Holzart: L\u00e4rche<br \/>\nOberfl\u00e4che fein geschliffen, lebensmittelecht ge\u00f6lt &#038;  versiegelt. Dadurch ist dauerhafter Schutz gew\u00e4hrleistet.<br \/>\nHandarbeit<br \/>\nLieferung erfolgt im handgefertigtem Stoff-T\u00e4schchen<br \/>\nL\u00e4nge ca. 14\u00a0cm<\/p>\n<p>Jede F\u00fcllfeder ist ein absolutes Unikat und ein ideales Geschenk.<\/p>\n","protected":false},"excerpt":{"rendered":"<p>Handgearbeitete F\u00fcllfeder mit Magnet-Kappe, handgefertigt aus traumhaft gemasertem L\u00e4rchen Holz. Eine tolle Geschenksidee zum Geburtstag, Weihnachten oder anderen Anlass. Holzart: L\u00e4rche Oberfl\u00e4che fein geschliffen, lebensmittelecht ge\u00f6lt &#038; versiegelt. Dadurch ist dauerhafter Schutz gew\u00e4hrleistet. Handarbeit Lieferung erfolgt im handgefertigtem Stoff-T\u00e4schchen L\u00e4nge ca. 14\u00a0cm Jede F\u00fcllfeder ist ein absolutes Unikat und ein ideales Geschenk.<\/p>\n","protected":false},"featured_media":2431,"template":"","meta":{"_acf_changed":false},"product_brand":[],"product_cat":[62,72],"product_tag":[],"class_list":{"0":"post-2430","1":"product","2":"type-product","3":"status-publish","4":"has-post-thumbnail","6":"product_cat-papeterie-schreibwaren","7":"product_cat-schreibwaren","9":"first","10":"instock","11":"purchasable","12":"product-type-simple"},"acf":[],"_links":{"self":[{"href":"https:\/\/www.regionalis.shop\/huizbirn\/wp-json\/wp\/v2\/product\/2430","targetHints":{"allow":["GET"]}}],"collection":[{"href":"https:\/\/www.regionalis.shop\/huizbirn\/wp-json\/wp\/v2\/product"}],"about":[{"href":"https:\/\/www.regionalis.shop\/huizbirn\/wp-json\/wp\/v2\/types\/product"}],"wp:featuredmedia":[{"embeddable":true,"href":"https:\/\/www.regionalis.shop\/huizbirn\/wp-json\/wp\/v2\/media\/2431"}],"wp:attachment":[{"href":"https:\/\/www.regionalis.shop\/huizbirn\/wp-json\/wp\/v2\/media?parent=2430"}],"wp:term":[{"taxonomy":"product_brand","embeddable":true,"href":"https:\/\/www.regionalis.shop\/huizbirn\/wp-json\/wp\/v2\/product_brand?post=2430"},{"taxonomy":"product_cat","embeddable":true,"href":"https:\/\/www.regionalis.shop\/huizbirn\/wp-json\/wp\/v2\/product_cat?post=2430"},{"taxonomy":"product_tag","embeddable":true,"href":"https:\/\/www.regionalis.shop\/huizbirn\/wp-json\/wp\/v2\/product_tag?post=2430"}],"curies":[{"name":"wp","href":"https:\/\/api.w.org\/{rel}","templated":true}]}}