{"id":2439,"date":"2025-04-17T23:30:49","date_gmt":"2025-04-17T21:30:49","guid":{"rendered":"https:\/\/www.regionalis.shop\/huizbirn\/product\/holz-schmuckset-halskette-ohrringe-laerche-ohrschmuck-geschenkset-halsschmuck\/"},"modified":"2025-04-17T23:30:49","modified_gmt":"2025-04-17T21:30:49","slug":"holz-schmuckset-halskette-ohrringe-laerche-ohrschmuck-geschenkset-halsschmuck","status":"publish","type":"product","link":"https:\/\/www.regionalis.shop\/huizbirn\/shop\/holz-schmuckset-halskette-ohrringe-laerche-ohrschmuck-geschenkset-halsschmuck\/","title":{"rendered":"Holz Schmuckset Halskette Ohrringe L\u00e4rche Ohrschmuck Geschenkset Halsschmuck"},"content":{"rendered":"<p>Das wundersch\u00f6ne Schmuckset &#8222;Nieder\u00f6sterreich&#8220; &#8211; bestehend aus Halskette und 2 Ohrringen &#8211; wurde aus dem Ast einer uralten nieder\u00f6sterreichischen L\u00e4rche gefertigt.<\/p>\n<p>Dieses einzigartige Schmuckset in Edelstahlfassung passt zu jedem Outfit und jedem Anlass. Ein absolutes Unikat, gefertigt in liebevoller Handarbeit.<\/p>\n<p>Wenn Sie also Wert auf einzigartige Optik mit regionalem Bezug legen, dann passt dieses Set genau zu Ihnen.<\/p>\n<p>Gr\u00f6\u00dfe Ohrringe Durchmesser 2 cm<br \/>\nGr\u00f6\u00dfe Halskette Durchmesser: 3 cm<br \/>\nHolzart: L\u00e4rche, in Edelstahlfassung<\/p>\n<p>Schenken Sie sich selbst oder Ihren liebsten ein Unikat aus Holz. Egal ob zu Geburtstag, Namenstag, Ostern, Weihnachten, Hochzeit, Valentinstag, Verlobung oder anderen Anl\u00e4ssen.<\/p>\n","protected":false},"excerpt":{"rendered":"<p>Das wundersch\u00f6ne Schmuckset &#8222;Nieder\u00f6sterreich&#8220; &#8211; bestehend aus Halskette und 2 Ohrringen &#8211; wurde aus dem Ast einer uralten nieder\u00f6sterreichischen L\u00e4rche gefertigt. Dieses einzigartige Schmuckset in Edelstahlfassung passt zu jedem Outfit und jedem Anlass. Ein absolutes Unikat, gefertigt in liebevoller Handarbeit. Wenn Sie also Wert auf einzigartige Optik mit regionalem Bezug legen, dann passt dieses Set &hellip; <a href=\"https:\/\/www.regionalis.shop\/huizbirn\/shop\/holz-schmuckset-halskette-ohrringe-laerche-ohrschmuck-geschenkset-halsschmuck\/\">Continued<\/a><\/p>\n","protected":false},"featured_media":2440,"template":"","meta":{"_acf_changed":false},"product_brand":[],"product_cat":[70,71],"product_tag":[],"class_list":{"0":"post-2439","1":"product","2":"type-product","3":"status-publish","4":"has-post-thumbnail","6":"product_cat-schmuck","7":"product_cat-schmucksets","9":"first","10":"instock","11":"purchasable","12":"product-type-simple"},"acf":[],"_links":{"self":[{"href":"https:\/\/www.regionalis.shop\/huizbirn\/wp-json\/wp\/v2\/product\/2439","targetHints":{"allow":["GET"]}}],"collection":[{"href":"https:\/\/www.regionalis.shop\/huizbirn\/wp-json\/wp\/v2\/product"}],"about":[{"href":"https:\/\/www.regionalis.shop\/huizbirn\/wp-json\/wp\/v2\/types\/product"}],"wp:featuredmedia":[{"embeddable":true,"href":"https:\/\/www.regionalis.shop\/huizbirn\/wp-json\/wp\/v2\/media\/2440"}],"wp:attachment":[{"href":"https:\/\/www.regionalis.shop\/huizbirn\/wp-json\/wp\/v2\/media?parent=2439"}],"wp:term":[{"taxonomy":"product_brand","embeddable":true,"href":"https:\/\/www.regionalis.shop\/huizbirn\/wp-json\/wp\/v2\/product_brand?post=2439"},{"taxonomy":"product_cat","embeddable":true,"href":"https:\/\/www.regionalis.shop\/huizbirn\/wp-json\/wp\/v2\/product_cat?post=2439"},{"taxonomy":"product_tag","embeddable":true,"href":"https:\/\/www.regionalis.shop\/huizbirn\/wp-json\/wp\/v2\/product_tag?post=2439"}],"curies":[{"name":"wp","href":"https:\/\/api.w.org\/{rel}","templated":true}]}}