{"id":2444,"date":"2025-04-17T23:27:46","date_gmt":"2025-04-17T21:27:46","guid":{"rendered":"https:\/\/www.regionalis.shop\/huizbirn\/product\/holz-wanduhr-uhr-31x26-cm-atlaszeder-rustikale-holzuhr-holzdekoration-geschenk\/"},"modified":"2025-04-17T23:27:46","modified_gmt":"2025-04-17T21:27:46","slug":"holz-wanduhr-uhr-31x26-cm-atlaszeder-rustikale-holzuhr-holzdekoration-geschenk","status":"publish","type":"product","link":"https:\/\/www.regionalis.shop\/huizbirn\/shop\/holz-wanduhr-uhr-31x26-cm-atlaszeder-rustikale-holzuhr-holzdekoration-geschenk\/","title":{"rendered":"Holz Wanduhr Uhr 31&#215;26 cm Atlaszeder rustikale Holzuhr Holzdekoration Geschenk"},"content":{"rendered":"<p>Holz Wanduhr Atlaszeder 31&#215;26\u00a0cm<\/p>\n<p>Handgefertigte Holz Wanduhr aus \u00f6sterreichischem Atlaszedernholz.<\/p>\n<p>Produktdetails:<\/p>\n<p>Atlaszeder aus \u00d6sterreich<br \/>\nGr\u00f6\u00dfe: 31&#215;26\u00a0cm<br \/>\nhochwertiges Quartzuhrwerk von Junghans, ger\u00e4uschlos<br \/>\nHolzoberfl\u00e4che fein geschliffen und ge\u00f6lt<br \/>\ninkl. Wandhaken zur Montage<br \/>\nDiese Holz Wanduhr wurde mit viel Liebe zum Detail von Hand gefertigt und ist der ideale Eyecatcher f\u00fcr Ihr Zuhause. Das zuverl\u00e4ssige, hochwertige Quartzuhrwerk ist bereits vormontiert.<\/p>\n<p>Das Holz f\u00fcr die Wanduhr stammt direkt aus der Region &#8211; f\u00fcr meine Holzprodukte werden keine B\u00e4ume gef\u00e4llt &#8211; Nachhaltigkeit pur! Meine Holzprodukte sind tolle Wohnaccessoires und tolle Geschenkideen &#8211; egal ob f\u00fcr Geburtstag, Jubil\u00e4um, Muttertag, Vatertag, Weihnachten oder viele weitere Anl\u00e4sse!<\/p>\n","protected":false},"excerpt":{"rendered":"<p>Holz Wanduhr Atlaszeder 31&#215;26\u00a0cm Handgefertigte Holz Wanduhr aus \u00f6sterreichischem Atlaszedernholz. Produktdetails: Atlaszeder aus \u00d6sterreich Gr\u00f6\u00dfe: 31&#215;26\u00a0cm hochwertiges Quartzuhrwerk von Junghans, ger\u00e4uschlos Holzoberfl\u00e4che fein geschliffen und ge\u00f6lt inkl. Wandhaken zur Montage Diese Holz Wanduhr wurde mit viel Liebe zum Detail von Hand gefertigt und ist der ideale Eyecatcher f\u00fcr Ihr Zuhause. Das zuverl\u00e4ssige, hochwertige Quartzuhrwerk ist &hellip; <a href=\"https:\/\/www.regionalis.shop\/huizbirn\/shop\/holz-wanduhr-uhr-31x26-cm-atlaszeder-rustikale-holzuhr-holzdekoration-geschenk\/\">Continued<\/a><\/p>\n","protected":false},"featured_media":2445,"template":"","meta":{"_acf_changed":false},"product_brand":[],"product_cat":[174,103],"product_tag":[],"class_list":{"0":"post-2444","1":"product","2":"type-product","3":"status-publish","4":"has-post-thumbnail","6":"product_cat-wohndekoration","7":"product_cat-wohnen-deko","9":"first","10":"instock","11":"purchasable","12":"product-type-simple"},"acf":[],"_links":{"self":[{"href":"https:\/\/www.regionalis.shop\/huizbirn\/wp-json\/wp\/v2\/product\/2444","targetHints":{"allow":["GET"]}}],"collection":[{"href":"https:\/\/www.regionalis.shop\/huizbirn\/wp-json\/wp\/v2\/product"}],"about":[{"href":"https:\/\/www.regionalis.shop\/huizbirn\/wp-json\/wp\/v2\/types\/product"}],"wp:featuredmedia":[{"embeddable":true,"href":"https:\/\/www.regionalis.shop\/huizbirn\/wp-json\/wp\/v2\/media\/2445"}],"wp:attachment":[{"href":"https:\/\/www.regionalis.shop\/huizbirn\/wp-json\/wp\/v2\/media?parent=2444"}],"wp:term":[{"taxonomy":"product_brand","embeddable":true,"href":"https:\/\/www.regionalis.shop\/huizbirn\/wp-json\/wp\/v2\/product_brand?post=2444"},{"taxonomy":"product_cat","embeddable":true,"href":"https:\/\/www.regionalis.shop\/huizbirn\/wp-json\/wp\/v2\/product_cat?post=2444"},{"taxonomy":"product_tag","embeddable":true,"href":"https:\/\/www.regionalis.shop\/huizbirn\/wp-json\/wp\/v2\/product_tag?post=2444"}],"curies":[{"name":"wp","href":"https:\/\/api.w.org\/{rel}","templated":true}]}}