{"id":2449,"date":"2025-04-17T23:23:41","date_gmt":"2025-04-17T21:23:41","guid":{"rendered":"https:\/\/www.regionalis.shop\/huizbirn\/product\/holzschale-holzschuessel-fichte-%e2%88%8525-cm-obstschale-dekoschuessel-holzdekoration\/"},"modified":"2025-04-17T23:23:41","modified_gmt":"2025-04-17T21:23:41","slug":"holzschale-holzschuessel-fichte-%e2%88%8525-cm-obstschale-dekoschuessel-holzdekoration","status":"publish","type":"product","link":"https:\/\/www.regionalis.shop\/huizbirn\/shop\/holzschale-holzschuessel-fichte-%e2%88%8525-cm-obstschale-dekoschuessel-holzdekoration\/","title":{"rendered":"Holzschale Holzsch\u00fcssel Fichte \u220525 cm Obstschale Dekosch\u00fcssel Holzdekoration"},"content":{"rendered":"<p>Wundersch\u00f6ne, handgearbeitete Schale aus \u00f6sterreichischem Fichten-Holz.<br \/>\nDas Holz stammt direkt aus der Region.<\/p>\n<p>Durchmesser: ca. 25 cm<br \/>\nH\u00f6he: ca. 5 cm<br \/>\nHolzart: Fichte, ein typisches, \u00f6sterreichisches Holz<\/p>\n<p>Die Schale wurde fein geschliffen und mit lebensmittelechtem \u00d6l dauerhaft versiegelt.<br \/>\nEin wundersch\u00f6nes Unikat, Made in Austria.<\/p>\n<p>Allgemeiner Hinweis: Holz ist ein Naturprodukt und nicht f\u00fcr den Geschirrsp\u00fcler geeignet!<\/p>\n<p>Eine tolle Geschenksidee zum Geburtstag, Weihnachten oder anderen Anlass.<\/p>\n","protected":false},"excerpt":{"rendered":"<p>Wundersch\u00f6ne, handgearbeitete Schale aus \u00f6sterreichischem Fichten-Holz. Das Holz stammt direkt aus der Region. Durchmesser: ca. 25 cm H\u00f6he: ca. 5 cm Holzart: Fichte, ein typisches, \u00f6sterreichisches Holz Die Schale wurde fein geschliffen und mit lebensmittelechtem \u00d6l dauerhaft versiegelt. Ein wundersch\u00f6nes Unikat, Made in Austria. Allgemeiner Hinweis: Holz ist ein Naturprodukt und nicht f\u00fcr den Geschirrsp\u00fcler &hellip; <a href=\"https:\/\/www.regionalis.shop\/huizbirn\/shop\/holzschale-holzschuessel-fichte-%e2%88%8525-cm-obstschale-dekoschuessel-holzdekoration\/\">Continued<\/a><\/p>\n","protected":false},"featured_media":2450,"template":"","meta":{"_acf_changed":false},"product_brand":[],"product_cat":[174,103],"product_tag":[],"class_list":{"0":"post-2449","1":"product","2":"type-product","3":"status-publish","4":"has-post-thumbnail","6":"product_cat-wohndekoration","7":"product_cat-wohnen-deko","9":"first","10":"instock","11":"purchasable","12":"product-type-simple"},"acf":[],"_links":{"self":[{"href":"https:\/\/www.regionalis.shop\/huizbirn\/wp-json\/wp\/v2\/product\/2449","targetHints":{"allow":["GET"]}}],"collection":[{"href":"https:\/\/www.regionalis.shop\/huizbirn\/wp-json\/wp\/v2\/product"}],"about":[{"href":"https:\/\/www.regionalis.shop\/huizbirn\/wp-json\/wp\/v2\/types\/product"}],"wp:featuredmedia":[{"embeddable":true,"href":"https:\/\/www.regionalis.shop\/huizbirn\/wp-json\/wp\/v2\/media\/2450"}],"wp:attachment":[{"href":"https:\/\/www.regionalis.shop\/huizbirn\/wp-json\/wp\/v2\/media?parent=2449"}],"wp:term":[{"taxonomy":"product_brand","embeddable":true,"href":"https:\/\/www.regionalis.shop\/huizbirn\/wp-json\/wp\/v2\/product_brand?post=2449"},{"taxonomy":"product_cat","embeddable":true,"href":"https:\/\/www.regionalis.shop\/huizbirn\/wp-json\/wp\/v2\/product_cat?post=2449"},{"taxonomy":"product_tag","embeddable":true,"href":"https:\/\/www.regionalis.shop\/huizbirn\/wp-json\/wp\/v2\/product_tag?post=2449"}],"curies":[{"name":"wp","href":"https:\/\/api.w.org\/{rel}","templated":true}]}}