{"id":2453,"date":"2025-04-17T23:23:41","date_gmt":"2025-04-17T21:23:41","guid":{"rendered":"https:\/\/www.regionalis.shop\/huizbirn\/product\/holz-fuellfeder-fueller-fuellfederhalter-goldregen-handarbeit-geschenk-handmade\/"},"modified":"2025-04-17T23:23:41","modified_gmt":"2025-04-17T21:23:41","slug":"holz-fuellfeder-fueller-fuellfederhalter-goldregen-handarbeit-geschenk-handmade","status":"publish","type":"product","link":"https:\/\/www.regionalis.shop\/huizbirn\/shop\/holz-fuellfeder-fueller-fuellfederhalter-goldregen-handarbeit-geschenk-handmade\/","title":{"rendered":"Holz F\u00fcllfeder F\u00fcller F\u00fcllfederhalter Goldregen Handarbeit  Geschenk handmade"},"content":{"rendered":"<p>Handgearbeiteter Kugelschreiber, handgefertigt aus \u00f6sterreichischem Goldregen Holz. In seinen Schattierungen und Farbspielen einmalig!<\/p>\n<p>Ein absolutes Unikat!<\/p>\n<p>&#8211; Hochwertiger Bausatz, Farbe gold, 24K vergoldet<br \/>\n&#8211; Bietet Platz f\u00fcr alle handels\u00fcblichen Tintenpatronen<br \/>\n&#8211; Oberfl\u00e4che: fein geschliffen und lebensmittelecht versiegelt<br \/>\n&#8211; L\u00e4nge ca. 13.5 cm<br \/>\n&#8211; Holz: Goldregen Holz aus \u00d6sterreich<br \/>\n&#8211; Lieferung erfolgt im handgefertigtem Stoff-T\u00e4schchen<\/p>\n<p>Jeder Kugelschreiber ist ein absolutes Unikat und ein ideales Geschenk.<\/p>\n<p>Eine tolle Geschenksidee zum Geburtstag, Weihnachten oder anderen Anlass.<\/p>\n","protected":false},"excerpt":{"rendered":"<p>Handgearbeiteter Kugelschreiber, handgefertigt aus \u00f6sterreichischem Goldregen Holz. In seinen Schattierungen und Farbspielen einmalig! Ein absolutes Unikat! &#8211; Hochwertiger Bausatz, Farbe gold, 24K vergoldet &#8211; Bietet Platz f\u00fcr alle handels\u00fcblichen Tintenpatronen &#8211; Oberfl\u00e4che: fein geschliffen und lebensmittelecht versiegelt &#8211; L\u00e4nge ca. 13.5 cm &#8211; Holz: Goldregen Holz aus \u00d6sterreich &#8211; Lieferung erfolgt im handgefertigtem Stoff-T\u00e4schchen Jeder &hellip; <a href=\"https:\/\/www.regionalis.shop\/huizbirn\/shop\/holz-fuellfeder-fueller-fuellfederhalter-goldregen-handarbeit-geschenk-handmade\/\">Continued<\/a><\/p>\n","protected":false},"featured_media":2454,"template":"","meta":{"_acf_changed":false},"product_brand":[],"product_cat":[62,72],"product_tag":[],"class_list":{"0":"post-2453","1":"product","2":"type-product","3":"status-publish","4":"has-post-thumbnail","6":"product_cat-papeterie-schreibwaren","7":"product_cat-schreibwaren","9":"first","10":"instock","11":"purchasable","12":"product-type-simple"},"acf":[],"_links":{"self":[{"href":"https:\/\/www.regionalis.shop\/huizbirn\/wp-json\/wp\/v2\/product\/2453","targetHints":{"allow":["GET"]}}],"collection":[{"href":"https:\/\/www.regionalis.shop\/huizbirn\/wp-json\/wp\/v2\/product"}],"about":[{"href":"https:\/\/www.regionalis.shop\/huizbirn\/wp-json\/wp\/v2\/types\/product"}],"wp:featuredmedia":[{"embeddable":true,"href":"https:\/\/www.regionalis.shop\/huizbirn\/wp-json\/wp\/v2\/media\/2454"}],"wp:attachment":[{"href":"https:\/\/www.regionalis.shop\/huizbirn\/wp-json\/wp\/v2\/media?parent=2453"}],"wp:term":[{"taxonomy":"product_brand","embeddable":true,"href":"https:\/\/www.regionalis.shop\/huizbirn\/wp-json\/wp\/v2\/product_brand?post=2453"},{"taxonomy":"product_cat","embeddable":true,"href":"https:\/\/www.regionalis.shop\/huizbirn\/wp-json\/wp\/v2\/product_cat?post=2453"},{"taxonomy":"product_tag","embeddable":true,"href":"https:\/\/www.regionalis.shop\/huizbirn\/wp-json\/wp\/v2\/product_tag?post=2453"}],"curies":[{"name":"wp","href":"https:\/\/api.w.org\/{rel}","templated":true}]}}