{"id":2458,"date":"2025-04-17T23:23:41","date_gmt":"2025-04-17T21:23:41","guid":{"rendered":"https:\/\/www.regionalis.shop\/huizbirn\/product\/holz-rollerpen-kugelschreiber-stift-buche-handarbeit-geschenk\/"},"modified":"2025-04-17T23:23:41","modified_gmt":"2025-04-17T21:23:41","slug":"holz-rollerpen-kugelschreiber-stift-buche-handarbeit-geschenk","status":"publish","type":"product","link":"https:\/\/www.regionalis.shop\/huizbirn\/shop\/holz-rollerpen-kugelschreiber-stift-buche-handarbeit-geschenk\/","title":{"rendered":"Holz Rollerpen Kugelschreiber Stift Buche Handarbeit Geschenk"},"content":{"rendered":"<p>Handgearbeiteter Rollerpen mit Schraubkappe, handgefertigt aus \u00f6sterreichischem Buchen-Holz.<br \/>\nDas Holz stammt aus \u00d6sterreich. Genauer gesagt aus dem oststeirischen Wechselland.<\/p>\n<p>Ein absolutes Unikat!<\/p>\n<p>Details:<br \/>\n&#8211; L\u00e4nge ca. 13 cm<br \/>\n&#8211; Bausatz Farbe chrom und in Top-Qualit\u00e4t!<br \/>\n&#8211; Mine problemlos wechselbar<br \/>\n&#8211; bef\u00fcllbar mit allen g\u00e4ngigen Tintenpatronen<br \/>\n&#8211; Lieferung erfolgt im handgefertigtem Stoff-T\u00e4schchen<\/p>\n<p>Die Oberfl\u00e4che des Holzes wurde fein geschliffen, lebensmittelecht ge\u00f6lt &#038; versiegelt sowie poliert.<br \/>\nDadurch ist dauerhafter Schutz gew\u00e4hrleistet.<\/p>\n<p>Jeder Kugelschreiber ist ein absolutes Unikat und ein ideales Geschenk.<\/p>\n<p>Eine tolle Geschenksidee zum Geburtstag, Weihnachten oder anderen Anlass.<\/p>\n","protected":false},"excerpt":{"rendered":"<p>Handgearbeiteter Rollerpen mit Schraubkappe, handgefertigt aus \u00f6sterreichischem Buchen-Holz. Das Holz stammt aus \u00d6sterreich. Genauer gesagt aus dem oststeirischen Wechselland. Ein absolutes Unikat! Details: &#8211; L\u00e4nge ca. 13 cm &#8211; Bausatz Farbe chrom und in Top-Qualit\u00e4t! &#8211; Mine problemlos wechselbar &#8211; bef\u00fcllbar mit allen g\u00e4ngigen Tintenpatronen &#8211; Lieferung erfolgt im handgefertigtem Stoff-T\u00e4schchen Die Oberfl\u00e4che des Holzes &hellip; <a href=\"https:\/\/www.regionalis.shop\/huizbirn\/shop\/holz-rollerpen-kugelschreiber-stift-buche-handarbeit-geschenk\/\">Continued<\/a><\/p>\n","protected":false},"featured_media":2459,"template":"","meta":{"_acf_changed":false},"product_brand":[],"product_cat":[62,72],"product_tag":[],"class_list":{"0":"post-2458","1":"product","2":"type-product","3":"status-publish","4":"has-post-thumbnail","6":"product_cat-papeterie-schreibwaren","7":"product_cat-schreibwaren","9":"first","10":"instock","11":"purchasable","12":"product-type-simple"},"acf":[],"_links":{"self":[{"href":"https:\/\/www.regionalis.shop\/huizbirn\/wp-json\/wp\/v2\/product\/2458","targetHints":{"allow":["GET"]}}],"collection":[{"href":"https:\/\/www.regionalis.shop\/huizbirn\/wp-json\/wp\/v2\/product"}],"about":[{"href":"https:\/\/www.regionalis.shop\/huizbirn\/wp-json\/wp\/v2\/types\/product"}],"wp:featuredmedia":[{"embeddable":true,"href":"https:\/\/www.regionalis.shop\/huizbirn\/wp-json\/wp\/v2\/media\/2459"}],"wp:attachment":[{"href":"https:\/\/www.regionalis.shop\/huizbirn\/wp-json\/wp\/v2\/media?parent=2458"}],"wp:term":[{"taxonomy":"product_brand","embeddable":true,"href":"https:\/\/www.regionalis.shop\/huizbirn\/wp-json\/wp\/v2\/product_brand?post=2458"},{"taxonomy":"product_cat","embeddable":true,"href":"https:\/\/www.regionalis.shop\/huizbirn\/wp-json\/wp\/v2\/product_cat?post=2458"},{"taxonomy":"product_tag","embeddable":true,"href":"https:\/\/www.regionalis.shop\/huizbirn\/wp-json\/wp\/v2\/product_tag?post=2458"}],"curies":[{"name":"wp","href":"https:\/\/api.w.org\/{rel}","templated":true}]}}