{"id":2462,"date":"2025-04-17T23:23:41","date_gmt":"2025-04-17T21:23:41","guid":{"rendered":"https:\/\/www.regionalis.shop\/huizbirn\/product\/holz-fuellfeder-fueller-fuellfederhalter-wildkirsche-magnetkappe-geschenk-unikat\/"},"modified":"2025-04-17T23:23:41","modified_gmt":"2025-04-17T21:23:41","slug":"holz-fuellfeder-fueller-fuellfederhalter-wildkirsche-magnetkappe-geschenk-unikat","status":"publish","type":"product","link":"https:\/\/www.regionalis.shop\/huizbirn\/shop\/holz-fuellfeder-fueller-fuellfederhalter-wildkirsche-magnetkappe-geschenk-unikat\/","title":{"rendered":"Holz F\u00fcllfeder F\u00fcller F\u00fcllfederhalter Wildkirsche Magnetkappe Geschenk Unikat"},"content":{"rendered":"<p>Handgearbeitete F\u00fcllfeder mit Magnet-Kappe, handgefertigt aus Wildkirschen Holz.<\/p>\n<p>Eine tolle Geschenksidee zum Geburtstag, Weihnachten oder anderen Anlass.<\/p>\n<p>Eckdaten:<\/p>\n<p>Holzart: Wildkirsche<br \/>\nOberfl\u00e4che fein geschliffen, lebensmittelecht ge\u00f6lt &#038;  versiegelt. Dadurch ist dauerhafter Schutz gew\u00e4hrleistet.<br \/>\nHandarbeit<br \/>\nLieferung erfolgt im handgefertigtem Stoff-T\u00e4schchen<br \/>\nL\u00e4nge ca. 14\u00a0cm<\/p>\n<p>Jede F\u00fcllfeder ist ein absolutes Unikat und ein ideales Geschenk.<\/p>\n","protected":false},"excerpt":{"rendered":"<p>Handgearbeitete F\u00fcllfeder mit Magnet-Kappe, handgefertigt aus Wildkirschen Holz. Eine tolle Geschenksidee zum Geburtstag, Weihnachten oder anderen Anlass. Eckdaten: Holzart: Wildkirsche Oberfl\u00e4che fein geschliffen, lebensmittelecht ge\u00f6lt &#038; versiegelt. Dadurch ist dauerhafter Schutz gew\u00e4hrleistet. Handarbeit Lieferung erfolgt im handgefertigtem Stoff-T\u00e4schchen L\u00e4nge ca. 14\u00a0cm Jede F\u00fcllfeder ist ein absolutes Unikat und ein ideales Geschenk.<\/p>\n","protected":false},"featured_media":2463,"template":"","meta":{"_acf_changed":false},"product_brand":[],"product_cat":[62,72],"product_tag":[],"class_list":{"0":"post-2462","1":"product","2":"type-product","3":"status-publish","4":"has-post-thumbnail","6":"product_cat-papeterie-schreibwaren","7":"product_cat-schreibwaren","9":"first","10":"instock","11":"purchasable","12":"product-type-simple"},"acf":[],"_links":{"self":[{"href":"https:\/\/www.regionalis.shop\/huizbirn\/wp-json\/wp\/v2\/product\/2462","targetHints":{"allow":["GET"]}}],"collection":[{"href":"https:\/\/www.regionalis.shop\/huizbirn\/wp-json\/wp\/v2\/product"}],"about":[{"href":"https:\/\/www.regionalis.shop\/huizbirn\/wp-json\/wp\/v2\/types\/product"}],"wp:featuredmedia":[{"embeddable":true,"href":"https:\/\/www.regionalis.shop\/huizbirn\/wp-json\/wp\/v2\/media\/2463"}],"wp:attachment":[{"href":"https:\/\/www.regionalis.shop\/huizbirn\/wp-json\/wp\/v2\/media?parent=2462"}],"wp:term":[{"taxonomy":"product_brand","embeddable":true,"href":"https:\/\/www.regionalis.shop\/huizbirn\/wp-json\/wp\/v2\/product_brand?post=2462"},{"taxonomy":"product_cat","embeddable":true,"href":"https:\/\/www.regionalis.shop\/huizbirn\/wp-json\/wp\/v2\/product_cat?post=2462"},{"taxonomy":"product_tag","embeddable":true,"href":"https:\/\/www.regionalis.shop\/huizbirn\/wp-json\/wp\/v2\/product_tag?post=2462"}],"curies":[{"name":"wp","href":"https:\/\/api.w.org\/{rel}","templated":true}]}}