{"id":2466,"date":"2025-04-17T23:23:02","date_gmt":"2025-04-17T21:23:02","guid":{"rendered":"https:\/\/www.regionalis.shop\/huizbirn\/product\/holz-halskette-zeder-3-cm-trachtenschmuck-holzschmuck-holz-amulett-holzkette\/"},"modified":"2025-04-17T23:23:02","modified_gmt":"2025-04-17T21:23:02","slug":"holz-halskette-zeder-3-cm-trachtenschmuck-holzschmuck-holz-amulett-holzkette","status":"publish","type":"product","link":"https:\/\/www.regionalis.shop\/huizbirn\/shop\/holz-halskette-zeder-3-cm-trachtenschmuck-holzschmuck-holz-amulett-holzkette\/","title":{"rendered":"Holz Halskette Zeder 3 cm Trachtenschmuck Holzschmuck Holz Amulett Holzkette"},"content":{"rendered":"<p>Wundersch\u00f6ne &#8211;Holz Halskette&#8211; aus \u00f6sterreichischem &#8211;Atlas-Zedernholz&#8211;. Ein einzigartiges Schmuckst\u00fcck, &#8211;handgefertigt und nachhaltig&#8211;.<\/p>\n<p>&#8211;Oberfl\u00e4che: fein geschliffen und ge\u00f6lt&#8211;<br \/>\n&#8211;Metallfarbe: Antik&#8211;<br \/>\n&#8211;Durchmesser Anh\u00e4nger: 3 cm&#8211;<br \/>\n&#8211;L\u00e4nge Kette: ca. 45 cm, gr\u00f6\u00dfenverstellbar&#8211;<br \/>\n&#8211;Verschluss: Karabinerverschluss&#8211;<\/p>\n<p>Ein wundersch\u00f6nes und &#8211;einzigartiges Accessoires&#8211;. Passt zu jedem Outfit und jedem Anlass.<\/p>\n<p>Schenken Sie sich selbst oder Ihren liebsten ein Unikat aus Holz. Egal ob zu Geburtstag, Namenstag, Ostern, Weihnachten, Hochzeit, Valentinstag, Verlobung oder anderen Anl\u00e4ssen.<\/p>\n","protected":false},"excerpt":{"rendered":"<p>Wundersch\u00f6ne &#8211;Holz Halskette&#8211; aus \u00f6sterreichischem &#8211;Atlas-Zedernholz&#8211;. Ein einzigartiges Schmuckst\u00fcck, &#8211;handgefertigt und nachhaltig&#8211;. &#8211;Oberfl\u00e4che: fein geschliffen und ge\u00f6lt&#8211; &#8211;Metallfarbe: Antik&#8211; &#8211;Durchmesser Anh\u00e4nger: 3 cm&#8211; &#8211;L\u00e4nge Kette: ca. 45 cm, gr\u00f6\u00dfenverstellbar&#8211; &#8211;Verschluss: Karabinerverschluss&#8211; Ein wundersch\u00f6nes und &#8211;einzigartiges Accessoires&#8211;. Passt zu jedem Outfit und jedem Anlass. Schenken Sie sich selbst oder Ihren liebsten ein Unikat aus Holz. Egal &hellip; <a href=\"https:\/\/www.regionalis.shop\/huizbirn\/shop\/holz-halskette-zeder-3-cm-trachtenschmuck-holzschmuck-holz-amulett-holzkette\/\">Continued<\/a><\/p>\n","protected":false},"featured_media":2467,"template":"","meta":{"_acf_changed":false},"product_brand":[],"product_cat":[141,70],"product_tag":[],"class_list":{"0":"post-2466","1":"product","2":"type-product","3":"status-publish","4":"has-post-thumbnail","6":"product_cat-halsketten","7":"product_cat-schmuck","9":"first","10":"instock","11":"purchasable","12":"product-type-simple"},"acf":[],"_links":{"self":[{"href":"https:\/\/www.regionalis.shop\/huizbirn\/wp-json\/wp\/v2\/product\/2466","targetHints":{"allow":["GET"]}}],"collection":[{"href":"https:\/\/www.regionalis.shop\/huizbirn\/wp-json\/wp\/v2\/product"}],"about":[{"href":"https:\/\/www.regionalis.shop\/huizbirn\/wp-json\/wp\/v2\/types\/product"}],"wp:featuredmedia":[{"embeddable":true,"href":"https:\/\/www.regionalis.shop\/huizbirn\/wp-json\/wp\/v2\/media\/2467"}],"wp:attachment":[{"href":"https:\/\/www.regionalis.shop\/huizbirn\/wp-json\/wp\/v2\/media?parent=2466"}],"wp:term":[{"taxonomy":"product_brand","embeddable":true,"href":"https:\/\/www.regionalis.shop\/huizbirn\/wp-json\/wp\/v2\/product_brand?post=2466"},{"taxonomy":"product_cat","embeddable":true,"href":"https:\/\/www.regionalis.shop\/huizbirn\/wp-json\/wp\/v2\/product_cat?post=2466"},{"taxonomy":"product_tag","embeddable":true,"href":"https:\/\/www.regionalis.shop\/huizbirn\/wp-json\/wp\/v2\/product_tag?post=2466"}],"curies":[{"name":"wp","href":"https:\/\/api.w.org\/{rel}","templated":true}]}}