{"id":2497,"date":"2025-04-17T23:19:58","date_gmt":"2025-04-17T21:19:58","guid":{"rendered":"https:\/\/www.regionalis.shop\/huizbirn\/product\/holz-fuellfeder-fueller-esche-gun-metallic-unikat-geschenk-handmade-schreibgeraet\/"},"modified":"2025-04-17T23:19:58","modified_gmt":"2025-04-17T21:19:58","slug":"holz-fuellfeder-fueller-esche-gun-metallic-unikat-geschenk-handmade-schreibgeraet","status":"publish","type":"product","link":"https:\/\/www.regionalis.shop\/huizbirn\/shop\/holz-fuellfeder-fueller-esche-gun-metallic-unikat-geschenk-handmade-schreibgeraet\/","title":{"rendered":"Holz F\u00fcllfeder F\u00fcller Esche gun metallic Unikat Geschenk handmade Schreibger\u00e4t"},"content":{"rendered":"<p>Handgearbeiteter F\u00fcller aus edlem Eschenholz in gun metal Optik.<br \/>\nEine tolle Geschenksidee zum Geburtstag, Weihnachten oder anderen Anlass.<\/p>\n<p>Eckdaten:<br \/>\nHolzart: Esche<br \/>\nPatrone: problemlos wechselbar<br \/>\nOberfl\u00e4che fein geschliffen, lebensmittelecht ge\u00f6lt &#038; \u00a0versiegelt. Dadurch ist dauerhafter Schutz gew\u00e4hrleistet.<br \/>\nBausatzfarbe: gun metallic<br \/>\nHandarbeit<br \/>\nLieferung erfolgt im handgefertigtem Stoff-T\u00e4schchen<br \/>\nL\u00e4nge ca. 14\u00a0cm<\/p>\n<p>Jede F\u00fcllfeder ist ein absolutes Unikat und ein ideales Geschenk.<\/p>\n","protected":false},"excerpt":{"rendered":"<p>Handgearbeiteter F\u00fcller aus edlem Eschenholz in gun metal Optik. Eine tolle Geschenksidee zum Geburtstag, Weihnachten oder anderen Anlass. Eckdaten: Holzart: Esche Patrone: problemlos wechselbar Oberfl\u00e4che fein geschliffen, lebensmittelecht ge\u00f6lt &#038; \u00a0versiegelt. Dadurch ist dauerhafter Schutz gew\u00e4hrleistet. Bausatzfarbe: gun metallic Handarbeit Lieferung erfolgt im handgefertigtem Stoff-T\u00e4schchen L\u00e4nge ca. 14\u00a0cm Jede F\u00fcllfeder ist ein absolutes Unikat und &hellip; <a href=\"https:\/\/www.regionalis.shop\/huizbirn\/shop\/holz-fuellfeder-fueller-esche-gun-metallic-unikat-geschenk-handmade-schreibgeraet\/\">Continued<\/a><\/p>\n","protected":false},"featured_media":2498,"template":"","meta":{"_acf_changed":false},"product_brand":[],"product_cat":[161,62],"product_tag":[],"class_list":{"0":"post-2497","1":"product","2":"type-product","3":"status-publish","4":"has-post-thumbnail","6":"product_cat-notizhefte-skizzenbuecher","7":"product_cat-papeterie-schreibwaren","9":"first","10":"instock","11":"purchasable","12":"product-type-simple"},"acf":[],"_links":{"self":[{"href":"https:\/\/www.regionalis.shop\/huizbirn\/wp-json\/wp\/v2\/product\/2497","targetHints":{"allow":["GET"]}}],"collection":[{"href":"https:\/\/www.regionalis.shop\/huizbirn\/wp-json\/wp\/v2\/product"}],"about":[{"href":"https:\/\/www.regionalis.shop\/huizbirn\/wp-json\/wp\/v2\/types\/product"}],"wp:featuredmedia":[{"embeddable":true,"href":"https:\/\/www.regionalis.shop\/huizbirn\/wp-json\/wp\/v2\/media\/2498"}],"wp:attachment":[{"href":"https:\/\/www.regionalis.shop\/huizbirn\/wp-json\/wp\/v2\/media?parent=2497"}],"wp:term":[{"taxonomy":"product_brand","embeddable":true,"href":"https:\/\/www.regionalis.shop\/huizbirn\/wp-json\/wp\/v2\/product_brand?post=2497"},{"taxonomy":"product_cat","embeddable":true,"href":"https:\/\/www.regionalis.shop\/huizbirn\/wp-json\/wp\/v2\/product_cat?post=2497"},{"taxonomy":"product_tag","embeddable":true,"href":"https:\/\/www.regionalis.shop\/huizbirn\/wp-json\/wp\/v2\/product_tag?post=2497"}],"curies":[{"name":"wp","href":"https:\/\/api.w.org\/{rel}","templated":true}]}}