{"id":2506,"date":"2025-04-17T23:19:58","date_gmt":"2025-04-17T21:19:58","guid":{"rendered":"https:\/\/www.regionalis.shop\/huizbirn\/product\/holz-wanduhr-23x19-cm-wildkirsche-holzuhr-baumscheibenuhr-holzdeko\/"},"modified":"2025-04-17T23:19:58","modified_gmt":"2025-04-17T21:19:58","slug":"holz-wanduhr-23x19-cm-wildkirsche-holzuhr-baumscheibenuhr-holzdeko","status":"publish","type":"product","link":"https:\/\/www.regionalis.shop\/huizbirn\/shop\/holz-wanduhr-23x19-cm-wildkirsche-holzuhr-baumscheibenuhr-holzdeko\/","title":{"rendered":"Holz Wanduhr 23&#215;19 cm Wildkirsche Holzuhr Baumscheibenuhr Holzdeko"},"content":{"rendered":"<p>Wundersch\u00f6ne Holz Wanduhr aus steirischem Kirsch-Holz.\u00a0Ein absolutes Unikat eben!<br \/>\nDiese Wanduhr wird der Blickfang in Ihrem Zuhause. Sie passt mit ihrem wundersch\u00f6nem Design in jeden Raum, egal wie dieser eingerichtet ist &#8211; zeitlos und einzigartig.<\/p>\n<p>Kirschb\u00e4ume sind vor allem f\u00fcr ihre sch\u00f6ne Bl\u00fcte und ihre tollen Fr\u00fcchte bekannt. Sie liefern aber auch tolles Holz, wie f\u00fcr diese einzigartige Baumscheibenuhr.<\/p>\n<p>Ma\u00dfe: 23\u00a0x 19\u00a0cm<br \/>\nOberfl\u00e4che: fein geschliffen &#038; lebensmittelecht ge\u00f6lt<br \/>\nUhrwerk: hochwertiges Quartzuhrwerk<br \/>\nLieferumfang: Baumscheibe, Quartzuhrwerk mit Zeiger, Wandhaken (daher ist eine problemlose Wandmontage m\u00f6glich)<\/p>\n<p>PS: Holz ist ein Naturprodukt, leichte Abweichungen in Form, Farbe oder Maserung oder Risse vorbehalten und kein Reklamationsgrund!<\/p>\n<p>Wissenswertes zu Kirschholz:<\/p>\n<p>Kirschbaum-Holz ist f\u00fcr seine angenehme Farbe, die von zartem Rosa bis zu tiefem Braun variieren kann. Die Maserung oft ruhig und gleichm\u00e4\u00dfig, mitunter aber von lebhaften Streifen durchzogen. Kirschholz ist mittelfest, l\u00e4sst sich aber gut bearbeiten, wodurch es auch bei Drechslern beliebt ist. Kirschholz wird vorwiegend f\u00fcr M\u00f6bel, Vert\u00e4felungen, Intarsien oder Musikinstrumente eingesetzt.<\/p>\n","protected":false},"excerpt":{"rendered":"<p>Wundersch\u00f6ne Holz Wanduhr aus steirischem Kirsch-Holz.\u00a0Ein absolutes Unikat eben! Diese Wanduhr wird der Blickfang in Ihrem Zuhause. Sie passt mit ihrem wundersch\u00f6nem Design in jeden Raum, egal wie dieser eingerichtet ist &#8211; zeitlos und einzigartig. Kirschb\u00e4ume sind vor allem f\u00fcr ihre sch\u00f6ne Bl\u00fcte und ihre tollen Fr\u00fcchte bekannt. Sie liefern aber auch tolles Holz, wie &hellip; <a href=\"https:\/\/www.regionalis.shop\/huizbirn\/shop\/holz-wanduhr-23x19-cm-wildkirsche-holzuhr-baumscheibenuhr-holzdeko\/\">Continued<\/a><\/p>\n","protected":false},"featured_media":2507,"template":"","meta":{"_acf_changed":false},"product_brand":[],"product_cat":[174,103],"product_tag":[],"class_list":{"0":"post-2506","1":"product","2":"type-product","3":"status-publish","4":"has-post-thumbnail","6":"product_cat-wohndekoration","7":"product_cat-wohnen-deko","9":"first","10":"instock","11":"purchasable","12":"product-type-simple"},"acf":[],"_links":{"self":[{"href":"https:\/\/www.regionalis.shop\/huizbirn\/wp-json\/wp\/v2\/product\/2506","targetHints":{"allow":["GET"]}}],"collection":[{"href":"https:\/\/www.regionalis.shop\/huizbirn\/wp-json\/wp\/v2\/product"}],"about":[{"href":"https:\/\/www.regionalis.shop\/huizbirn\/wp-json\/wp\/v2\/types\/product"}],"wp:featuredmedia":[{"embeddable":true,"href":"https:\/\/www.regionalis.shop\/huizbirn\/wp-json\/wp\/v2\/media\/2507"}],"wp:attachment":[{"href":"https:\/\/www.regionalis.shop\/huizbirn\/wp-json\/wp\/v2\/media?parent=2506"}],"wp:term":[{"taxonomy":"product_brand","embeddable":true,"href":"https:\/\/www.regionalis.shop\/huizbirn\/wp-json\/wp\/v2\/product_brand?post=2506"},{"taxonomy":"product_cat","embeddable":true,"href":"https:\/\/www.regionalis.shop\/huizbirn\/wp-json\/wp\/v2\/product_cat?post=2506"},{"taxonomy":"product_tag","embeddable":true,"href":"https:\/\/www.regionalis.shop\/huizbirn\/wp-json\/wp\/v2\/product_tag?post=2506"}],"curies":[{"name":"wp","href":"https:\/\/api.w.org\/{rel}","templated":true}]}}