{"id":2515,"date":"2025-04-17T23:19:22","date_gmt":"2025-04-17T21:19:22","guid":{"rendered":"https:\/\/www.regionalis.shop\/huizbirn\/product\/holzkugelschreiber-drehkugelschreiber-apfel-handarbeit-geschenk\/"},"modified":"2025-04-17T23:19:22","modified_gmt":"2025-04-17T21:19:22","slug":"holzkugelschreiber-drehkugelschreiber-apfel-handarbeit-geschenk","status":"publish","type":"product","link":"https:\/\/www.regionalis.shop\/huizbirn\/shop\/holzkugelschreiber-drehkugelschreiber-apfel-handarbeit-geschenk\/","title":{"rendered":"Holzkugelschreiber Drehkugelschreiber Apfel Handarbeit Geschenk"},"content":{"rendered":"<p>Handgearbeiteter Drehkugelschreiber, verchromt und  handgefertigt aus \u00f6sterreichischem Apfel-Holz.<\/p>\n<p>Ein absolutes Unikat, welches Seinesgleichen sucht!<\/p>\n<p>&#8211; Bausatz von h\u00f6chster Qualit\u00e4t, verchromt<br \/>\n&#8211; Holzart:  Apfel, aus einem idylischen Obstgarten in der N\u00e4he von Hartberg<br \/>\n&#8211; die Holzoberfl\u00e4che wurde fein geschliffen und lebensmittelecht versiegelt<br \/>\n&#8211; kinderleichte Drehmechanik<br \/>\n&#8211; L\u00e4nge: ca. 13.5 cm<br \/>\n&#8211; Gro\u00dfraum Mine problemlos wechselbar, Tintenfarbe schwarz<br \/>\n&#8211; Lieferung erfolgt im handgefertigtem Stoff-T\u00e4schchen<\/p>\n<p>Jeder Kugelschreiber ist ein absolutes Unikat und ein ideales Geschenk.<\/p>\n<p>Eine tolle Geschenksidee zum Geburtstag, Weihnachten oder anderen Anlass.<\/p>\n","protected":false},"excerpt":{"rendered":"<p>Handgearbeiteter Drehkugelschreiber, verchromt und handgefertigt aus \u00f6sterreichischem Apfel-Holz. Ein absolutes Unikat, welches Seinesgleichen sucht! &#8211; Bausatz von h\u00f6chster Qualit\u00e4t, verchromt &#8211; Holzart: Apfel, aus einem idylischen Obstgarten in der N\u00e4he von Hartberg &#8211; die Holzoberfl\u00e4che wurde fein geschliffen und lebensmittelecht versiegelt &#8211; kinderleichte Drehmechanik &#8211; L\u00e4nge: ca. 13.5 cm &#8211; Gro\u00dfraum Mine problemlos wechselbar, Tintenfarbe &hellip; <a href=\"https:\/\/www.regionalis.shop\/huizbirn\/shop\/holzkugelschreiber-drehkugelschreiber-apfel-handarbeit-geschenk\/\">Continued<\/a><\/p>\n","protected":false},"featured_media":2516,"template":"","meta":{"_acf_changed":false},"product_brand":[],"product_cat":[62,72],"product_tag":[],"class_list":{"0":"post-2515","1":"product","2":"type-product","3":"status-publish","4":"has-post-thumbnail","6":"product_cat-papeterie-schreibwaren","7":"product_cat-schreibwaren","9":"first","10":"instock","11":"purchasable","12":"product-type-simple"},"acf":[],"_links":{"self":[{"href":"https:\/\/www.regionalis.shop\/huizbirn\/wp-json\/wp\/v2\/product\/2515","targetHints":{"allow":["GET"]}}],"collection":[{"href":"https:\/\/www.regionalis.shop\/huizbirn\/wp-json\/wp\/v2\/product"}],"about":[{"href":"https:\/\/www.regionalis.shop\/huizbirn\/wp-json\/wp\/v2\/types\/product"}],"wp:featuredmedia":[{"embeddable":true,"href":"https:\/\/www.regionalis.shop\/huizbirn\/wp-json\/wp\/v2\/media\/2516"}],"wp:attachment":[{"href":"https:\/\/www.regionalis.shop\/huizbirn\/wp-json\/wp\/v2\/media?parent=2515"}],"wp:term":[{"taxonomy":"product_brand","embeddable":true,"href":"https:\/\/www.regionalis.shop\/huizbirn\/wp-json\/wp\/v2\/product_brand?post=2515"},{"taxonomy":"product_cat","embeddable":true,"href":"https:\/\/www.regionalis.shop\/huizbirn\/wp-json\/wp\/v2\/product_cat?post=2515"},{"taxonomy":"product_tag","embeddable":true,"href":"https:\/\/www.regionalis.shop\/huizbirn\/wp-json\/wp\/v2\/product_tag?post=2515"}],"curies":[{"name":"wp","href":"https:\/\/api.w.org\/{rel}","templated":true}]}}