{"id":2518,"date":"2025-04-17T23:19:22","date_gmt":"2025-04-17T21:19:22","guid":{"rendered":"https:\/\/www.regionalis.shop\/huizbirn\/product\/holz-halskette-kirsche-3-cm-trachtenschmuck-holzschmuck-holz-amulett-holzkette\/"},"modified":"2025-04-17T23:19:22","modified_gmt":"2025-04-17T21:19:22","slug":"holz-halskette-kirsche-3-cm-trachtenschmuck-holzschmuck-holz-amulett-holzkette","status":"publish","type":"product","link":"https:\/\/www.regionalis.shop\/huizbirn\/shop\/holz-halskette-kirsche-3-cm-trachtenschmuck-holzschmuck-holz-amulett-holzkette\/","title":{"rendered":"Holz Halskette Kirsche 3 cm Trachtenschmuck Holzschmuck Holz Amulett Holzkette"},"content":{"rendered":"<p>Wundersch\u00f6ne Holz Halskette aus \u00f6sterreichischem Kirschholz. Ein einzigartiges Schmuckst\u00fcck, handgefertigt<br \/>\nund nachhaltig.<\/p>\n<p>Oberfl\u00e4che: fein geschliffen und ge\u00f6lt.<br \/>\nDurchmesser Anh\u00e4nger: 3 cm<br \/>\nL\u00e4nge Kette: ca. 45 cm, gr\u00f6\u00dfenverstellbar<br \/>\nVerschluss: Karabinerverschluss<\/p>\n<p>Ein wundersch\u00f6nes und einzigartiges Accessoires. Passt zu jedem Outfit und jedem Anlass.<\/p>\n<p>Schenken Sie sich selbst oder Ihren liebsten ein Unikat aus Holz. Egal ob zu Geburtstag, Namenstag, Ostern, Weihnachten, Hochzeit, Valentinstag, Verlobung oder anderen Anl\u00e4ssen.<\/p>\n","protected":false},"excerpt":{"rendered":"<p>Wundersch\u00f6ne Holz Halskette aus \u00f6sterreichischem Kirschholz. Ein einzigartiges Schmuckst\u00fcck, handgefertigt und nachhaltig. Oberfl\u00e4che: fein geschliffen und ge\u00f6lt. Durchmesser Anh\u00e4nger: 3 cm L\u00e4nge Kette: ca. 45 cm, gr\u00f6\u00dfenverstellbar Verschluss: Karabinerverschluss Ein wundersch\u00f6nes und einzigartiges Accessoires. Passt zu jedem Outfit und jedem Anlass. Schenken Sie sich selbst oder Ihren liebsten ein Unikat aus Holz. Egal ob zu &hellip; <a href=\"https:\/\/www.regionalis.shop\/huizbirn\/shop\/holz-halskette-kirsche-3-cm-trachtenschmuck-holzschmuck-holz-amulett-holzkette\/\">Continued<\/a><\/p>\n","protected":false},"featured_media":2519,"template":"","meta":{"_acf_changed":false},"product_brand":[],"product_cat":[141,70],"product_tag":[],"class_list":{"0":"post-2518","1":"product","2":"type-product","3":"status-publish","4":"has-post-thumbnail","6":"product_cat-halsketten","7":"product_cat-schmuck","9":"first","10":"instock","11":"purchasable","12":"product-type-simple"},"acf":[],"_links":{"self":[{"href":"https:\/\/www.regionalis.shop\/huizbirn\/wp-json\/wp\/v2\/product\/2518","targetHints":{"allow":["GET"]}}],"collection":[{"href":"https:\/\/www.regionalis.shop\/huizbirn\/wp-json\/wp\/v2\/product"}],"about":[{"href":"https:\/\/www.regionalis.shop\/huizbirn\/wp-json\/wp\/v2\/types\/product"}],"wp:featuredmedia":[{"embeddable":true,"href":"https:\/\/www.regionalis.shop\/huizbirn\/wp-json\/wp\/v2\/media\/2519"}],"wp:attachment":[{"href":"https:\/\/www.regionalis.shop\/huizbirn\/wp-json\/wp\/v2\/media?parent=2518"}],"wp:term":[{"taxonomy":"product_brand","embeddable":true,"href":"https:\/\/www.regionalis.shop\/huizbirn\/wp-json\/wp\/v2\/product_brand?post=2518"},{"taxonomy":"product_cat","embeddable":true,"href":"https:\/\/www.regionalis.shop\/huizbirn\/wp-json\/wp\/v2\/product_cat?post=2518"},{"taxonomy":"product_tag","embeddable":true,"href":"https:\/\/www.regionalis.shop\/huizbirn\/wp-json\/wp\/v2\/product_tag?post=2518"}],"curies":[{"name":"wp","href":"https:\/\/api.w.org\/{rel}","templated":true}]}}