{"id":2529,"date":"2025-04-17T23:19:22","date_gmt":"2025-04-17T21:19:22","guid":{"rendered":"https:\/\/www.regionalis.shop\/huizbirn\/product\/holz-schmuckset-ohrstecker-armband-armkette-ohrringe-kirsche-geschenkset\/"},"modified":"2025-04-17T23:19:22","modified_gmt":"2025-04-17T21:19:22","slug":"holz-schmuckset-ohrstecker-armband-armkette-ohrringe-kirsche-geschenkset","status":"publish","type":"product","link":"https:\/\/www.regionalis.shop\/huizbirn\/shop\/holz-schmuckset-ohrstecker-armband-armkette-ohrringe-kirsche-geschenkset\/","title":{"rendered":"Holz Schmuckset Ohrstecker Armband Armkette Ohrringe Kirsche Geschenkset"},"content":{"rendered":"<p>Ein wundersch\u00f6nes Schmuckset aus Ohrstecker und Armband aus \u00f6sterreichischem Kirsche Holz in Edelstahlfassung. Wenn Sie 2 wunderbare Unikate an Ihren Ohren und Hand<br \/>\ntragen m\u00f6chten, dann sind Sie genau richtig.<\/p>\n<p>Liebevolle Handarbeit mit H\u00f6lzern aus dem steirischen Wechselland.<\/p>\n<p>Gr\u00f6\u00dfe: Ohrstecker Durchmesser 1,5 cm, Armband Durchmesser: 2 cm<br \/>\nHolzart: Kirsche<br \/>\nIn Edelstahlfassung<\/p>\n<p>Schenken Sie sich selbst oder Ihren liebsten ein Unikat aus Holz. Egal ob zu Geburtstag, Namenstag, Ostern, Weihnachten, Hochzeit, Valentinstag, Verlobung oder anderen Anl\u00e4ssen.<\/p>\n","protected":false},"excerpt":{"rendered":"<p>Ein wundersch\u00f6nes Schmuckset aus Ohrstecker und Armband aus \u00f6sterreichischem Kirsche Holz in Edelstahlfassung. Wenn Sie 2 wunderbare Unikate an Ihren Ohren und Hand tragen m\u00f6chten, dann sind Sie genau richtig. Liebevolle Handarbeit mit H\u00f6lzern aus dem steirischen Wechselland. Gr\u00f6\u00dfe: Ohrstecker Durchmesser 1,5 cm, Armband Durchmesser: 2 cm Holzart: Kirsche In Edelstahlfassung Schenken Sie sich selbst &hellip; <a href=\"https:\/\/www.regionalis.shop\/huizbirn\/shop\/holz-schmuckset-ohrstecker-armband-armkette-ohrringe-kirsche-geschenkset\/\">Continued<\/a><\/p>\n","protected":false},"featured_media":2530,"template":"","meta":{"_acf_changed":false},"product_brand":[],"product_cat":[70,71],"product_tag":[],"class_list":{"0":"post-2529","1":"product","2":"type-product","3":"status-publish","4":"has-post-thumbnail","6":"product_cat-schmuck","7":"product_cat-schmucksets","9":"first","10":"instock","11":"purchasable","12":"product-type-simple"},"acf":[],"_links":{"self":[{"href":"https:\/\/www.regionalis.shop\/huizbirn\/wp-json\/wp\/v2\/product\/2529","targetHints":{"allow":["GET"]}}],"collection":[{"href":"https:\/\/www.regionalis.shop\/huizbirn\/wp-json\/wp\/v2\/product"}],"about":[{"href":"https:\/\/www.regionalis.shop\/huizbirn\/wp-json\/wp\/v2\/types\/product"}],"wp:featuredmedia":[{"embeddable":true,"href":"https:\/\/www.regionalis.shop\/huizbirn\/wp-json\/wp\/v2\/media\/2530"}],"wp:attachment":[{"href":"https:\/\/www.regionalis.shop\/huizbirn\/wp-json\/wp\/v2\/media?parent=2529"}],"wp:term":[{"taxonomy":"product_brand","embeddable":true,"href":"https:\/\/www.regionalis.shop\/huizbirn\/wp-json\/wp\/v2\/product_brand?post=2529"},{"taxonomy":"product_cat","embeddable":true,"href":"https:\/\/www.regionalis.shop\/huizbirn\/wp-json\/wp\/v2\/product_cat?post=2529"},{"taxonomy":"product_tag","embeddable":true,"href":"https:\/\/www.regionalis.shop\/huizbirn\/wp-json\/wp\/v2\/product_tag?post=2529"}],"curies":[{"name":"wp","href":"https:\/\/api.w.org\/{rel}","templated":true}]}}