{"id":2538,"date":"2025-04-17T23:19:05","date_gmt":"2025-04-17T21:19:05","guid":{"rendered":"https:\/\/www.regionalis.shop\/huizbirn\/product\/holz-flaschenoeffner-bieroeffner-kapselheber-walnuss-handmade-geschenk-gravur\/"},"modified":"2025-04-17T23:19:05","modified_gmt":"2025-04-17T21:19:05","slug":"holz-flaschenoeffner-bieroeffner-kapselheber-walnuss-handmade-geschenk-gravur","status":"publish","type":"product","link":"https:\/\/www.regionalis.shop\/huizbirn\/shop\/holz-flaschenoeffner-bieroeffner-kapselheber-walnuss-handmade-geschenk-gravur\/","title":{"rendered":"Holz Flaschen\u00f6ffner Bier\u00f6ffner Kapselheber Walnuss handmade Geschenk Gravur"},"content":{"rendered":"<p>Wundersch\u00f6ner handgearbeiteter Flaschen\u00f6ffner\/Kapselheber aus \u00f6sterreichischem Walnuss Holz. Der Bausatz ist 24 k vergoldet.<br \/>\nEin tolles Geschenk f\u00fcr jeden, der Freude an Holz hat oder einen Kapselheber ben\u00f6tigt.<\/p>\n<p>Handgearbeitet, geschliffen und versiegelt.<br \/>\nL\u00e4nge: ca. 14 cm<br \/>\nHolzart: Walnuss<br \/>\nBausatz: 24 k vergoldet<br \/>\nSie sind auf der Suche nach einem einzigartigen und nachhaltigen Geschenk? Dann sind Sie mit diesem Bier\u00f6ffner aus Walnuss gut beraten. Dieser Flaschen\u00f6ffner aus Holz sieht nicht nur gut aus, sondern liegt auch ideal in der Hand. Biere oder Flaschen zu \u00f6ffnen war noch nie so angenehm und nachhaltig!<\/p>\n<p>Wissenswertes zu Walnuss-Holz:<\/p>\n<p>Walnuss Holz ist eines der dunkelsten europ\u00e4ischen H\u00f6lzer. Es gilt als hart, aber l\u00e4sst sich gut bearbeiten. Da es sehr dekorativ ist, ist es in Innenr\u00e4umen sehr gefragt. Das Splintholz der Walnuss ist hell, das Kernholz hingegen sehr dunkel. Dieser tolle Kontrast ist beim M\u00f6belbau nat\u00fcrlich sehr begehrt. F\u00fcr diesen Flaschen\u00f6ffner aus Holz wurde leidglich \u00f6sterreichisches Holz verwendet &#8211; und kein Baum daf\u00fcr gef\u00e4llt!<\/p>\n","protected":false},"excerpt":{"rendered":"<p>Wundersch\u00f6ner handgearbeiteter Flaschen\u00f6ffner\/Kapselheber aus \u00f6sterreichischem Walnuss Holz. Der Bausatz ist 24 k vergoldet. Ein tolles Geschenk f\u00fcr jeden, der Freude an Holz hat oder einen Kapselheber ben\u00f6tigt. Handgearbeitet, geschliffen und versiegelt. L\u00e4nge: ca. 14 cm Holzart: Walnuss Bausatz: 24 k vergoldet Sie sind auf der Suche nach einem einzigartigen und nachhaltigen Geschenk? Dann sind Sie &hellip; <a href=\"https:\/\/www.regionalis.shop\/huizbirn\/shop\/holz-flaschenoeffner-bieroeffner-kapselheber-walnuss-handmade-geschenk-gravur\/\">Continued<\/a><\/p>\n","protected":false},"featured_media":2539,"template":"","meta":{"_acf_changed":false},"product_brand":[],"product_cat":[127,103],"product_tag":[],"class_list":{"0":"post-2538","1":"product","2":"type-product","3":"status-publish","4":"has-post-thumbnail","6":"product_cat-essen-trinken","7":"product_cat-wohnen-deko","9":"first","10":"instock","11":"purchasable","12":"product-type-simple"},"acf":[],"_links":{"self":[{"href":"https:\/\/www.regionalis.shop\/huizbirn\/wp-json\/wp\/v2\/product\/2538","targetHints":{"allow":["GET"]}}],"collection":[{"href":"https:\/\/www.regionalis.shop\/huizbirn\/wp-json\/wp\/v2\/product"}],"about":[{"href":"https:\/\/www.regionalis.shop\/huizbirn\/wp-json\/wp\/v2\/types\/product"}],"wp:featuredmedia":[{"embeddable":true,"href":"https:\/\/www.regionalis.shop\/huizbirn\/wp-json\/wp\/v2\/media\/2539"}],"wp:attachment":[{"href":"https:\/\/www.regionalis.shop\/huizbirn\/wp-json\/wp\/v2\/media?parent=2538"}],"wp:term":[{"taxonomy":"product_brand","embeddable":true,"href":"https:\/\/www.regionalis.shop\/huizbirn\/wp-json\/wp\/v2\/product_brand?post=2538"},{"taxonomy":"product_cat","embeddable":true,"href":"https:\/\/www.regionalis.shop\/huizbirn\/wp-json\/wp\/v2\/product_cat?post=2538"},{"taxonomy":"product_tag","embeddable":true,"href":"https:\/\/www.regionalis.shop\/huizbirn\/wp-json\/wp\/v2\/product_tag?post=2538"}],"curies":[{"name":"wp","href":"https:\/\/api.w.org\/{rel}","templated":true}]}}