{"id":2551,"date":"2025-04-17T23:19:05","date_gmt":"2025-04-17T21:19:05","guid":{"rendered":"https:\/\/www.regionalis.shop\/huizbirn\/product\/holz-schmuckset-reif-trachtenschmuck-ohrringe-holzschmuck-kirsche-geschenk\/"},"modified":"2025-04-17T23:19:05","modified_gmt":"2025-04-17T21:19:05","slug":"holz-schmuckset-reif-trachtenschmuck-ohrringe-holzschmuck-kirsche-geschenk","status":"publish","type":"product","link":"https:\/\/www.regionalis.shop\/huizbirn\/shop\/holz-schmuckset-reif-trachtenschmuck-ohrringe-holzschmuck-kirsche-geschenk\/","title":{"rendered":"Holz Schmuckset Reif Trachtenschmuck Ohrringe Holzschmuck Kirsche Geschenk"},"content":{"rendered":"<p>Wundersch\u00f6nes Schmuckset, bestehend aus Armreif und Ohrringe. Die Holzart ist Kirschholz aus dem oststeirischen Wechselland in \u00d6sterreich.<\/p>\n<p>Ein tolles Accessoire und absoluter Hingucker, passend zu Tracht oder sonstigen Anl\u00e4ssen. Liebevolle Handarbeit und ein handgefertigtes Unikat.<\/p>\n<p>Gr\u00f6\u00dfe: Durchmesser Ohrringe ca. 2 cm, Durchmesser Armreif ca. 2,2 cm<br \/>\nHolzart: Kirsche<br \/>\nMaterial: Edelstahl, verchromt (nickelfrei)<\/p>\n<p>Schenken Sie sich selbst oder Ihren liebsten ein Unikat aus Holz. Egal ob zu Geburtstag, Namenstag, Ostern, Weihnachten, Hochzeit, Valentinstag, Verlobung oder anderen Anl\u00e4ssen.<\/p>\n","protected":false},"excerpt":{"rendered":"<p>Wundersch\u00f6nes Schmuckset, bestehend aus Armreif und Ohrringe. Die Holzart ist Kirschholz aus dem oststeirischen Wechselland in \u00d6sterreich. Ein tolles Accessoire und absoluter Hingucker, passend zu Tracht oder sonstigen Anl\u00e4ssen. Liebevolle Handarbeit und ein handgefertigtes Unikat. Gr\u00f6\u00dfe: Durchmesser Ohrringe ca. 2 cm, Durchmesser Armreif ca. 2,2 cm Holzart: Kirsche Material: Edelstahl, verchromt (nickelfrei) Schenken Sie sich &hellip; <a href=\"https:\/\/www.regionalis.shop\/huizbirn\/shop\/holz-schmuckset-reif-trachtenschmuck-ohrringe-holzschmuck-kirsche-geschenk\/\">Continued<\/a><\/p>\n","protected":false},"featured_media":2552,"template":"","meta":{"_acf_changed":false},"product_brand":[],"product_cat":[110,70],"product_tag":[],"class_list":{"0":"post-2551","1":"product","2":"type-product","3":"status-publish","4":"has-post-thumbnail","6":"product_cat-armbaender","7":"product_cat-schmuck","9":"first","10":"instock","11":"purchasable","12":"product-type-simple"},"acf":[],"_links":{"self":[{"href":"https:\/\/www.regionalis.shop\/huizbirn\/wp-json\/wp\/v2\/product\/2551","targetHints":{"allow":["GET"]}}],"collection":[{"href":"https:\/\/www.regionalis.shop\/huizbirn\/wp-json\/wp\/v2\/product"}],"about":[{"href":"https:\/\/www.regionalis.shop\/huizbirn\/wp-json\/wp\/v2\/types\/product"}],"wp:featuredmedia":[{"embeddable":true,"href":"https:\/\/www.regionalis.shop\/huizbirn\/wp-json\/wp\/v2\/media\/2552"}],"wp:attachment":[{"href":"https:\/\/www.regionalis.shop\/huizbirn\/wp-json\/wp\/v2\/media?parent=2551"}],"wp:term":[{"taxonomy":"product_brand","embeddable":true,"href":"https:\/\/www.regionalis.shop\/huizbirn\/wp-json\/wp\/v2\/product_brand?post=2551"},{"taxonomy":"product_cat","embeddable":true,"href":"https:\/\/www.regionalis.shop\/huizbirn\/wp-json\/wp\/v2\/product_cat?post=2551"},{"taxonomy":"product_tag","embeddable":true,"href":"https:\/\/www.regionalis.shop\/huizbirn\/wp-json\/wp\/v2\/product_tag?post=2551"}],"curies":[{"name":"wp","href":"https:\/\/api.w.org\/{rel}","templated":true}]}}