{"id":2575,"date":"2025-04-17T23:18:56","date_gmt":"2025-04-17T21:18:56","guid":{"rendered":"https:\/\/www.regionalis.shop\/huizbirn\/product\/holz-fueller-fuellfeder-fuellfederhalter-esche-magnetverschluss-handmade\/"},"modified":"2025-04-17T23:18:56","modified_gmt":"2025-04-17T21:18:56","slug":"holz-fueller-fuellfeder-fuellfederhalter-esche-magnetverschluss-handmade","status":"publish","type":"product","link":"https:\/\/www.regionalis.shop\/huizbirn\/shop\/holz-fueller-fuellfeder-fuellfederhalter-esche-magnetverschluss-handmade\/","title":{"rendered":"Holz F\u00fcller F\u00fcllfeder F\u00fcllfederhalter Esche Magnetverschluss handmade"},"content":{"rendered":"<p>Handgearbeitete F\u00fcllfeder mit Magnet-Kappe, handgefertigt aus \u00f6sterreichischem Eschen-Holz.<\/p>\n<p>Eine tolle Geschenksidee zum Geburtstag, Weihnachten oder anderen Anlass.<\/p>\n<p>Holzart: Esche<br \/>\nOberfl\u00e4che fein geschliffen, lebensmittelecht ge\u00f6lt &#038; \u00a0versiegelt. Dadurch ist dauerhafter Schutz gew\u00e4hrleistet.<br \/>\nHandarbeit, Bausatzfarbe: gun metallic<br \/>\nLieferung erfolgt im handgefertigtem Stoff-T\u00e4schchen<br \/>\nL\u00e4nge ca. 14\u00a0cm, mit handels\u00fcblichen Tintenpatronen bef\u00fcllbar<\/p>\n<p>Jede F\u00fcllfeder ist ein absolutes Unikat und ein ideales Geschenk.<\/p>\n","protected":false},"excerpt":{"rendered":"<p>Handgearbeitete F\u00fcllfeder mit Magnet-Kappe, handgefertigt aus \u00f6sterreichischem Eschen-Holz. Eine tolle Geschenksidee zum Geburtstag, Weihnachten oder anderen Anlass. Holzart: Esche Oberfl\u00e4che fein geschliffen, lebensmittelecht ge\u00f6lt &#038; \u00a0versiegelt. Dadurch ist dauerhafter Schutz gew\u00e4hrleistet. Handarbeit, Bausatzfarbe: gun metallic Lieferung erfolgt im handgefertigtem Stoff-T\u00e4schchen L\u00e4nge ca. 14\u00a0cm, mit handels\u00fcblichen Tintenpatronen bef\u00fcllbar Jede F\u00fcllfeder ist ein absolutes Unikat und ein &hellip; <a href=\"https:\/\/www.regionalis.shop\/huizbirn\/shop\/holz-fueller-fuellfeder-fuellfederhalter-esche-magnetverschluss-handmade\/\">Continued<\/a><\/p>\n","protected":false},"featured_media":2576,"template":"","meta":{"_acf_changed":false},"product_brand":[],"product_cat":[161,62],"product_tag":[],"class_list":{"0":"post-2575","1":"product","2":"type-product","3":"status-publish","4":"has-post-thumbnail","6":"product_cat-notizhefte-skizzenbuecher","7":"product_cat-papeterie-schreibwaren","9":"first","10":"instock","11":"purchasable","12":"product-type-simple"},"acf":[],"_links":{"self":[{"href":"https:\/\/www.regionalis.shop\/huizbirn\/wp-json\/wp\/v2\/product\/2575","targetHints":{"allow":["GET"]}}],"collection":[{"href":"https:\/\/www.regionalis.shop\/huizbirn\/wp-json\/wp\/v2\/product"}],"about":[{"href":"https:\/\/www.regionalis.shop\/huizbirn\/wp-json\/wp\/v2\/types\/product"}],"wp:featuredmedia":[{"embeddable":true,"href":"https:\/\/www.regionalis.shop\/huizbirn\/wp-json\/wp\/v2\/media\/2576"}],"wp:attachment":[{"href":"https:\/\/www.regionalis.shop\/huizbirn\/wp-json\/wp\/v2\/media?parent=2575"}],"wp:term":[{"taxonomy":"product_brand","embeddable":true,"href":"https:\/\/www.regionalis.shop\/huizbirn\/wp-json\/wp\/v2\/product_brand?post=2575"},{"taxonomy":"product_cat","embeddable":true,"href":"https:\/\/www.regionalis.shop\/huizbirn\/wp-json\/wp\/v2\/product_cat?post=2575"},{"taxonomy":"product_tag","embeddable":true,"href":"https:\/\/www.regionalis.shop\/huizbirn\/wp-json\/wp\/v2\/product_tag?post=2575"}],"curies":[{"name":"wp","href":"https:\/\/api.w.org\/{rel}","templated":true}]}}