{"id":2600,"date":"2025-04-17T23:17:20","date_gmt":"2025-04-17T21:17:20","guid":{"rendered":"https:\/\/www.regionalis.shop\/huizbirn\/product\/holz-briefoeffner-aus-holz-essigbaum-handarbeit-unikat-geschenk-gravur\/"},"modified":"2025-04-17T23:17:20","modified_gmt":"2025-04-17T21:17:20","slug":"holz-briefoeffner-aus-holz-essigbaum-handarbeit-unikat-geschenk-gravur","status":"publish","type":"product","link":"https:\/\/www.regionalis.shop\/huizbirn\/shop\/holz-briefoeffner-aus-holz-essigbaum-handarbeit-unikat-geschenk-gravur\/","title":{"rendered":"Holz Brief\u00f6ffner aus Holz Essigbaum Handarbeit Unikat Geschenk Gravur"},"content":{"rendered":"<p>Handgearbeiteter Brief\u00f6ffner, handgefertigt aus \u00f6sterreichischem Essigbaum-Holz.<\/p>\n<p>Ein absolutes Unikat!<\/p>\n<p>L\u00e4nge ca. 15 cm, Bausatz Farbe vergoldet.<\/p>\n<p>&#8211;Achtung: Gegen Aufpreis von 8 \u20ac auch Wunschgravur (Namen, etc&#8230;) m\u00f6glich &#8211; einfach bei der Bestellung bekanntgeben.&#8211;<\/p>\n<p>Die Oberfl\u00e4che des Holzes wurde gedrechselt, geschliffen und lebensmittelecht versiegelt!<\/p>\n<p>Ein absolutes Unikat und ein ideales Geschenk.<\/p>\n<p>Eine tolle Geschenksidee zum Geburtstag, Weihnachten oder anderen Anlass.<\/p>\n","protected":false},"excerpt":{"rendered":"<p>Handgearbeiteter Brief\u00f6ffner, handgefertigt aus \u00f6sterreichischem Essigbaum-Holz. Ein absolutes Unikat! L\u00e4nge ca. 15 cm, Bausatz Farbe vergoldet. &#8211;Achtung: Gegen Aufpreis von 8 \u20ac auch Wunschgravur (Namen, etc&#8230;) m\u00f6glich &#8211; einfach bei der Bestellung bekanntgeben.&#8211; Die Oberfl\u00e4che des Holzes wurde gedrechselt, geschliffen und lebensmittelecht versiegelt! Ein absolutes Unikat und ein ideales Geschenk. Eine tolle Geschenksidee zum Geburtstag, &hellip; <a href=\"https:\/\/www.regionalis.shop\/huizbirn\/shop\/holz-briefoeffner-aus-holz-essigbaum-handarbeit-unikat-geschenk-gravur\/\">Continued<\/a><\/p>\n","protected":false},"featured_media":2601,"template":"","meta":{"_acf_changed":false},"product_brand":[],"product_cat":[119,62],"product_tag":[],"class_list":{"0":"post-2600","1":"product","2":"type-product","3":"status-publish","4":"has-post-thumbnail","6":"product_cat-buerobedarf","7":"product_cat-papeterie-schreibwaren","9":"first","10":"instock","11":"purchasable","12":"product-type-simple"},"acf":[],"_links":{"self":[{"href":"https:\/\/www.regionalis.shop\/huizbirn\/wp-json\/wp\/v2\/product\/2600","targetHints":{"allow":["GET"]}}],"collection":[{"href":"https:\/\/www.regionalis.shop\/huizbirn\/wp-json\/wp\/v2\/product"}],"about":[{"href":"https:\/\/www.regionalis.shop\/huizbirn\/wp-json\/wp\/v2\/types\/product"}],"wp:featuredmedia":[{"embeddable":true,"href":"https:\/\/www.regionalis.shop\/huizbirn\/wp-json\/wp\/v2\/media\/2601"}],"wp:attachment":[{"href":"https:\/\/www.regionalis.shop\/huizbirn\/wp-json\/wp\/v2\/media?parent=2600"}],"wp:term":[{"taxonomy":"product_brand","embeddable":true,"href":"https:\/\/www.regionalis.shop\/huizbirn\/wp-json\/wp\/v2\/product_brand?post=2600"},{"taxonomy":"product_cat","embeddable":true,"href":"https:\/\/www.regionalis.shop\/huizbirn\/wp-json\/wp\/v2\/product_cat?post=2600"},{"taxonomy":"product_tag","embeddable":true,"href":"https:\/\/www.regionalis.shop\/huizbirn\/wp-json\/wp\/v2\/product_tag?post=2600"}],"curies":[{"name":"wp","href":"https:\/\/api.w.org\/{rel}","templated":true}]}}