{"id":2627,"date":"2025-04-17T23:14:01","date_gmt":"2025-04-17T21:14:01","guid":{"rendered":"https:\/\/www.regionalis.shop\/huizbirn\/product\/holz-kugelschreiber-drehkugelschreiber-eiche-unikat-handmade\/"},"modified":"2025-04-17T23:14:01","modified_gmt":"2025-04-17T21:14:01","slug":"holz-kugelschreiber-drehkugelschreiber-eiche-unikat-handmade","status":"publish","type":"product","link":"https:\/\/www.regionalis.shop\/huizbirn\/shop\/holz-kugelschreiber-drehkugelschreiber-eiche-unikat-handmade\/","title":{"rendered":"Holz Kugelschreiber Drehkugelschreiber Eiche Unikat handmade"},"content":{"rendered":"<p>Handgearbeiteter Kugelschreiber, handgefertigt aus \u00f6sterreichischem Eichen-Holz. In seinen Schattierungen und Farbspielen einmalig!<br \/>\nEin absolutes Unikat &#8211; zusammen mit dem hochwertigen Bausatz ein perfektes Schreibger\u00e4t!<\/p>\n<p>Eckdaten:<\/p>\n<p>    Mine problemlos wechselbar<br \/>\n    Tintenfarbe schwarz<br \/>\n    Lieferung erfolgt im handgefertigtem Stoff-T\u00e4schchen<br \/>\n    L\u00e4nge ca. 13.5 cm, Bausatz Farbe 24 Karat vergoldet.<\/p>\n<p>Die Oberfl\u00e4che des Holzes wurde gedrechselt, fein geschliffen und anschlie\u00dfend lebensmittelecht versiegelt.<br \/>\nDadurch ist dauerhafter Schutz gew\u00e4hrleistet.<\/p>\n<p>Jeder Kugelschreiber ist ein absolutes Unikat und ein ideales Geschenk.<\/p>\n<p>Eine tolle Geschenksidee zum Geburtstag, Weihnachten oder anderen Anlass.<\/p>\n","protected":false},"excerpt":{"rendered":"<p>Handgearbeiteter Kugelschreiber, handgefertigt aus \u00f6sterreichischem Eichen-Holz. In seinen Schattierungen und Farbspielen einmalig! Ein absolutes Unikat &#8211; zusammen mit dem hochwertigen Bausatz ein perfektes Schreibger\u00e4t! Eckdaten: Mine problemlos wechselbar Tintenfarbe schwarz Lieferung erfolgt im handgefertigtem Stoff-T\u00e4schchen L\u00e4nge ca. 13.5 cm, Bausatz Farbe 24 Karat vergoldet. Die Oberfl\u00e4che des Holzes wurde gedrechselt, fein geschliffen und anschlie\u00dfend lebensmittelecht &hellip; <a href=\"https:\/\/www.regionalis.shop\/huizbirn\/shop\/holz-kugelschreiber-drehkugelschreiber-eiche-unikat-handmade\/\">Continued<\/a><\/p>\n","protected":false},"featured_media":2628,"template":"","meta":{"_acf_changed":false},"product_brand":[],"product_cat":[62,72],"product_tag":[],"class_list":{"0":"post-2627","1":"product","2":"type-product","3":"status-publish","4":"has-post-thumbnail","6":"product_cat-papeterie-schreibwaren","7":"product_cat-schreibwaren","9":"first","10":"instock","11":"purchasable","12":"product-type-simple"},"acf":[],"_links":{"self":[{"href":"https:\/\/www.regionalis.shop\/huizbirn\/wp-json\/wp\/v2\/product\/2627","targetHints":{"allow":["GET"]}}],"collection":[{"href":"https:\/\/www.regionalis.shop\/huizbirn\/wp-json\/wp\/v2\/product"}],"about":[{"href":"https:\/\/www.regionalis.shop\/huizbirn\/wp-json\/wp\/v2\/types\/product"}],"wp:featuredmedia":[{"embeddable":true,"href":"https:\/\/www.regionalis.shop\/huizbirn\/wp-json\/wp\/v2\/media\/2628"}],"wp:attachment":[{"href":"https:\/\/www.regionalis.shop\/huizbirn\/wp-json\/wp\/v2\/media?parent=2627"}],"wp:term":[{"taxonomy":"product_brand","embeddable":true,"href":"https:\/\/www.regionalis.shop\/huizbirn\/wp-json\/wp\/v2\/product_brand?post=2627"},{"taxonomy":"product_cat","embeddable":true,"href":"https:\/\/www.regionalis.shop\/huizbirn\/wp-json\/wp\/v2\/product_cat?post=2627"},{"taxonomy":"product_tag","embeddable":true,"href":"https:\/\/www.regionalis.shop\/huizbirn\/wp-json\/wp\/v2\/product_tag?post=2627"}],"curies":[{"name":"wp","href":"https:\/\/api.w.org\/{rel}","templated":true}]}}