{"id":2631,"date":"2025-04-17T23:14:01","date_gmt":"2025-04-17T21:14:01","guid":{"rendered":"https:\/\/www.regionalis.shop\/huizbirn\/product\/holz-kugelschreiber-drehkugelschreiber-birne-unikat-handmade\/"},"modified":"2025-04-17T23:14:01","modified_gmt":"2025-04-17T21:14:01","slug":"holz-kugelschreiber-drehkugelschreiber-birne-unikat-handmade","status":"publish","type":"product","link":"https:\/\/www.regionalis.shop\/huizbirn\/shop\/holz-kugelschreiber-drehkugelschreiber-birne-unikat-handmade\/","title":{"rendered":"Holz Kugelschreiber Drehkugelschreiber Birne Unikat handmade"},"content":{"rendered":"<p>Handgearbeiteter Kugelschreiber, handgefertigt aus \u00f6sterreichischem Birnen-Holz. In seinen Schattierungen und Farbspielen einmalig!<\/p>\n<p>Ein absolutes Unikat!<\/p>\n<p>&#8211; kinderleichter Drehmechanismus<br \/>\n&#8211; wechselbare, handels\u00fcbliche Kugelschreibermine<br \/>\n\u00a0&#8211; hochwertiger Bausatz, \u00a0L\u00e4nge ca. 13.5 cm, Bausatz Farbe gun metallic<br \/>\n&#8211; Lieferung inkl. Samt T\u00e4schchen<br \/>\n&#8211; Oberfl\u00e4che gedrechselt, fein geschliffen, ge\u00f6lt und lebensmittelecht versiegelt<\/p>\n<p>Jeder Kugelschreiber ist ein absolutes Unikat und ein ideales Geschenk.<\/p>\n<p>Eine tolle Geschenksidee zum Geburtstag, Weihnachten oder anderen Anlass.<\/p>\n","protected":false},"excerpt":{"rendered":"<p>Handgearbeiteter Kugelschreiber, handgefertigt aus \u00f6sterreichischem Birnen-Holz. In seinen Schattierungen und Farbspielen einmalig! Ein absolutes Unikat! &#8211; kinderleichter Drehmechanismus &#8211; wechselbare, handels\u00fcbliche Kugelschreibermine \u00a0&#8211; hochwertiger Bausatz, \u00a0L\u00e4nge ca. 13.5 cm, Bausatz Farbe gun metallic &#8211; Lieferung inkl. Samt T\u00e4schchen &#8211; Oberfl\u00e4che gedrechselt, fein geschliffen, ge\u00f6lt und lebensmittelecht versiegelt Jeder Kugelschreiber ist ein absolutes Unikat und ein &hellip; <a href=\"https:\/\/www.regionalis.shop\/huizbirn\/shop\/holz-kugelschreiber-drehkugelschreiber-birne-unikat-handmade\/\">Continued<\/a><\/p>\n","protected":false},"featured_media":2632,"template":"","meta":{"_acf_changed":false},"product_brand":[],"product_cat":[62,72],"product_tag":[],"class_list":{"0":"post-2631","1":"product","2":"type-product","3":"status-publish","4":"has-post-thumbnail","6":"product_cat-papeterie-schreibwaren","7":"product_cat-schreibwaren","9":"first","10":"instock","11":"purchasable","12":"product-type-simple"},"acf":[],"_links":{"self":[{"href":"https:\/\/www.regionalis.shop\/huizbirn\/wp-json\/wp\/v2\/product\/2631","targetHints":{"allow":["GET"]}}],"collection":[{"href":"https:\/\/www.regionalis.shop\/huizbirn\/wp-json\/wp\/v2\/product"}],"about":[{"href":"https:\/\/www.regionalis.shop\/huizbirn\/wp-json\/wp\/v2\/types\/product"}],"wp:featuredmedia":[{"embeddable":true,"href":"https:\/\/www.regionalis.shop\/huizbirn\/wp-json\/wp\/v2\/media\/2632"}],"wp:attachment":[{"href":"https:\/\/www.regionalis.shop\/huizbirn\/wp-json\/wp\/v2\/media?parent=2631"}],"wp:term":[{"taxonomy":"product_brand","embeddable":true,"href":"https:\/\/www.regionalis.shop\/huizbirn\/wp-json\/wp\/v2\/product_brand?post=2631"},{"taxonomy":"product_cat","embeddable":true,"href":"https:\/\/www.regionalis.shop\/huizbirn\/wp-json\/wp\/v2\/product_cat?post=2631"},{"taxonomy":"product_tag","embeddable":true,"href":"https:\/\/www.regionalis.shop\/huizbirn\/wp-json\/wp\/v2\/product_tag?post=2631"}],"curies":[{"name":"wp","href":"https:\/\/api.w.org\/{rel}","templated":true}]}}