{"id":2642,"date":"2025-04-17T23:12:45","date_gmt":"2025-04-17T21:12:45","guid":{"rendered":"https:\/\/www.regionalis.shop\/huizbirn\/product\/holz-fuellfeder-fueller-mit-schraubkappe-walnuss-handarbeit\/"},"modified":"2025-04-17T23:12:45","modified_gmt":"2025-04-17T21:12:45","slug":"holz-fuellfeder-fueller-mit-schraubkappe-walnuss-handarbeit","status":"publish","type":"product","link":"https:\/\/www.regionalis.shop\/huizbirn\/shop\/holz-fuellfeder-fueller-mit-schraubkappe-walnuss-handarbeit\/","title":{"rendered":"Holz F\u00fcllfeder F\u00fcller mit Schraubkappe Walnuss Handarbeit"},"content":{"rendered":"<p>Handgearbeitete F\u00fcllfeder mit Schraubkappe, handgefertigt aus \u00f6sterreichischem Walnuss-Holz.<\/p>\n<p>Ein absolutes Unikat!<\/p>\n<p>Eckdaten:<br \/>\nTintenkammer mit Platz f\u00fcr 2 Patronen<br \/>\nLieferung erfolgt im handgefertigtem Stoff-T\u00e4schchen<br \/>\nL\u00e4nge ca. 13.5 cm, Bausatz-Farbe: Silber<\/p>\n<p>Die Oberfl\u00e4che des Holzes wurde fein geschliffen und lebensmittelecht versiegelt!<\/p>\n<p>Jedes Schreibger\u00e4t ist ein absolutes Unikat und ein ideales Geschenk.<\/p>\n<p>Eine tolle Geschenksidee zum Geburtstag, Weihnachten oder anderen Anlass.<\/p>\n","protected":false},"excerpt":{"rendered":"<p>Handgearbeitete F\u00fcllfeder mit Schraubkappe, handgefertigt aus \u00f6sterreichischem Walnuss-Holz. Ein absolutes Unikat! Eckdaten: Tintenkammer mit Platz f\u00fcr 2 Patronen Lieferung erfolgt im handgefertigtem Stoff-T\u00e4schchen L\u00e4nge ca. 13.5 cm, Bausatz-Farbe: Silber Die Oberfl\u00e4che des Holzes wurde fein geschliffen und lebensmittelecht versiegelt! Jedes Schreibger\u00e4t ist ein absolutes Unikat und ein ideales Geschenk. Eine tolle Geschenksidee zum Geburtstag, Weihnachten &hellip; <a href=\"https:\/\/www.regionalis.shop\/huizbirn\/shop\/holz-fuellfeder-fueller-mit-schraubkappe-walnuss-handarbeit\/\">Continued<\/a><\/p>\n","protected":false},"featured_media":2643,"template":"","meta":{"_acf_changed":false},"product_brand":[],"product_cat":[62,72],"product_tag":[],"class_list":{"0":"post-2642","1":"product","2":"type-product","3":"status-publish","4":"has-post-thumbnail","6":"product_cat-papeterie-schreibwaren","7":"product_cat-schreibwaren","9":"first","10":"instock","11":"purchasable","12":"product-type-simple"},"acf":[],"_links":{"self":[{"href":"https:\/\/www.regionalis.shop\/huizbirn\/wp-json\/wp\/v2\/product\/2642","targetHints":{"allow":["GET"]}}],"collection":[{"href":"https:\/\/www.regionalis.shop\/huizbirn\/wp-json\/wp\/v2\/product"}],"about":[{"href":"https:\/\/www.regionalis.shop\/huizbirn\/wp-json\/wp\/v2\/types\/product"}],"wp:featuredmedia":[{"embeddable":true,"href":"https:\/\/www.regionalis.shop\/huizbirn\/wp-json\/wp\/v2\/media\/2643"}],"wp:attachment":[{"href":"https:\/\/www.regionalis.shop\/huizbirn\/wp-json\/wp\/v2\/media?parent=2642"}],"wp:term":[{"taxonomy":"product_brand","embeddable":true,"href":"https:\/\/www.regionalis.shop\/huizbirn\/wp-json\/wp\/v2\/product_brand?post=2642"},{"taxonomy":"product_cat","embeddable":true,"href":"https:\/\/www.regionalis.shop\/huizbirn\/wp-json\/wp\/v2\/product_cat?post=2642"},{"taxonomy":"product_tag","embeddable":true,"href":"https:\/\/www.regionalis.shop\/huizbirn\/wp-json\/wp\/v2\/product_tag?post=2642"}],"curies":[{"name":"wp","href":"https:\/\/api.w.org\/{rel}","templated":true}]}}