{"id":2668,"date":"2025-04-17T23:12:08","date_gmt":"2025-04-17T21:12:08","guid":{"rendered":"https:\/\/www.regionalis.shop\/huizbirn\/product\/holz-kugelschreiber-drehkugelschreiber-zwetschke-handarbeit-unikat\/"},"modified":"2025-04-17T23:12:08","modified_gmt":"2025-04-17T21:12:08","slug":"holz-kugelschreiber-drehkugelschreiber-zwetschke-handarbeit-unikat","status":"publish","type":"product","link":"https:\/\/www.regionalis.shop\/huizbirn\/shop\/holz-kugelschreiber-drehkugelschreiber-zwetschke-handarbeit-unikat\/","title":{"rendered":"Holz Kugelschreiber Drehkugelschreiber Zwetschke Handarbeit unikat"},"content":{"rendered":"<p>Sie m\u00f6chten ein einzigartiges &#8211;Schreibger\u00e4t?&#8211;<br \/>\nDann sind Sie bei diesem Drehkugelschreiber aus &#8212; \u00f6sterreichischem Zwetschkenholz&#8211; genau richtig. Einzigartige Optik des Zwetschkenholzes, vereint mit angenehmer Haptik des Holzes.<\/p>\n<p>Durch die &#8211;hochwertiges Qualit\u00e4t&#8211; des Stift-Bausatzes, sowie des kinderleichten Drehmechanismus wird Schreibarbeit zum Vergn\u00fcgen.<\/p>\n<p>Bei der Mine des Kugelschreibers handelt es sich um eine handels\u00fcbliche, &#8211;wechselbare Gro\u00dfraummine&#8211;. Die Oberfl\u00e4che des Schreibers wurde fein geschliffen und lebensmittelecht ge\u00f6lt. Dadurch ist &#8211;dauerhafter Schutz&#8211; gew\u00e4hrleistet und Sie k\u00f6nnen sich lange an Ihrem Drehkugelschreiber erfreuen.<\/p>\n<p>Zwetschkenholz gilt als hartes und robustes Holz. Weiters ist es aufgrund seiner auff\u00e4lligen F\u00e4rbung sehr begehrt.<\/p>\n<p>&#8211;Bausatz: hochwertiger Drehmechanismus, verchromt&#8211;<br \/>\n&#8211;Holzart: \u00f6sterreichisches Zwetschkenholz&#8211;<br \/>\n&#8211;Mine: problemlos wechselbar&#8211;<br \/>\n&#8211;Oberfl\u00e4che: fein geschliffen, lebensmittelecht ge\u00f6lt&#8211;<\/p>\n<p>Jedes Schreibger\u00e4t ist ein &#8211;absolutes Unikat&#8211; und ein ideales Geschenk.<\/p>\n<p>Eine tolle Geschenksidee zum Geburtstag, Weihnachten oder anderen Anlass.<\/p>\n","protected":false},"excerpt":{"rendered":"<p>Sie m\u00f6chten ein einzigartiges &#8211;Schreibger\u00e4t?&#8211; Dann sind Sie bei diesem Drehkugelschreiber aus &#8212; \u00f6sterreichischem Zwetschkenholz&#8211; genau richtig. Einzigartige Optik des Zwetschkenholzes, vereint mit angenehmer Haptik des Holzes. Durch die &#8211;hochwertiges Qualit\u00e4t&#8211; des Stift-Bausatzes, sowie des kinderleichten Drehmechanismus wird Schreibarbeit zum Vergn\u00fcgen. Bei der Mine des Kugelschreibers handelt es sich um eine handels\u00fcbliche, &#8211;wechselbare Gro\u00dfraummine&#8211;. Die &hellip; <a href=\"https:\/\/www.regionalis.shop\/huizbirn\/shop\/holz-kugelschreiber-drehkugelschreiber-zwetschke-handarbeit-unikat\/\">Continued<\/a><\/p>\n","protected":false},"featured_media":2669,"template":"","meta":{"_acf_changed":false},"product_brand":[],"product_cat":[62,72],"product_tag":[],"class_list":{"0":"post-2668","1":"product","2":"type-product","3":"status-publish","4":"has-post-thumbnail","6":"product_cat-papeterie-schreibwaren","7":"product_cat-schreibwaren","9":"first","10":"instock","11":"purchasable","12":"product-type-simple"},"acf":[],"_links":{"self":[{"href":"https:\/\/www.regionalis.shop\/huizbirn\/wp-json\/wp\/v2\/product\/2668","targetHints":{"allow":["GET"]}}],"collection":[{"href":"https:\/\/www.regionalis.shop\/huizbirn\/wp-json\/wp\/v2\/product"}],"about":[{"href":"https:\/\/www.regionalis.shop\/huizbirn\/wp-json\/wp\/v2\/types\/product"}],"wp:featuredmedia":[{"embeddable":true,"href":"https:\/\/www.regionalis.shop\/huizbirn\/wp-json\/wp\/v2\/media\/2669"}],"wp:attachment":[{"href":"https:\/\/www.regionalis.shop\/huizbirn\/wp-json\/wp\/v2\/media?parent=2668"}],"wp:term":[{"taxonomy":"product_brand","embeddable":true,"href":"https:\/\/www.regionalis.shop\/huizbirn\/wp-json\/wp\/v2\/product_brand?post=2668"},{"taxonomy":"product_cat","embeddable":true,"href":"https:\/\/www.regionalis.shop\/huizbirn\/wp-json\/wp\/v2\/product_cat?post=2668"},{"taxonomy":"product_tag","embeddable":true,"href":"https:\/\/www.regionalis.shop\/huizbirn\/wp-json\/wp\/v2\/product_tag?post=2668"}],"curies":[{"name":"wp","href":"https:\/\/api.w.org\/{rel}","templated":true}]}}